{"id":12496,"date":"2024-02-19T15:56:15","date_gmt":"2024-02-19T14:56:15","guid":{"rendered":"https:\/\/bunzyland.com\/product\/spielzeug-fuer-kaninchen-schnuffelmatte\/"},"modified":"2025-09-12T14:28:19","modified_gmt":"2025-09-12T12:28:19","slug":"spielzeug-fuer-kaninchen-schnuffelmatte","status":"publish","type":"product","link":"https:\/\/www.bunzyland.com\/de\/produkt\/spielzeug-fuer-kaninchen-schnuffelmatte\/","title":{"rendered":"Spielzeug f\u00fcr Kaninchen Schnuffelmatte"},"content":{"rendered":"<h2><b>Spielzeug f\u00fcr Kaninchen: eine<\/b><b> stimulierende Schnuffelmatte<\/b><\/h2>\n<p>Dieses <strong>Spielzeug f\u00fcr Kaninchen Schnuffelmatte<\/strong> ist eine der besten M\u00f6glichkeiten, Ihr Haustier zu unterhalten. Dieses <strong>Kaninchenspielzeug<\/strong> f\u00f6rdert die Sinne, die Intelligenz und die Wachsamkeit Ihres Haustiers. Und das alles, w\u00e4hrend Sie Spa\u00df und eine gute Zeit haben. Au\u00dferdem hilft es Ihrem Kaninchen, Langeweile und die daraus resultierende Angst zu bek\u00e4mpfen.<\/p>\n<p><img fetchpriority=\"high\" decoding=\"async\" class=\"alignnone wp-image-9068\" src=\"https:\/\/mon-lapinnain.com\/wp-content\/uploads\/2022\/07\/Tapis-de-fouille-lapin.jpg\" alt=\"Schnuffelmatte f\u00fcr Kaninchen\" width=\"600\" height=\"600\"><\/p>\n<p>Neben dem geistigen Wohlbefinden Ihres Kaninchens bietet diese <strong>Kaninchenfuttermatte<\/strong> Ihrem pelzigen Freund auch k\u00f6rperliche Aktivit\u00e4t und h\u00e4lt ihn fit und gesund.<\/p>\n<p>Diese Art von <strong>Hasenspielzeug<\/strong> tr\u00e4gt dazu bei, eine Bindung zwischen Ihnen und Ihrem treuen Begleiter zu schaffen und das Vertrauen, das er zu Ihnen hat, zu erhalten.<\/p>\n<h3>Wie benutzt man dieses Kaninchenspielzeug?<\/h3>\n<p>Dieses stimulierende <strong>Kaninchen-Grabspielzeug<\/strong> ist sehr unterhaltsam und super einfach zu benutzen. Um mit Ihrem Hasen zu spielen, legen Sie seine Lieblingsleckereien \u00fcberall zwischen die Stoffstreifen. Ihr Kaninchen wird dann freudig seine Matte durchsuchen und einen nach dem anderen finden.<\/p>\n<p><img decoding=\"async\" class=\"alignnone wp-image-9069\" src=\"https:\/\/mon-lapinnain.com\/wp-content\/uploads\/2022\/07\/Tapis-de-fouille-pour-lapin-nain.jpg\" alt=\"Kaninchen Schnuffelmatte\" width=\"600\" height=\"473\"><\/p>\n<p>Dar\u00fcber hinaus bietet dieses <strong>Kaninchenspielzeug <\/strong>eine Vielzahl von Versteckm\u00f6glichkeiten f\u00fcr seine Leckereien. Dieses farbenfrohe Kaninchenspielzeug wird die Aufmerksamkeit Ihres Kaninchens auf sich ziehen und es wird stundenlang damit spielen k\u00f6nnen. Das Spielzeug ist au\u00dferdem rutschfest, so dass es beim Buddeln nicht verrutscht.<\/p>\n<p>Und nicht zuletzt ist diese<strong> Kaninchen-Schnuffelmatte<\/strong> aus Stoff gefertigt, so dass sie sehr leicht zu waschen und zu pflegen ist. Die Unterseite der Matte ist ebenfalls rutschfest.<\/p>\n<p><img decoding=\"async\" class=\"alignnone wp-image-9066\" src=\"https:\/\/mon-lapinnain.com\/wp-content\/uploads\/2022\/07\/Tapis-de-fouille-lapin-antiderapant.jpg\" alt=\"Schnuffelmatte Hase\" width=\"600\" height=\"430\"><\/p>\n<p><b>Mehr Details:<\/b><\/p>\n<ul>\n<li style=\"font-weight: 400;\" aria-level=\"1\">Materialien: Weicher Stoff<\/li>\n<li style=\"font-weight: 400;\" aria-level=\"1\">Gr\u00f6\u00dfe: 70 x 40 cm ( 27.56 x 15.75 in)<\/li>\n<\/ul>\n<p>Um die nat\u00fcrlichen Instinkte Ihres Kaninchens zu stimulieren und es zur Futtersuche und Erkundung anzuregen, entdecken Sie unser Sortiment an <a href=\"https:\/\/www.bunzyland.com\/de\/kaninchen-futtermatte\/\">Kaninchen-Futtermatten<\/a>, die f\u00fcr stundenlangen, gesunden Spa\u00df sorgen.<\/p>\n","protected":false},"excerpt":{"rendered":"<p>Spielzeug f\u00fcr Kaninchen: eine stimulierende Schnuffelmatte Dieses Spielzeug f\u00fcr Kaninchen Schnuffelmatte ist eine der besten M\u00f6glichkeiten, Ihr Haustier zu unterhalten. Dieses Kaninchenspielzeug f\u00f6rdert die Sinne, die Intelligenz und die Wachsamkeit Ihres Haustiers. Und das alles, w\u00e4hrend Sie Spa\u00df und eine gute Zeit haben. Au\u00dferdem hilft es Ihrem Kaninchen, Langeweile und die daraus resultierende Angst zu [&hellip;]<\/p>\n","protected":false},"featured_media":11651,"comment_status":"closed","ping_status":"closed","template":"","meta":{"_seopress_robots_primary_cat":"none","_seopress_titles_title":"","_seopress_titles_desc":"Spielzeug f\u00fcr Kaninchen Schnuffelmatte ist ideal f\u00fcr die Entwicklung der Sinne und der Intelligenz Ihres Kaninchens. Es h\u00e4lt Ihr Kaninchen k\u00f6rperlich fit.","_seopress_robots_index":""},"product_brand":[],"product_cat":[169,195,201,172],"product_tag":[],"class_list":{"0":"post-12496","1":"product","2":"type-product","3":"status-publish","4":"has-post-thumbnail","6":"product_cat-hasenladen","7":"product_cat-kaninchen-matten","8":"product_cat-kaninchen-futtermatte","9":"product_cat-spielzeug-fur-kaninchen","10":"product_shipping_class-ok-mondial-relais-de","12":"first","13":"outofstock","14":"taxable","15":"shipping-taxable","16":"purchasable","17":"product-type-simple"},"_links":{"self":[{"href":"https:\/\/www.bunzyland.com\/de\/wp-json\/wp\/v2\/product\/12496","targetHints":{"allow":["GET"]}}],"collection":[{"href":"https:\/\/www.bunzyland.com\/de\/wp-json\/wp\/v2\/product"}],"about":[{"href":"https:\/\/www.bunzyland.com\/de\/wp-json\/wp\/v2\/types\/product"}],"replies":[{"embeddable":true,"href":"https:\/\/www.bunzyland.com\/de\/wp-json\/wp\/v2\/comments?post=12496"}],"wp:featuredmedia":[{"embeddable":true,"href":"https:\/\/www.bunzyland.com\/de\/wp-json\/wp\/v2\/media\/11651"}],"wp:attachment":[{"href":"https:\/\/www.bunzyland.com\/de\/wp-json\/wp\/v2\/media?parent=12496"}],"wp:term":[{"taxonomy":"product_brand","embeddable":true,"href":"https:\/\/www.bunzyland.com\/de\/wp-json\/wp\/v2\/product_brand?post=12496"},{"taxonomy":"product_cat","embeddable":true,"href":"https:\/\/www.bunzyland.com\/de\/wp-json\/wp\/v2\/product_cat?post=12496"},{"taxonomy":"product_tag","embeddable":true,"href":"https:\/\/www.bunzyland.com\/de\/wp-json\/wp\/v2\/product_tag?post=12496"}],"curies":[{"name":"wp","href":"https:\/\/api.w.org\/{rel}","templated":true}]}}