{"id":12497,"date":"2024-02-19T15:56:18","date_gmt":"2024-02-19T14:56:18","guid":{"rendered":"https:\/\/bunzyland.com\/product\/kaninchen-kuehlmatte-mit-gel\/"},"modified":"2025-09-12T17:22:06","modified_gmt":"2025-09-12T15:22:06","slug":"kaninchen-kuehlmatte-mit-gel","status":"publish","type":"product","link":"https:\/\/www.bunzyland.com\/de\/produkt\/kaninchen-kuehlmatte-mit-gel\/","title":{"rendered":"Kaninchen K\u00fchlmatte mit Gel"},"content":{"rendered":"<h2>Eine erfrischende runde Kaninchenmatte<\/h2>\n<p>Diese <strong>erfrischende Kaninchenmatte<\/strong> ist ein bequemes, rundes <strong>Kaninchenbett<\/strong>, das ein spezielles Gel enth\u00e4lt. Das Gel in der Mitte der <strong>Kaninchenmatte<\/strong> k\u00fchlt Ihr Haustier w\u00e4hrend des hei\u00dfen Sommerwetters sofort ab.<\/p>\n<p><img fetchpriority=\"high\" decoding=\"async\" class=\"alignnone wp-image-16528\" src=\"https:\/\/mon-lapinnain.com\/wp-content\/uploads\/2022\/05\/tapis-pour-lapin-frais.png\" alt=\"K\u00fchlmatte f\u00fcr Kaninchen\" width=\"600\" height=\"600\"><\/p>\n<p>Diese besondere Hitzewelle<strong>  Kanincheneinstreu<\/strong>kann lange Zeit k\u00fchl bleiben, um Ihrem Kaninchen maximalen W\u00e4rmekomfort zu bieten. Die abgeflachte Form in der Mitte (die Quelle der K\u00fchle) und die Polsterung rundherum geben Ihrem Kaninchen einen eigenen, klar definierten und gem\u00fctlichen Raum, so wie es ihm gef\u00e4llt \ud83d\ude0a.<\/p>\n<p><img decoding=\"async\" class=\"alignnone wp-image-8751\" src=\"https:\/\/mon-lapinnain.com\/wp-content\/uploads\/2022\/05\/Tapis-lapin-rafraichissant-lit.jpg\" alt=\"K\u00fchlmatte f\u00fcr Kaninchen\" width=\"600\" height=\"600\"><\/p>\n<h3>Wie erfrischt man ein Kaninchen?<\/h3>\n<p>Die <strong>k\u00fchlende Kaninchenmatte<\/strong> ist perfekt f\u00fcr das k\u00f6rperliche und geistige Wohlbefinden Ihres kleinen Kaninchens. Schlie\u00dflich m\u00f6gen oder vertragen Kaninchen keine hohen Temperaturen. Ob drinnen oder drau\u00dfen, Sie werden feststellen, dass Ihr langohriger Freund in den Sommermonaten st\u00e4ndig auf der Suche nach k\u00fchlen, schattigen Pl\u00e4tzen ist, um sich abzuk\u00fchlen.<\/p>\n<p><img decoding=\"async\" class=\"alignnone wp-image-8744\" src=\"https:\/\/mon-lapinnain.com\/wp-content\/uploads\/2022\/03\/Lit-pour-lapin-rafraichissant-gel.jpg\" alt=\"Bett f\u00fcr Kaninchen f\u00fcr den Sommer\" width=\"600\" height=\"600\"><\/p>\n<p>Dieses <strong>erfrischende Kaninchenbett<\/strong> sorgt daf\u00fcr, dass sich Ihr kleiner Fellkn\u00e4uel wohl f\u00fchlt und verhindert einen Hitzeschlag.<\/p>\n<p>Es ist wahr, dass dieses <strong>Kaninchenkissen<\/strong> den kleinen K\u00f6rper Ihres Zwergkaninchens k\u00fchlt. Aber es kann nicht seine einzige Quelle der Abk\u00fchlung im Sommer sein. Um Ihr liebes Kaninchen zu erfrischen, empfehlen wir, regelm\u00e4\u00dfig das Wasser zu wechseln, seine Ohren anzufeuchten oder ihn sogar kurz zu striegeln.<\/p>\n<p><strong>Vorsichtsma\u00dfnahmen f\u00fcr die Verwendung :<\/strong><\/p>\n<p><em>Die Verwendung dieser <strong>K\u00fchlmatte f\u00fcr Kaninchen<\/strong> muss beaufsichtigt werden. Kaninchen haben Krallen und lieben es, zu knabbern&#8230; Der flache Teil der Matte enth\u00e4lt ein spezielles, nicht essbares Gel.<\/em><\/p>\n<p><img loading=\"lazy\" decoding=\"async\" class=\"alignnone wp-image-8747\" src=\"https:\/\/mon-lapinnain.com\/wp-content\/uploads\/2022\/03\/Tapis-pour-lapin-rafraichissant.jpg\" alt=\"Tapis-pour-lapin-rafraichissant\" width=\"600\" height=\"600\"><\/p>\n<p>Merkmale:<\/p>\n<ul>\n<li>Verf\u00fcgbare Farbe: Karotte<\/li>\n<li>Verf\u00fcgbare Form: Rund<\/li>\n<li>Gr\u00f6\u00dfe: 25cm innen und 43cm Gesamtdurchmesser (16,93 Zoll)<\/li>\n<\/ul>\n<p>Damit Ihr Kaninchen an hei\u00dfen Tagen k\u00fchl bleibt, sehen Sie sich unsere Auswahl an <a href=\"https:\/\/www.bunzyland.com\/de\/kaninchen-kuhlmatte\/\">k\u00fchlenden Kaninchenmatten<\/a> an, die speziell f\u00fcr sein thermisches Wohlbefinden entwickelt wurden.<\/p>\n","protected":false},"excerpt":{"rendered":"<ul>\n<li>K\u00fchlmatte<\/li>\n<li>In Gel<\/li>\n<\/ul>\n","protected":false},"featured_media":11549,"comment_status":"closed","ping_status":"closed","template":"","meta":{"_seopress_robots_primary_cat":"none","_seopress_titles_title":"","_seopress_titles_desc":"Die Kaninchen-K\u00fchlmatte mit Gel ist eine Einstreu, die ein spezielles Gel f\u00fcr maximale K\u00fchle im Sommer enth\u00e4lt. Die beste Matte f\u00fcr den Sommer.","_seopress_robots_index":""},"product_brand":[],"product_cat":[173,169,207,195,193],"product_tag":[],"class_list":{"0":"post-12497","1":"product","2":"type-product","3":"status-publish","4":"has-post-thumbnail","6":"product_cat-angebote","7":"product_cat-hasenladen","8":"product_cat-kaninchen-kuhlmatte","9":"product_cat-kaninchen-matten","10":"product_cat-kaninchenbett","11":"product_shipping_class-ok-mondial-relais-de","13":"first","14":"outofstock","15":"sale","16":"taxable","17":"shipping-taxable","18":"purchasable","19":"product-type-simple"},"_links":{"self":[{"href":"https:\/\/www.bunzyland.com\/de\/wp-json\/wp\/v2\/product\/12497","targetHints":{"allow":["GET"]}}],"collection":[{"href":"https:\/\/www.bunzyland.com\/de\/wp-json\/wp\/v2\/product"}],"about":[{"href":"https:\/\/www.bunzyland.com\/de\/wp-json\/wp\/v2\/types\/product"}],"replies":[{"embeddable":true,"href":"https:\/\/www.bunzyland.com\/de\/wp-json\/wp\/v2\/comments?post=12497"}],"wp:featuredmedia":[{"embeddable":true,"href":"https:\/\/www.bunzyland.com\/de\/wp-json\/wp\/v2\/media\/11549"}],"wp:attachment":[{"href":"https:\/\/www.bunzyland.com\/de\/wp-json\/wp\/v2\/media?parent=12497"}],"wp:term":[{"taxonomy":"product_brand","embeddable":true,"href":"https:\/\/www.bunzyland.com\/de\/wp-json\/wp\/v2\/product_brand?post=12497"},{"taxonomy":"product_cat","embeddable":true,"href":"https:\/\/www.bunzyland.com\/de\/wp-json\/wp\/v2\/product_cat?post=12497"},{"taxonomy":"product_tag","embeddable":true,"href":"https:\/\/www.bunzyland.com\/de\/wp-json\/wp\/v2\/product_tag?post=12497"}],"curies":[{"name":"wp","href":"https:\/\/api.w.org\/{rel}","templated":true}]}}