{"id":12499,"date":"2024-02-19T15:56:17","date_gmt":"2024-02-19T14:56:17","guid":{"rendered":"https:\/\/bunzyland.com\/product\/kaninchenschale-aus-keramik\/"},"modified":"2025-09-12T13:14:39","modified_gmt":"2025-09-12T11:14:39","slug":"kaninchenschale-aus-keramik","status":"publish","type":"product","link":"https:\/\/www.bunzyland.com\/de\/produkt\/kaninchenschale-aus-keramik\/","title":{"rendered":"Kaninchenschale aus Keramik"},"content":{"rendered":"<h2><b>Kaninchennapf aus Keramik : Design und praktische F\u00fctterung  <\/b><\/h2>\n<p>Dieser <strong>Kaninchennapf aus Keramik<\/strong> ist perfekt, um Ihr Kaninchen zum Fressen zu erziehen, ohne den Inhalt seines Napfes zu versch\u00fctten und ihn \u00fcberall hin zu bringen. In der Tat haben alle Kaninchen die Angewohnheit, ihren Napf zu versch\u00fctten und damit zu spielen&#8230; Ein bisschen wie Babies \u263a<br \/>\nMit diesem <strong>Kaninchen-Accessoire<\/strong> kann er jedoch jederzeit versuchen&#8230; Ohne Erfolg.<\/p>\n<p><img fetchpriority=\"high\" decoding=\"async\" class=\"alignnone wp-image-8835\" src=\"https:\/\/mon-lapinnain.com\/wp-content\/uploads\/2022\/03\/gamelle-pour-lapin-anti-renversement.jpg\" alt=\"Sch\u00fcssel-f\u00fcr-Kaninchen-Anti-Kleckerei\" width=\"600\" height=\"600\"><\/p>\n<p>Ja, Keramik ist ein schweres Material, besonders f\u00fcr ein kleines Kaninchen. Daher kann dieser <strong>Kaninchenfressnapf<\/strong> Futter oder Wasser aufnehmen, ohne dass die Gefahr des Versch\u00fcttens besteht.<\/p>\n<h3>Warum eine schwere Kaninchentr\u00e4nke w\u00e4hlen?<\/h3>\n<p>Dieser <strong>Kaninchennapf<\/strong> hat die perfekte Gr\u00f6\u00dfe, damit Ihr Kaninchen zu jeder Tageszeit unbesorgt fressen und trinken kann. Dieser <strong>Kaninchennapf<\/strong> ist aus schwerer Keramik gefertigt und hat einen St\u00e4nder aus Bambus. Dies verleiht der Schale noch mehr Stabilit\u00e4t. Und das Ganze ist perfekt an die Gr\u00f6\u00dfe Ihres Zwergkaninchens angepasst.<\/p>\n<p>Wenn Sie bei der Wahl des <strong>Kaninchenfutters<\/strong> noch z\u00f6gern, erinnern wir Sie daran, dass es immer ratsam ist, einen Napf zu verwenden und die <strong>Kaninchentr\u00e4nke<\/strong> zu vermeiden.<\/p>\n<p><img decoding=\"async\" class=\"alignnone wp-image-8834\" src=\"https:\/\/mon-lapinnain.com\/wp-content\/uploads\/2022\/03\/Bol-pour-lapin.jpg\" alt=\"Kaninchennapf\" width=\"600\" height=\"600\"><\/p>\n<p>Auch wenn sie einige Vorteile hat und eine gro\u00dfe Menge Wasser enthalten kann, erlaubt die<strong> Kaninchentr\u00e4nkeflasche<\/strong> keine gute Trinkhaltung und kann bei Ihrem lieben Begleiter mit den langen Ohren Zahnverletzungen verursachen!<\/p>\n<p>Und nicht zuletzt: Hygiene!<\/p>\n<p>Wie Sie wahrscheinlich wissen, sind Br\u00f6tchen gerne sauber. Deshalb erinnern wir Sie daran, dass der <strong>Kaninchennapf<\/strong> gegen\u00fcber der Katzentoilette aufgestellt werden muss. Auf diese Weise kann Ihr Kaninchen in aller Ruhe fressen und trinken.<\/p>\n<p><img decoding=\"async\" class=\"alignnone wp-image-8833\" src=\"https:\/\/mon-lapinnain.com\/wp-content\/uploads\/2022\/03\/Bol-pour-lapin-nain.jpg\" alt=\"Kaninchen Schale Anti-Rutsch\" width=\"600\" height=\"600\"><\/p>\n<p><b>Mehr Details:<\/b><\/p>\n<ul>\n<li>Verf\u00fcgbare Farben: Rosa oder Grau<\/li>\n<li>Materialien: Bambusholz + Keramik<\/li>\n<li>Gr\u00f6\u00dfe: D 16cm x H 6.5cm (6.3 in x 2.6 in)<\/li>\n<li>Fassungsverm\u00f6gen: 400mL<\/li>\n<\/ul>\n<p>Um das Wohlbefinden und den Komfort Ihres Kaninchens zu gew\u00e4hrleisten, entdecken Sie unser umfangreiches Angebot an<a href=\"https:\/\/www.bunzyland.com\/de\/kaninchen-zubehoer\/\"> Kaninchenzubeh\u00f6r<\/a>, das auf alle seine Bed\u00fcrfnisse abgestimmt ist.<\/p>\n","protected":false},"excerpt":{"rendered":"<ul>\n<li>Kaninchen-Accessoire<\/li>\n<li>Kaninchenfresser<\/li>\n<\/ul>\n","protected":false},"featured_media":11573,"comment_status":"closed","ping_status":"closed","template":"","meta":{"_seopress_robots_primary_cat":"none","_seopress_titles_title":"","_seopress_titles_desc":"Kaninchennapf aus Keramik: Dieser schwere Kaninchennapf ist perfekt, damit Ihr Haustier fressen kann, ohne Futter und Wasser zu versch\u00fctten. Besser als eine Wasserflasche!","_seopress_robots_index":""},"product_brand":[],"product_cat":[169,205,189],"product_tag":[],"class_list":{"0":"post-12499","1":"product","2":"type-product","3":"status-publish","4":"has-post-thumbnail","6":"product_cat-hasenladen","7":"product_cat-kaninchen-trinkflasche","8":"product_cat-kaninchen-zubehoer","9":"product_shipping_class-ok-mondial-relais-de","11":"first","12":"outofstock","13":"taxable","14":"shipping-taxable","15":"purchasable","16":"product-type-variable","17":"has-default-attributes"},"_links":{"self":[{"href":"https:\/\/www.bunzyland.com\/de\/wp-json\/wp\/v2\/product\/12499","targetHints":{"allow":["GET"]}}],"collection":[{"href":"https:\/\/www.bunzyland.com\/de\/wp-json\/wp\/v2\/product"}],"about":[{"href":"https:\/\/www.bunzyland.com\/de\/wp-json\/wp\/v2\/types\/product"}],"replies":[{"embeddable":true,"href":"https:\/\/www.bunzyland.com\/de\/wp-json\/wp\/v2\/comments?post=12499"}],"wp:featuredmedia":[{"embeddable":true,"href":"https:\/\/www.bunzyland.com\/de\/wp-json\/wp\/v2\/media\/11573"}],"wp:attachment":[{"href":"https:\/\/www.bunzyland.com\/de\/wp-json\/wp\/v2\/media?parent=12499"}],"wp:term":[{"taxonomy":"product_brand","embeddable":true,"href":"https:\/\/www.bunzyland.com\/de\/wp-json\/wp\/v2\/product_brand?post=12499"},{"taxonomy":"product_cat","embeddable":true,"href":"https:\/\/www.bunzyland.com\/de\/wp-json\/wp\/v2\/product_cat?post=12499"},{"taxonomy":"product_tag","embeddable":true,"href":"https:\/\/www.bunzyland.com\/de\/wp-json\/wp\/v2\/product_tag?post=12499"}],"curies":[{"name":"wp","href":"https:\/\/api.w.org\/{rel}","templated":true}]}}