{"id":12501,"date":"2024-02-19T15:56:22","date_gmt":"2024-02-19T14:56:22","guid":{"rendered":"https:\/\/bunzyland.com\/product\/bett-fuer-kaninchen-kuschelbett\/"},"modified":"2025-09-12T13:36:36","modified_gmt":"2025-09-12T11:36:36","slug":"bett-fuer-kaninchen-kuschelbett","status":"publish","type":"product","link":"https:\/\/www.bunzyland.com\/de\/produkt\/bett-fuer-kaninchen-kuschelbett\/","title":{"rendered":"Bett f\u00fcr Kaninchen Kuschelbett"},"content":{"rendered":"\n<h2 class=\"wp-block-heading\"><b>Bett f\u00fcr Kaninchen: ein gem\u00fctliches Kuschelbett<\/b><\/h2>\n\n<p>Das <strong>Bett f\u00fcr Kaninchen Snuggle Bed<\/strong> ist eine wahre Quelle des Gl\u00fccks und des Wohlbefindens f\u00fcr Ihr kleines Haustier. Sie ist in der Mitte abgeflacht und hat zwei gepolsterte Seiten. Die Polsterung dieses <strong>Kaninchenbettes<\/strong> h\u00e4lt Ihr Haustier in der Mitte und gibt ihm ein Gef\u00fchl von Sicherheit und Komfort. In der Tat lieben Kaninchen im Allgemeinen diese Art von <strong>Bett f\u00fcr Kaninchen <\/strong>zum Kuscheln und Schlafen. Das <strong>kuschelige Kaninchenbett<\/strong> bietet ein Cocooning-Gef\u00fchl, ideal f\u00fcr sein Wohlbefinden.<\/p>\n\n<p>Ihr treuer Begleiter wird es lieben, sich stundenlang in dieser kleinen <strong>Kaninchenmatte<\/strong> zu sonnen, die sowohl physischen Komfort als auch psychisches Wohlbefinden bietet.<\/p>\n\n<figure class=\"wp-block-image is-resized\"><img decoding=\"async\" src=\"https:\/\/mon-lapinnain.com\/wp-content\/uploads\/2022\/04\/Lit-pour-lapin-nain.jpg\" alt=\"Bett f&#xFC;r Kaninchen\" class=\"wp-image-8602\" style=\"width:auto;height:600px\"\/><\/figure>\n\n<h3 class=\"wp-block-heading\">Eine komfortable, herausnehmbare Kaninchenmatte<\/h3>\n\n<p>Dieses<strong> Kaninchen-Kuschelbett<\/strong> ist nicht nur ideal f\u00fcr lange Schlafstunden, es ist auch aus flauschigem Stoff gefertigt. Diese Art von Stoff bietet Komfort und eine nat\u00fcrliche W\u00e4rmequelle f\u00fcr Ihr Kaninchen. Damit ist das <strong>Kaninchenbett<\/strong> ideal f\u00fcr lange Wintern\u00e4chte und bietet maximale Gem\u00fctlichkeit.<\/p>\n\n<p>Die flauschige <strong>Matte<\/strong> eignet sich auch perfekt f\u00fcr Kaninchenflops, was in der K\u00f6rpersprache von Kaninchen bedeutet, dass Ihr Kaninchen extrem entspannt und gl\u00fccklich ist. Seien Sie also nicht \u00fcberrascht, wenn Ihr kleiner Fellball sich auf dem Kissen ausstreckt.<\/p>\n\n<p>Das <strong>Bett f\u00fcr Kaninchen<\/strong> ist das perfekte Geschenk f\u00fcr Ihren treuen Freund, der es Ihnen sicher danken wird. Es ist pflegeleicht, da es zur einfachen Pflege abnehmbar ist.<\/p>\n\n<figure class=\"wp-block-image size-full is-resized\"><img fetchpriority=\"high\" decoding=\"async\" width=\"1000\" height=\"667\" src=\"https:\/\/www.bunzyland.com\/wp-content\/uploads\/2024\/02\/rabbit-snuggle-bed-yellow.jpg\" alt=\"Kaninchen-Kuschel-Bett\" class=\"wp-image-10429\" style=\"width:auto;height:601px\" srcset=\"https:\/\/bunzyland.com\/wp-content\/uploads\/2024\/02\/rabbit-snuggle-bed-yellow.jpg 1000w, https:\/\/bunzyland.com\/wp-content\/uploads\/2024\/02\/rabbit-snuggle-bed-yellow-300x200.jpg 300w, https:\/\/bunzyland.com\/wp-content\/uploads\/2024\/02\/rabbit-snuggle-bed-yellow-768x512.jpg 768w, https:\/\/bunzyland.com\/wp-content\/uploads\/2024\/02\/rabbit-snuggle-bed-yellow-990x660.jpg 990w, https:\/\/bunzyland.com\/wp-content\/uploads\/2024\/02\/rabbit-snuggle-bed-yellow-441x294.jpg 441w, https:\/\/bunzyland.com\/wp-content\/uploads\/2024\/02\/rabbit-snuggle-bed-yellow-600x400.jpg 600w, https:\/\/bunzyland.com\/wp-content\/uploads\/2024\/02\/rabbit-snuggle-bed-yellow-150x100.jpg 150w\" sizes=\"(max-width: 1000px) 100vw, 1000px\" \/><\/figure>\n\n<p><b>Mehr Details:<\/b><\/p>\n\n<ul class=\"wp-block-list\">\n<li>Materialien: Stoff + Baumwolle<\/li>\n\n\n\n<li>Gr\u00f6\u00dfe: 45 x 38 cm (17,7 x 15 Zoll)<\/li>\n\n\n\n<li>Abnehmbar (Rei\u00dfverschlusssystem &#8211; leicht in der Maschine zu reinigen)<\/li>\n\n\n\n<li>Verf\u00fcgbare Farben: Beige oder Gelb<\/li>\n<\/ul>\n\n<figure class=\"wp-block-image size-full is-resized\"><img decoding=\"async\" width=\"1000\" height=\"797\" src=\"https:\/\/www.bunzyland.com\/wp-content\/uploads\/2024\/02\/rabbit-snuggle-bed.jpg\" alt=\"Kaninchen-Kuschel-Bett\" class=\"wp-image-10430\" style=\"width:auto;height:600px\" srcset=\"https:\/\/bunzyland.com\/wp-content\/uploads\/2024\/02\/rabbit-snuggle-bed.jpg 1000w, https:\/\/bunzyland.com\/wp-content\/uploads\/2024\/02\/rabbit-snuggle-bed-300x239.jpg 300w, https:\/\/bunzyland.com\/wp-content\/uploads\/2024\/02\/rabbit-snuggle-bed-768x612.jpg 768w, https:\/\/bunzyland.com\/wp-content\/uploads\/2024\/02\/rabbit-snuggle-bed-990x789.jpg 990w, https:\/\/bunzyland.com\/wp-content\/uploads\/2024\/02\/rabbit-snuggle-bed-441x351.jpg 441w, https:\/\/bunzyland.com\/wp-content\/uploads\/2024\/02\/rabbit-snuggle-bed-600x478.jpg 600w, https:\/\/bunzyland.com\/wp-content\/uploads\/2024\/02\/rabbit-snuggle-bed-150x120.jpg 150w\" sizes=\"(max-width: 1000px) 100vw, 1000px\" \/><\/figure>\n","protected":false},"excerpt":{"rendered":"<ul>\n<li>Kaninchenbett<\/li>\n<li>Abnehmbar<\/li>\n<\/ul>\n","protected":false},"featured_media":11473,"comment_status":"closed","ping_status":"closed","template":"","meta":{"_seopress_robots_primary_cat":"none","_seopress_titles_title":"","_seopress_titles_desc":"Das Bett f\u00fcr Kaninchen Kuschelbett mit Seitenpolsterung, ideal, um Ihr Haustier bei langen Nickerchen zu beruhigen. Es ist das perfekte Kaninchenbett zum Kuscheln.","_seopress_robots_index":""},"product_brand":[],"product_cat":[169,193],"product_tag":[],"class_list":{"0":"post-12501","1":"product","2":"type-product","3":"status-publish","4":"has-post-thumbnail","6":"product_cat-hasenladen","7":"product_cat-kaninchenbett","8":"product_shipping_class-ok-mondial-relais-de","10":"first","11":"outofstock","12":"taxable","13":"shipping-taxable","14":"purchasable","15":"product-type-variable","16":"has-default-attributes"},"_links":{"self":[{"href":"https:\/\/www.bunzyland.com\/de\/wp-json\/wp\/v2\/product\/12501","targetHints":{"allow":["GET"]}}],"collection":[{"href":"https:\/\/www.bunzyland.com\/de\/wp-json\/wp\/v2\/product"}],"about":[{"href":"https:\/\/www.bunzyland.com\/de\/wp-json\/wp\/v2\/types\/product"}],"replies":[{"embeddable":true,"href":"https:\/\/www.bunzyland.com\/de\/wp-json\/wp\/v2\/comments?post=12501"}],"wp:featuredmedia":[{"embeddable":true,"href":"https:\/\/www.bunzyland.com\/de\/wp-json\/wp\/v2\/media\/11473"}],"wp:attachment":[{"href":"https:\/\/www.bunzyland.com\/de\/wp-json\/wp\/v2\/media?parent=12501"}],"wp:term":[{"taxonomy":"product_brand","embeddable":true,"href":"https:\/\/www.bunzyland.com\/de\/wp-json\/wp\/v2\/product_brand?post=12501"},{"taxonomy":"product_cat","embeddable":true,"href":"https:\/\/www.bunzyland.com\/de\/wp-json\/wp\/v2\/product_cat?post=12501"},{"taxonomy":"product_tag","embeddable":true,"href":"https:\/\/www.bunzyland.com\/de\/wp-json\/wp\/v2\/product_tag?post=12501"}],"curies":[{"name":"wp","href":"https:\/\/api.w.org\/{rel}","templated":true}]}}