{"id":12510,"date":"2024-02-19T15:56:16","date_gmt":"2024-02-19T14:56:16","guid":{"rendered":"https:\/\/bunzyland.com\/product\/kaninchenbuerste-mit-kamm\/"},"modified":"2025-09-12T17:21:52","modified_gmt":"2025-09-12T15:21:52","slug":"kaninchenbuerste-mit-kamm","status":"publish","type":"product","link":"https:\/\/www.bunzyland.com\/de\/produkt\/kaninchenbuerste-mit-kamm\/","title":{"rendered":"Kaninchenb\u00fcrste mit Kamm"},"content":{"rendered":"<h2><b>Kaninchenb\u00fcrste: ein praktisches Accessoire mit Kamm<\/b><\/h2>\n<p>Die <strong>Kaninchenb\u00fcrste mit Kamm<\/strong> eignet sich perfekt zum regelm\u00e4\u00dfigen B\u00fcrsten und Pflegen Ihres Kaninchens, ohne es zu verletzen. Mit diesem <strong>Kaninchenzubeh\u00f6r<\/strong> k\u00f6nnen Sie tote Haare von Ihrem Kaninchen entfernen, Knoten entwirren und das Wachstum neuer Haare f\u00f6rdern.<\/p>\n<p><img fetchpriority=\"high\" decoding=\"async\" class=\"alignnone wp-image-9089\" src=\"https:\/\/mon-lapinnain.com\/wp-content\/uploads\/2022\/07\/brosse-pour-lapin.jpg\" alt=\"Kaninchenpinsel\" width=\"600\" height=\"402\"><\/p>\n<p>Au\u00dferdem wird dringend empfohlen, <strong>Ihr Kaninchen<\/strong> t\u00e4glich <strong>zu b\u00fcrsten<\/strong>, vor allem w\u00e4hrend der Mauser, denn wenn die Haare verschluckt werden, k\u00f6nnen sie den Transport verlangsamen oder sogar stoppen&#8230; Und das ist t\u00f6dlich f\u00fcr Br\u00f6tchen!<\/p>\n<p>Wenn Sie Ihr Zwergkaninchen daher regelm\u00e4\u00dfig mit einer geeigneten B\u00fcrste b\u00fcrsten, kann das Haar auf gesunde Weise nachwachsen und die Gesundheit Ihres Tieres erhalten. Sein Fell wird gl\u00e4nzend und seidig sein, egal zu welcher Jahreszeit \u263a.<\/p>\n<h3>Zubeh\u00f6r f\u00fcr die Kaninchenpflege<\/h3>\n<p>Diese <strong>Kaninchenb\u00fcrste<\/strong> ist sehr praktisch f\u00fcr den t\u00e4glichen Gebrauch. Der Griff dieses <strong>Kaninchenzubeh\u00f6rs<\/strong> liegt gut in der Hand und hat ultrafeine Metallz\u00e4hne, mit denen Sie tote Haare aufnehmen k\u00f6nnen, ohne Ihr Tier zu verletzen.<\/p>\n<p><img decoding=\"async\" class=\"alignnone wp-image-11246\" src=\"https:\/\/mon-lapinnain.com\/wp-content\/uploads\/2022\/07\/brosse-pour-mue-de-lapin.png\" alt=\"B\u00fcrste f\u00fcr Kaninchen\" width=\"600\" height=\"600\"><\/p>\n<p>Dank des mitgelieferten <strong>Mini-Kaninchenkamms<\/strong> aus Kunststoff ist dieses <strong>Kaninchenfutter<\/strong> leicht zu reinigen. Au\u00dferdem f\u00f6rdert es die Blutzirkulation Ihres Kaninchens und gibt ihm ein sofortiges Wohlgef\u00fchl.<\/p>\n<p>Indem Sie Ihr Kaninchen mit dieser <strong>B\u00fcrste mit Kamm<\/strong> b\u00fcrsten, st\u00e4rken Sie Ihre Beziehung und das Vertrauen Ihres Kaninchens zu Ihnen.<\/p>\n<p>Hinweis: Diese Drahtb\u00fcrste nimmt abgestorbene Haare bis hinunter zu den Wurzeln auf. Es ist sehr effektiv und Sie m\u00fcssen keinen Druck aus\u00fcben, damit es wirkt.<\/p>\n<p><b><br \/>\nMehr Details:<\/b><\/p>\n<ul>\n<li style=\"font-weight: 400;\" aria-level=\"1\">Farbe: Rosa<\/li>\n<li style=\"font-weight: 400;\" aria-level=\"1\">Gr\u00f6\u00dfe: Der B\u00fcrstenkopf ist 5,5cm gro\u00df<\/li>\n<\/ul>\n<p>Um das Wohlbefinden und den Komfort Ihres Kaninchens zu gew\u00e4hrleisten, entdecken Sie unser umfangreiches Angebot an <a href=\"https:\/\/www.bunzyland.com\/de\/kaninchen-zubehoer\/\">Kaninchenzubeh\u00f6r<\/a>, das auf alle seine Bed\u00fcrfnisse abgestimmt ist.<\/p>\n","protected":false},"excerpt":{"rendered":"<ul>\n<li>Kaninchen-Accessoire<\/li>\n<li>Perfekt f\u00fcr die H\u00e4utung von Kaninchen<\/li>\n<\/ul>\n","protected":false},"featured_media":11665,"comment_status":"closed","ping_status":"closed","template":"","meta":{"_seopress_robots_primary_cat":"none","_seopress_titles_title":"","_seopress_titles_desc":"Die Kaninchenb\u00fcrste mit Kamm entfernt tote Haare, ohne Ihr Kaninchen zu verletzen. Ein perfektes Kaninchen-Accessoire f\u00fcr die Mauser! Beste Versorgung!","_seopress_robots_index":""},"product_brand":[],"product_cat":[169,189,213],"product_tag":[],"class_list":{"0":"post-12510","1":"product","2":"type-product","3":"status-publish","4":"has-post-thumbnail","6":"product_cat-hasenladen","7":"product_cat-kaninchen-zubehoer","8":"product_cat-kaninchenburste","9":"product_shipping_class-ok-mondial-relais-de","11":"first","12":"instock","13":"sale","14":"taxable","15":"shipping-taxable","16":"purchasable","17":"product-type-simple"},"_links":{"self":[{"href":"https:\/\/www.bunzyland.com\/de\/wp-json\/wp\/v2\/product\/12510","targetHints":{"allow":["GET"]}}],"collection":[{"href":"https:\/\/www.bunzyland.com\/de\/wp-json\/wp\/v2\/product"}],"about":[{"href":"https:\/\/www.bunzyland.com\/de\/wp-json\/wp\/v2\/types\/product"}],"replies":[{"embeddable":true,"href":"https:\/\/www.bunzyland.com\/de\/wp-json\/wp\/v2\/comments?post=12510"}],"wp:featuredmedia":[{"embeddable":true,"href":"https:\/\/www.bunzyland.com\/de\/wp-json\/wp\/v2\/media\/11665"}],"wp:attachment":[{"href":"https:\/\/www.bunzyland.com\/de\/wp-json\/wp\/v2\/media?parent=12510"}],"wp:term":[{"taxonomy":"product_brand","embeddable":true,"href":"https:\/\/www.bunzyland.com\/de\/wp-json\/wp\/v2\/product_brand?post=12510"},{"taxonomy":"product_cat","embeddable":true,"href":"https:\/\/www.bunzyland.com\/de\/wp-json\/wp\/v2\/product_cat?post=12510"},{"taxonomy":"product_tag","embeddable":true,"href":"https:\/\/www.bunzyland.com\/de\/wp-json\/wp\/v2\/product_tag?post=12510"}],"curies":[{"name":"wp","href":"https:\/\/api.w.org\/{rel}","templated":true}]}}