{"id":12517,"date":"2024-02-19T15:56:10","date_gmt":"2024-02-19T14:56:10","guid":{"rendered":"https:\/\/bunzyland.com\/product\/bequeme-kaninchentragetasche\/"},"modified":"2025-09-12T13:14:39","modified_gmt":"2025-09-12T11:14:39","slug":"bequeme-kaninchentragetasche","status":"publish","type":"product","link":"https:\/\/www.bunzyland.com\/de\/produkt\/bequeme-kaninchentragetasche\/","title":{"rendered":"bequeme Kaninchentragetasche"},"content":{"rendered":"<h2>Ein praktischer, komfortabler Kaninchentr\u00e4ger<\/h2>\n<p>Die <strong>komfortable Kaninchentasche<\/strong> ist sowohl praktisch als auch elegant. Es ist ein dringend ben\u00f6tigtes Accessoire f\u00fcr Sie und Ihr Haustier.<\/p>\n<p>Mit diesem <strong>Kaninchenzubeh\u00f6r<\/strong> k\u00f6nnen Sie Ihr geliebtes Kaninchen bequem und sicher transportieren.<\/p>\n<p><img fetchpriority=\"high\" decoding=\"async\" class=\"alignnone wp-image-16493\" src=\"https:\/\/mon-lapinnain.com\/wp-content\/uploads\/2022\/10\/Sac-pour-lapin.png\" alt=\"Kaninchen Tasche\" width=\"600\" height=\"600\"><\/p>\n<p>Da Ihr geliebtes Kaninchen von Natur aus \u00e4ngstlich ist, ist es wichtig, es in einer beruhigenden <strong>Kaninchentasche<\/strong> unterzubringen, damit es bequem reisen kann.<\/p>\n<p><strong>Diese Hasentasche<\/strong> ist nicht nur \u00e4sthetisch ansprechend, sondern auch <strong>sehr praktisch<\/strong>. Sie verf\u00fcgt \u00fcber mehrere wichtige Elemente wie ein weiches, abnehmbares Kissen und einen Ledergriff f\u00fcr einen idealen Halt.<\/p>\n<p><img decoding=\"async\" class=\"alignnone wp-image-9461\" src=\"https:\/\/mon-lapinnain.com\/wp-content\/uploads\/2022\/04\/cage-de-transport-pour-lapin.jpg\" alt=\"Transportk\u00e4fig f\u00fcr Kaninchen\" width=\"600\" height=\"600\"><\/p>\n<p>Diese <strong>Kaninchentasche<\/strong> ist also in jeder Hinsicht ultra-praktisch! Innen kuschelig f\u00fcr Ihr Kaninchen und au\u00dfen leicht zu tragen f\u00fcr Sie. \ud83d\ude0a<\/p>\n<h3>Die ideale Kaninchen-Reisetasche<\/h3>\n<p><img decoding=\"async\" class=\"alignnone wp-image-16495\" src=\"https:\/\/mon-lapinnain.com\/wp-content\/uploads\/2022\/10\/cage-transport-lapin-pratique.png\" alt=\"praktischer Kaninchentr\u00e4ger\" width=\"600\" height=\"600\"><\/p>\n<p>Diese <strong>bequeme Kaninchentasche<\/strong> ist das <strong>Reisezubeh\u00f6r<\/strong>, das Sie auf jeder Ebene brauchen \ud83d\ude42 .<\/p>\n<p>Diese <strong>Kaninchentransporttasche<\/strong> hat nicht nur h\u00fcbsche N\u00e4hte, sondern auch Netzgewebe an den Seiten und am Dach, das Luft und Licht durchl\u00e4sst. Das bedeutet, dass Ihr Haustier keinen Stress erleiden muss.<\/p>\n<p><img loading=\"lazy\" decoding=\"async\" class=\"alignnone wp-image-9459\" src=\"https:\/\/mon-lapinnain.com\/wp-content\/uploads\/2022\/04\/cage-de-transport-lapin-voyage.jpg\" alt=\"Transportk\u00e4fig f\u00fcr Kaninchen\" width=\"600\" height=\"600\"><\/p>\n<p>Dieses<strong> Kaninchen-Accessoire<\/strong> ist aus robusten, langlebigen und hochwertigen Materialien gefertigt und kann dank des mitgelieferten ultra-starken G\u00fcrtels auch als Umh\u00e4ngetasche getragen werden.<\/p>\n<p>Beachten Sie au\u00dferdem, dass diese <strong>Kaninchen-Reisetasche<\/strong> wasserdicht und pflegeleicht ist \ud83d\ude42 .<\/p>\n<p><strong>Merkmale:<\/strong><\/p>\n<ul>\n<li><strong>Materialien<\/strong>: Steifer Stoff<\/li>\n<li><strong>Farbe:<\/strong> Hellgrau<\/li>\n<li>Mit seinem weichen kleinen Kissen<\/li>\n<li><strong>Abmessungen der Tasche:<\/strong> B43 x L25 x H28cm<\/li>\n<li>Reflektierende Streifen<\/li>\n<li>Mit Schulterriemen<\/li>\n<\/ul>\n<p>Um das Reisen mit Ihrem Haustier einfacher, sicherer und komfortabler zu machen, entdecken Sie unsere Auswahl an <a href=\"https:\/\/www.bunzyland.com\/de\/kaninchen-transportbox\/\">Kaninchentragetaschen<\/a>, die f\u00fcr ein sorgenfreies Reisen entwickelt wurden.<\/p>\n","protected":false},"excerpt":{"rendered":"<ul>\n<li>Kaninchen Tragetasche<\/li>\n<li>Kaninchen Zubeh\u00f6r<\/li>\n<\/ul>\n","protected":false},"featured_media":11785,"comment_status":"closed","ping_status":"closed","template":"","meta":{"_seopress_robots_primary_cat":"none","_seopress_titles_title":"","_seopress_titles_desc":"Der komfortable Scho\u00dftierk\u00e4fig ist ein sehr praktisches Accessoire f\u00fcr die beste Reise mit Ihrem Begleittier.","_seopress_robots_index":""},"product_brand":[],"product_cat":[169,194,189],"product_tag":[],"class_list":{"0":"post-12517","1":"product","2":"type-product","3":"status-publish","4":"has-post-thumbnail","6":"product_cat-hasenladen","7":"product_cat-kaninchen-transportbox","8":"product_cat-kaninchen-zubehoer","9":"product_shipping_class-ok-mondial-relais-de","11":"first","12":"outofstock","13":"taxable","14":"shipping-taxable","15":"purchasable","16":"product-type-simple"},"_links":{"self":[{"href":"https:\/\/www.bunzyland.com\/de\/wp-json\/wp\/v2\/product\/12517","targetHints":{"allow":["GET"]}}],"collection":[{"href":"https:\/\/www.bunzyland.com\/de\/wp-json\/wp\/v2\/product"}],"about":[{"href":"https:\/\/www.bunzyland.com\/de\/wp-json\/wp\/v2\/types\/product"}],"replies":[{"embeddable":true,"href":"https:\/\/www.bunzyland.com\/de\/wp-json\/wp\/v2\/comments?post=12517"}],"wp:featuredmedia":[{"embeddable":true,"href":"https:\/\/www.bunzyland.com\/de\/wp-json\/wp\/v2\/media\/11785"}],"wp:attachment":[{"href":"https:\/\/www.bunzyland.com\/de\/wp-json\/wp\/v2\/media?parent=12517"}],"wp:term":[{"taxonomy":"product_brand","embeddable":true,"href":"https:\/\/www.bunzyland.com\/de\/wp-json\/wp\/v2\/product_brand?post=12517"},{"taxonomy":"product_cat","embeddable":true,"href":"https:\/\/www.bunzyland.com\/de\/wp-json\/wp\/v2\/product_cat?post=12517"},{"taxonomy":"product_tag","embeddable":true,"href":"https:\/\/www.bunzyland.com\/de\/wp-json\/wp\/v2\/product_tag?post=12517"}],"curies":[{"name":"wp","href":"https:\/\/api.w.org\/{rel}","templated":true}]}}