{"id":12519,"date":"2024-02-19T15:56:04","date_gmt":"2024-02-19T14:56:04","guid":{"rendered":"https:\/\/bunzyland.com\/product\/kaninchen-heufutterautomat-aus-kunststoff\/"},"modified":"2025-09-12T15:20:48","modified_gmt":"2025-09-12T13:20:48","slug":"kaninchen-heufutterautomat-aus-kunststoff","status":"publish","type":"product","link":"https:\/\/www.bunzyland.com\/de\/produkt\/kaninchen-heufutterautomat-aus-kunststoff\/","title":{"rendered":"Kaninchen Heufutterautomat aus Kunststoff"},"content":{"rendered":"<h2>Eine h\u00e4ngende Kaninchenheuf\u00fctterung aus Kunststoff<\/h2>\n<p>Der <strong>Kaninchenheufutterautomat aus Kunststoff<\/strong> ist eines der idealen Zubeh\u00f6rteile, um das t\u00e4gliche Futter Ihres Tieres aufzunehmen und zu verteilen. Dieser<strong> Heufutterautomat f\u00fcr Kaninchen<\/strong> wurde entwickelt, um zu verhindern, dass Ihr Kaninchen sein Futter verschwendet und um die Reinigung seines Geheges zu erleichtern.<\/p>\n<p>Au\u00dferdem ist Heu besonders wichtig f\u00fcr die Gesundheit Ihres kleinen Begleiters, denn es tr\u00e4gt zur Gesunderhaltung seiner Z\u00e4hne und seines Verdauungssystems bei.<\/p>\n<h2><strong><img fetchpriority=\"high\" decoding=\"async\" class=\"alignnone wp-image-11656\" src=\"https:\/\/mon-lapinnain.com\/wp-content\/uploads\/2023\/04\/ratelier-pour-lapin-2.jpg\" alt=\"Kaninchenheuraufe aus Kunststoff\" width=\"600\" height=\"600\"><\/strong><\/h2>\n<p>Mit dieser <strong>Kaninchentr\u00e4nke<\/strong> k\u00f6nnen Sie also Heuabf\u00e4lle reduzieren und den Lebensraum Ihres Kaninchens sauber und hygienisch halten.<\/p>\n<h3>Ein niedlicher Spender f\u00fcr Kaninchen<\/h3>\n<p>Dieser <strong>Kaninchenheufutterautomat aus Kunststoff<\/strong> kann je nach Vorliebe Ihres Kaninchens und der Gr\u00f6\u00dfe seines Geheges au\u00dferhalb oder innerhalb des Geheges aufgeh\u00e4ngt werden.<\/p>\n<p>Diese <strong>Kaninchenheuraufe <\/strong>aus hochwertigem Kunststoff ist sehr praktisch f\u00fcr Ihr Kaninchen, um jederzeit an sein Futter heranzukommen, auch in Ihrer Abwesenheit. So verhindern Sie, dass er zu schnell isst, was zu Verdauungsproblemen f\u00fchren k\u00f6nnte.<\/p>\n<p>Au\u00dferdem hat diese <strong>Kaninchenheuraufe<\/strong> ein Loch auf der R\u00fcckseite, durch das Sie sie mit einer Schraube am Gehege aufh\u00e4ngen k\u00f6nnen. Und schlie\u00dflich ist es erw\u00e4hnenswert, dass dieser <strong>Heufutterautomat f\u00fcr Kaninchen<\/strong> aus Kunststoff gefertigt ist, was seine Lebensdauer verl\u00e4ngert und ihn leicht zu pflegen und zu reinigen macht.<\/p>\n<p><b>Merkmale:<\/b><\/p>\n<ul>\n<li>Gr\u00f6\u00dfe: 12,3 cm x 10 cm x 20 cm \/ 4.84 in x 3.94 in x 7.87 in<\/li>\n<li>Farbe: Wei\u00df<\/li>\n<\/ul>\n","protected":false},"excerpt":{"rendered":"<ul>\n<li>Kaninchen Accessoire<\/li>\n<li>Heuraufe<\/li>\n<\/ul>\n","protected":false},"featured_media":12043,"comment_status":"closed","ping_status":"closed","template":"","meta":{"_seopress_robots_primary_cat":"none","_seopress_titles_title":"","_seopress_titles_desc":"Der Kaninchenheufutterautomat aus Kunststoff ist ein praktisches und n\u00fctzliches Zubeh\u00f6r, mit dem Sie Ihr Kaninchen auf gesunde und effiziente Weise f\u00fcttern k\u00f6nnen. Das beste Accessoire","_seopress_robots_index":""},"product_brand":[],"product_cat":[173,169,199,189],"product_tag":[],"class_list":{"0":"post-12519","1":"product","2":"type-product","3":"status-publish","4":"has-post-thumbnail","6":"product_cat-angebote","7":"product_cat-hasenladen","8":"product_cat-heuspender-kaninchen","9":"product_cat-kaninchen-zubehoer","10":"product_shipping_class-ok-mondial-relais-de","12":"first","13":"outofstock","14":"sale","15":"taxable","16":"shipping-taxable","17":"purchasable","18":"product-type-simple"},"_links":{"self":[{"href":"https:\/\/www.bunzyland.com\/de\/wp-json\/wp\/v2\/product\/12519","targetHints":{"allow":["GET"]}}],"collection":[{"href":"https:\/\/www.bunzyland.com\/de\/wp-json\/wp\/v2\/product"}],"about":[{"href":"https:\/\/www.bunzyland.com\/de\/wp-json\/wp\/v2\/types\/product"}],"replies":[{"embeddable":true,"href":"https:\/\/www.bunzyland.com\/de\/wp-json\/wp\/v2\/comments?post=12519"}],"wp:featuredmedia":[{"embeddable":true,"href":"https:\/\/www.bunzyland.com\/de\/wp-json\/wp\/v2\/media\/12043"}],"wp:attachment":[{"href":"https:\/\/www.bunzyland.com\/de\/wp-json\/wp\/v2\/media?parent=12519"}],"wp:term":[{"taxonomy":"product_brand","embeddable":true,"href":"https:\/\/www.bunzyland.com\/de\/wp-json\/wp\/v2\/product_brand?post=12519"},{"taxonomy":"product_cat","embeddable":true,"href":"https:\/\/www.bunzyland.com\/de\/wp-json\/wp\/v2\/product_cat?post=12519"},{"taxonomy":"product_tag","embeddable":true,"href":"https:\/\/www.bunzyland.com\/de\/wp-json\/wp\/v2\/product_tag?post=12519"}],"curies":[{"name":"wp","href":"https:\/\/api.w.org\/{rel}","templated":true}]}}