{"id":12520,"date":"2024-02-19T15:56:13","date_gmt":"2024-02-19T14:56:13","guid":{"rendered":"https:\/\/bunzyland.com\/product\/kuehlende-kaktus-kaninchenmatte\/"},"modified":"2025-09-12T13:50:40","modified_gmt":"2025-09-12T11:50:40","slug":"kuehlende-kaktus-kaninchenmatte","status":"publish","type":"product","link":"https:\/\/www.bunzyland.com\/de\/produkt\/kuehlende-kaktus-kaninchenmatte\/","title":{"rendered":"K\u00fchlende Kaktus-Kaninchenmatte"},"content":{"rendered":"<h2>Eine ungiftige, mit einem Kaktus bedruckte, k\u00fchlende Hasenmatte<\/h2>\n<p>Die <strong>erfrischende Kaktus-Hasenmatte<\/strong> ist ein unverzichtbares Accessoire f\u00fcr hei\u00dfe Sommertage. Sie ist eine exklusive &#8222;Bunzyland&#8220; und die ultimative <strong>K\u00fchlmatte<\/strong>. Sie enth\u00e4lt kein Gel, im Gegensatz zu den \u00fcblichen <strong>Kaninchenmatten<\/strong>.<\/p>\n<p><img fetchpriority=\"high\" decoding=\"async\" class=\"alignnone wp-image-9275\" src=\"https:\/\/mon-lapinnain.com\/wp-content\/uploads\/2022\/04\/Lit-pour-lapin-1.jpg\" alt=\"Tapis-rafraichissant-lapin\" width=\"600\" height=\"600\"><\/p>\n<p>Ungiftig, dieses <strong>Kaninchenbett<\/strong> ist sicher f\u00fcr Ihren treuen Begleiter. Dieses <strong>Kaninchenbett<\/strong> verf\u00fcgt sogar \u00fcber eine \u00d6ffnung in der Mitte der Matte, in die zwei mitgelieferte Eispacks passen. Das ist der perfekte Trick, um Ihr H\u00e4schen an hei\u00dfen Sommertagen k\u00fchl zu halten.<\/p>\n<p><img decoding=\"async\" class=\"alignnone wp-image-9276\" src=\"https:\/\/mon-lapinnain.com\/wp-content\/uploads\/2022\/04\/Tapis-lapin-avec-pain-de-glace.jpg\" alt=\"Tapis-rafraichissant-lapin non toxique\" width=\"600\" height=\"600\"><\/p>\n<p>Legen Sie die K\u00fchlakkus f\u00fcr ein paar Minuten in den Gefrierschrank und stecken Sie sie dann einfach durch die vorgesehene \u00d6ffnung in die Hasenmatte. Ihr Kaninchen wird es lieben, sich hinzulegen und die K\u00fchle der Erfrischungsmatte zu genie\u00dfen!<\/p>\n<p><img decoding=\"async\" class=\"alignnone wp-image-12340\" src=\"https:\/\/mon-lapinnain.com\/wp-content\/uploads\/2022\/04\/stop-motion-cactus.gif\" alt=\"Tapis rafraichissant Kaktus\" width=\"400\" height=\"490\"><\/p>\n<h3>Ein Kaninchenbett zur Vorbeugung eines Hitzeschlags<\/h3>\n<p>Die <strong>k\u00fchlende Kaninchenmatte<\/strong> ist eine gro\u00dfartige M\u00f6glichkeit, die Sommerhitze zu besiegen. Dieses <strong>Bett f\u00fcr Kaninchen<\/strong> bleibt dank der Eispacks im Inneren k\u00fchl. Kaninchen vertragen keine Hitze, insbesondere nicht \u00fcber 25\u00b0C. Dank dieses <strong>Kaninchenbettes<\/strong> wird Ihr kleines Haustier die K\u00fchle genie\u00dfen k\u00f6nnen, die es abgibt, und so einem Hitzschlag vorbeugen \ud83d\ude0a.<\/p>\n<p><img loading=\"lazy\" decoding=\"async\" class=\"alignnone wp-image-9279\" src=\"https:\/\/mon-lapinnain.com\/wp-content\/uploads\/2022\/04\/Tapis-pour-lapin-nain-2.jpg\" alt=\"Tapis-pour-lapin-lit-\u00e9t\u00e9\" width=\"600\" height=\"600\"><\/p>\n<p>Dieses <strong>Kuschelbett f\u00fcr Kaninchen<\/strong> ist bei Kaninchen sehr beliebt. Mit seiner abgeflachten Mitte und den gepolsterten Seiten sorgt dieses <strong>Hasenbett<\/strong> daf\u00fcr, dass sich Ihr Liebling sicher und geborgen f\u00fchlt. Es gibt ihm auch das beruhigende Gef\u00fchl, sich an etwas zu kuscheln.<\/p>\n<p>Trotz der hohen Temperaturen wird Ihr Kaninchen dem Sommer mit Gelassenheit entgegensehen.<\/p>\n<p><img loading=\"lazy\" decoding=\"async\" class=\"alignnone wp-image-9280\" src=\"https:\/\/mon-lapinnain.com\/wp-content\/uploads\/2022\/04\/Tapis-pour-lapin-rafraichissant-1.jpg\" alt=\"Tapis-pour-lapin-rafraichissant\" width=\"600\" height=\"600\"><\/p>\n<p>Ihr Kaninchen wird es lieben, unkontrollierte Flops auf dieser<strong> erfrischenden Kaninchenmatte<\/strong> zu machen. Es wird sich pl\u00f6tzlich auf die Seite fallen lassen, um Ihnen einfach zu sagen, dass es gl\u00fccklich ist. \ud83d\ude0a.<\/p>\n<p>Wie wir finden, ist diese <strong>Kaninchenmatte<\/strong> auch abnehmbar und pflegeleicht \ud83d\ude09 .<\/p>\n<p>Merkmale:<\/p>\n<ul>\n<li>Farbe: Wei\u00df mit Kaktusdrucken<\/li>\n<li>Inklusive 2 Eisbeutel + Frotteehandtuch<\/li>\n<li>Materialien: Dicke Baumwolle, weicher Stoff + Canvas<\/li>\n<li>Gr\u00f6\u00dfe M: 50 x 38cm<\/li>\n<\/ul>\n<p>Damit Ihr Kaninchen an hei\u00dfen Tagen k\u00fchl bleibt, sehen Sie sich unsere Auswahl an <a href=\"https:\/\/www.bunzyland.com\/de\/kaninchen-kuhlmatte\/\">k\u00fchlenden Kaninchenmatten<\/a> an, die speziell f\u00fcr sein thermisches Wohlbefinden entwickelt wurden.<\/p>\n","protected":false},"excerpt":{"rendered":"<ul>\n<li>Ungiftig f\u00fcr Kaninchen<\/li>\n<li>H\u00e4lt mit K\u00fchlakkus k\u00fchl<\/li>\n<li>Von Hand gemacht<\/li>\n<\/ul>\n","protected":false},"featured_media":11713,"comment_status":"closed","ping_status":"closed","template":"","meta":{"_seopress_robots_primary_cat":"none","_seopress_titles_title":"","_seopress_titles_desc":"Die erfrischende Kaktus-Kaninchenmatte ist perfekt, um einen Hitzschlag bei Kaninchen zu verhindern. Ungiftig und gelfrei, das ideale Bett!","_seopress_robots_index":""},"product_brand":[],"product_cat":[169,207,195,193],"product_tag":[],"class_list":{"0":"post-12520","1":"product","2":"type-product","3":"status-publish","4":"has-post-thumbnail","6":"product_cat-hasenladen","7":"product_cat-kaninchen-kuhlmatte","8":"product_cat-kaninchen-matten","9":"product_cat-kaninchenbett","10":"product_shipping_class-ok-mondial-relais-de","12":"first","13":"outofstock","14":"taxable","15":"shipping-taxable","16":"purchasable","17":"product-type-simple"},"_links":{"self":[{"href":"https:\/\/www.bunzyland.com\/de\/wp-json\/wp\/v2\/product\/12520","targetHints":{"allow":["GET"]}}],"collection":[{"href":"https:\/\/www.bunzyland.com\/de\/wp-json\/wp\/v2\/product"}],"about":[{"href":"https:\/\/www.bunzyland.com\/de\/wp-json\/wp\/v2\/types\/product"}],"replies":[{"embeddable":true,"href":"https:\/\/www.bunzyland.com\/de\/wp-json\/wp\/v2\/comments?post=12520"}],"wp:featuredmedia":[{"embeddable":true,"href":"https:\/\/www.bunzyland.com\/de\/wp-json\/wp\/v2\/media\/11713"}],"wp:attachment":[{"href":"https:\/\/www.bunzyland.com\/de\/wp-json\/wp\/v2\/media?parent=12520"}],"wp:term":[{"taxonomy":"product_brand","embeddable":true,"href":"https:\/\/www.bunzyland.com\/de\/wp-json\/wp\/v2\/product_brand?post=12520"},{"taxonomy":"product_cat","embeddable":true,"href":"https:\/\/www.bunzyland.com\/de\/wp-json\/wp\/v2\/product_cat?post=12520"},{"taxonomy":"product_tag","embeddable":true,"href":"https:\/\/www.bunzyland.com\/de\/wp-json\/wp\/v2\/product_tag?post=12520"}],"curies":[{"name":"wp","href":"https:\/\/api.w.org\/{rel}","templated":true}]}}