{"id":12524,"date":"2024-02-19T15:56:08","date_gmt":"2024-02-19T14:56:08","guid":{"rendered":"https:\/\/bunzyland.com\/product\/haengematte-fuer-kaninchen-llama\/"},"modified":"2025-09-12T17:22:20","modified_gmt":"2025-09-12T15:22:20","slug":"haengematte-fuer-kaninchen-llama","status":"publish","type":"product","link":"https:\/\/www.bunzyland.com\/de\/produkt\/haengematte-fuer-kaninchen-llama\/","title":{"rendered":"H\u00e4ngematte f\u00fcr Kaninchen &#8211; Llama"},"content":{"rendered":"<h2>Kaninchen H\u00e4ngematte Llama: das perfekte Bett f\u00fcr ein Nickerchen<\/h2>\n<p>Die <strong>Kaninchen-H\u00e4ngematte Llama<\/strong> ist der ideale Artikel, um das Wohlbefinden Ihres pelzigen Begleiters zu gew\u00e4hrleisten. Dieses <strong>Kaninchenbett<\/strong> bietet Ihrem langohrigen Freund einen eigenen intimen Raum, in dem er seine Umgebung \u00fcberblicken kann.<\/p>\n<p><img fetchpriority=\"high\" decoding=\"async\" class=\"alignnone wp-image-11303\" src=\"https:\/\/mon-lapinnain.com\/wp-content\/uploads\/2023\/04\/lit-pour-lapin-1.jpg\" alt=\"Kaninchenbett\" width=\"600\" height=\"600\"><\/p>\n<p>Wie Sie vielleicht schon wissen, sind Kaninchen Tiere, die ihre Umgebung beherrschen m\u00fcssen. Ihr Kaninchen wird es daher lieben, sich auf diesem <strong>Bett f\u00fcr Kaninchen<\/strong> auszuruhen, sich hinzulegen oder stundenlang friedlich zu schlafen.<\/p>\n<p>Mit diesem <strong>Hasenbett<\/strong> bieten Sie Ihrem kleinen Hasen also einen Raum, der f\u00fcr Entspannung, Ruhe und Gelassenheit steht.<\/p>\n<h3>Ein robustes Bett f\u00fcr Kaninchen<\/h3>\n<p>Diese<strong> Kaninchen-H\u00e4ngematte Llama<\/strong> ist eine Art Holzkonstruktion mit vier miteinander verbundenen Beinen und einem strapazierf\u00e4higen Stoff in der Mitte. Es hat ein sehr sch\u00f6nes Muster aus wei\u00dfen und beigen Lamas auf einem hellt\u00fcrkisblauen Hintergrund.<\/p>\n<p><img decoding=\"async\" class=\"alignnone wp-image-11302\" src=\"https:\/\/mon-lapinnain.com\/wp-content\/uploads\/2023\/04\/Hamac-pour-lapin-motif-lama-e1680511568623.png\" alt=\"H\u00e4ngematte Kaninchen - Lama Motiv\" width=\"600\" height=\"592\"><\/p>\n<p>Ganz gleich, ob Sie es im Haus in einem speziellen Zimmer f\u00fcr Ihr geliebtes Kaninchen oder in seinem Gehege aufstellen, dieses <strong>Bett f\u00fcr Kaninchen<\/strong> wird seine Aufmerksamkeit f\u00fcr lange Nickerchen auf sich ziehen, egal zu welcher Jahreszeit.<\/p>\n<p>Da diese<strong> H\u00e4ngematte f\u00fcr Kaninchen<\/strong> leicht erh\u00f6ht ist, k\u00f6nnen Sie im Sommer au\u00dferdem einen Eisbeutel darunter legen, um Ihren pelzigen Freund zu erfrischen.<\/p>\n<p>Schlie\u00dflich sollten Sie beachten, dass der Stoff mit einem feuchten Tuch leicht zu reinigen ist und an die Luft gestellt werden kann, damit Ihr kleiner Begleiter regelm\u00e4\u00dfig ein sauberes<strong> Hasenbett<\/strong> hat.<\/p>\n<p><b><br \/>\nMerkmale:<\/b><\/p>\n<ul>\n<li>Materialien: Holz und Stoff<\/li>\n<li>Gr\u00f6\u00dfe: 53cm x 48cm x 13cm<\/li>\n<li>Farbe: Muster von kleinen Lamas<\/li>\n<\/ul>\n<p>Um Ihrem kleinen Begleiter einen ruhigen, komfortablen Schlaf zu garantieren, entdecken Sie unser speziell ausgew\u00e4hltes Sortiment an <a href=\"https:\/\/www.bunzyland.com\/de\/kaninchenbett\/\">Kaninchenbetten<\/a>.<\/p>\n","protected":false},"excerpt":{"rendered":"<ul>\n<li>Bett f\u00fcr Kaninchen<\/li>\n<li>Bett aus Holz<\/li>\n<\/ul>\n","protected":false},"featured_media":11879,"comment_status":"closed","ping_status":"closed","template":"","meta":{"_seopress_robots_primary_cat":"none","_seopress_titles_title":"","_seopress_titles_desc":"Die Llama H\u00e4ngematte f\u00fcr Kaninchen ist das perfekte Kaninchenbett f\u00fcr Ihr Haustier. Ein solides und zugleich bequemes Bett. Das Bett f\u00fcr Kaninchen !","_seopress_robots_index":""},"product_brand":[],"product_cat":[173,169,193],"product_tag":[],"class_list":{"0":"post-12524","1":"product","2":"type-product","3":"status-publish","4":"has-post-thumbnail","6":"product_cat-angebote","7":"product_cat-hasenladen","8":"product_cat-kaninchenbett","9":"product_shipping_class-ok-mondial-relais-de","11":"first","12":"outofstock","13":"sale","14":"taxable","15":"shipping-taxable","16":"purchasable","17":"product-type-simple"},"_links":{"self":[{"href":"https:\/\/www.bunzyland.com\/de\/wp-json\/wp\/v2\/product\/12524","targetHints":{"allow":["GET"]}}],"collection":[{"href":"https:\/\/www.bunzyland.com\/de\/wp-json\/wp\/v2\/product"}],"about":[{"href":"https:\/\/www.bunzyland.com\/de\/wp-json\/wp\/v2\/types\/product"}],"replies":[{"embeddable":true,"href":"https:\/\/www.bunzyland.com\/de\/wp-json\/wp\/v2\/comments?post=12524"}],"wp:featuredmedia":[{"embeddable":true,"href":"https:\/\/www.bunzyland.com\/de\/wp-json\/wp\/v2\/media\/11879"}],"wp:attachment":[{"href":"https:\/\/www.bunzyland.com\/de\/wp-json\/wp\/v2\/media?parent=12524"}],"wp:term":[{"taxonomy":"product_brand","embeddable":true,"href":"https:\/\/www.bunzyland.com\/de\/wp-json\/wp\/v2\/product_brand?post=12524"},{"taxonomy":"product_cat","embeddable":true,"href":"https:\/\/www.bunzyland.com\/de\/wp-json\/wp\/v2\/product_cat?post=12524"},{"taxonomy":"product_tag","embeddable":true,"href":"https:\/\/www.bunzyland.com\/de\/wp-json\/wp\/v2\/product_tag?post=12524"}],"curies":[{"name":"wp","href":"https:\/\/api.w.org\/{rel}","templated":true}]}}