{"id":12525,"date":"2024-02-19T15:56:06","date_gmt":"2024-02-19T14:56:06","guid":{"rendered":"https:\/\/bunzyland.com\/product\/karotte-kaninchen-schuessel\/"},"modified":"2025-11-13T20:13:35","modified_gmt":"2025-11-13T19:13:35","slug":"karotte-kaninchen-schuessel","status":"publish","type":"product","link":"https:\/\/www.bunzyland.com\/de\/produkt\/karotte-kaninchen-schuessel\/","title":{"rendered":"Karotte Kaninchen Sch\u00fcssel"},"content":{"rendered":"<h2>Praktische und stilvolle Schale f\u00fcr Karottenkaninchen<\/h2>\n<p>Der<strong> Karottennapf f\u00fcr Kaninchen<\/strong> ist ein n\u00fctzlicher<strong> Napf f\u00fcr Kaninchen<\/strong>, mit dem Sie eine gesunde und saubere Ern\u00e4hrung f\u00fcr Ihr pelziges Haustier gew\u00e4hrleisten k\u00f6nnen.<\/p>\n<p>Dieses <strong>Kaninchenzubeh\u00f6r<\/strong> hilft Ihnen dabei, die richtige Futtermenge f\u00fcr jede Mahlzeit zu verteilen. So k\u00f6nnen Sie Fettleibigkeit und andere Gesundheitsprobleme im Zusammenhang mit einer \u00dcberf\u00fctterung verhindern.<\/p>\n<p><img fetchpriority=\"high\" decoding=\"async\" class=\"alignnone size-full wp-image-11549\" src=\"https:\/\/mon-lapinnain.com\/wp-content\/uploads\/2023\/04\/mangeoire-pour-lapin-nain_1.gif\" alt=\"\" width=\"288\" height=\"400\"><\/p>\n<p>Die Verwendung dieses<strong> Futternapfes f\u00fcr Kaninchen<\/strong> kann auch dazu beitragen, Ihr Kaninchen vor Krankheiten zu sch\u00fctzen, da es nicht direkt vom Boden fressen kann. Mit dieser<strong> Kaninchentr\u00e4nke<\/strong> k\u00f6nnen Sie Futterabf\u00e4lle reduzieren und gleichzeitig Ihren kleinen Begleiter vor m\u00f6glichen Krankheiten und Infektionen sch\u00fctzen.<\/p>\n<h3>Der perfekte t\u00e4gliche Napf f\u00fcr Ihr Kaninchen<\/h3>\n<p>Diese <strong>Schale f\u00fcr Karottenkaninchen <\/strong>hat die Form einer Karotte und ist in vier Farben erh\u00e4ltlich: Backstein, Rosa, Hellrosa und Gr\u00fcn. Seine mittlere Gr\u00f6\u00dfe und sein tiefes Design verleihen dem Gehege Ihres pelzigen Freundes eine schicke Note und bieten ihm einen festen Platz f\u00fcr sein Futter. Immer wenn sie h\u00f6ren, dass sich ihr <strong>Hasenfressnapf<\/strong> bewegt, wissen sie, dass es Zeit zum Fressen ist.<\/p>\n<p><img decoding=\"async\" class=\"alignnone wp-image-11542\" src=\"https:\/\/mon-lapinnain.com\/wp-content\/uploads\/2023\/04\/Assiette-legume-pour-lapin.jpg\" alt=\"Karotte Kaninchen Sch\u00fcssel\" width=\"600\" height=\"600\"><\/p>\n<p>Dieses <strong>Kaninchenfutter<\/strong> aus Hartplastik ist m\u00fchelos zu reinigen und erfordert keine besondere Pflege oder Reinigungsmittel. Dieser <strong>Kaninchentr\u00e4nkeautomat<\/strong> sorgt daf\u00fcr, dass sich Ihr geliebtes Kaninchen in seinem Gehege oder im Freien wohl f\u00fchlt, denn er verhindert, dass das Futter \u00fcberall versch\u00fcttet wird.<\/p>\n<p><img decoding=\"async\" class=\"alignnone wp-image-11547\" src=\"https:\/\/mon-lapinnain.com\/wp-content\/uploads\/2023\/04\/mangeoires-lapin-ot.jpg\" alt=\"Kaninchenf\u00fctterung Karotte  \" width=\"600\" height=\"600\"><\/p>\n<p><b>Spezifikationen:<\/b><\/p>\n<ul>\n<li>Material: Hartplastik<\/li>\n<li>Gr\u00f6\u00dfe: 28cm x 17cm<\/li>\n<li>Modell: Karotte<\/li>\n<li>Farbe: Ziegelstein Orange<\/li>\n<\/ul>\n<p><img loading=\"lazy\" decoding=\"async\" class=\"alignnone wp-image-11544\" src=\"https:\/\/mon-lapinnain.com\/wp-content\/uploads\/2023\/04\/mangeoire-lapin-taille.jpg\" alt=\"Kaninchenf\u00fctterung Karottengr\u00f6\u00dfe\" width=\"600\" height=\"600\"><\/p>\n","protected":false},"excerpt":{"rendered":"<ul>\n<li>Kaninchen Zubeh\u00f6r<\/li>\n<li>Schale<\/li>\n<\/ul>\n","protected":false},"featured_media":11983,"comment_status":"closed","ping_status":"closed","template":"","meta":{"_seopress_robots_primary_cat":"none","_seopress_titles_title":"","_seopress_titles_desc":"Der Karotten-Kaninchennapf ist ein ideales Zubeh\u00f6r, um die Mengen und die F\u00fctterung Ihres Haustiers zu verwalten. Die ideale Kaninchenf\u00fctterung f\u00fcr Ihr kleines Haustier!","_seopress_robots_index":""},"product_brand":[],"product_cat":[173,169,189],"product_tag":[],"class_list":{"0":"post-12525","1":"product","2":"type-product","3":"status-publish","4":"has-post-thumbnail","6":"product_cat-angebote","7":"product_cat-hasenladen","8":"product_cat-kaninchen-zubehoer","10":"first","11":"instock","12":"sale","13":"taxable","14":"shipping-taxable","15":"purchasable","16":"product-type-simple"},"_links":{"self":[{"href":"https:\/\/www.bunzyland.com\/de\/wp-json\/wp\/v2\/product\/12525","targetHints":{"allow":["GET"]}}],"collection":[{"href":"https:\/\/www.bunzyland.com\/de\/wp-json\/wp\/v2\/product"}],"about":[{"href":"https:\/\/www.bunzyland.com\/de\/wp-json\/wp\/v2\/types\/product"}],"replies":[{"embeddable":true,"href":"https:\/\/www.bunzyland.com\/de\/wp-json\/wp\/v2\/comments?post=12525"}],"wp:featuredmedia":[{"embeddable":true,"href":"https:\/\/www.bunzyland.com\/de\/wp-json\/wp\/v2\/media\/11983"}],"wp:attachment":[{"href":"https:\/\/www.bunzyland.com\/de\/wp-json\/wp\/v2\/media?parent=12525"}],"wp:term":[{"taxonomy":"product_brand","embeddable":true,"href":"https:\/\/www.bunzyland.com\/de\/wp-json\/wp\/v2\/product_brand?post=12525"},{"taxonomy":"product_cat","embeddable":true,"href":"https:\/\/www.bunzyland.com\/de\/wp-json\/wp\/v2\/product_cat?post=12525"},{"taxonomy":"product_tag","embeddable":true,"href":"https:\/\/www.bunzyland.com\/de\/wp-json\/wp\/v2\/product_tag?post=12525"}],"curies":[{"name":"wp","href":"https:\/\/api.w.org\/{rel}","templated":true}]}}