{"id":12528,"date":"2024-02-19T15:56:13","date_gmt":"2024-02-19T14:56:13","guid":{"rendered":"https:\/\/bunzyland.com\/product\/modulares-kaninchengehege\/"},"modified":"2026-03-04T06:06:51","modified_gmt":"2026-03-04T05:06:51","slug":"modulares-kaninchengehege","status":"publish","type":"product","link":"https:\/\/www.bunzyland.com\/de\/produkt\/modulares-kaninchengehege\/","title":{"rendered":"Modulares Kaninchengehege"},"content":{"rendered":"<h2>Ein ger\u00e4umiges, modulares Kaninchengehege<\/h2>\n<p>Dieses <strong>modulare Kaninchengehege<\/strong> ist perfekt geeignet, um den Platz f\u00fcr Ihr Haustier zu begrenzen und gleichzeitig eine sichere, gesunde Umgebung zu schaffen. Dieser <strong>Kaninchenlaufstall<\/strong> f\u00fcr den Innenbereich ist vollst\u00e4ndig modular aufgebaut und speziell f\u00fcr das Wohlbefinden der kleinen Pelzb\u00e4lle konzipiert.<\/p>\n<h3><b><img fetchpriority=\"high\" decoding=\"async\" class=\"alignnone wp-image-17231\" src=\"https:\/\/mon-lapinnain.com\/wp-content\/uploads\/2022\/04\/Enclos-lapin-grille.png\" alt=\"Modulares Kaninchengehege\" width=\"600\" height=\"429\"><\/b><\/h3>\n<p>Die Metallstruktur dieses<strong> Kaninchenstalls<\/strong> besteht aus Teilen, die mit abnehmbaren Gelenken zusammengesetzt sind, so dass Sie einen einzigartigen, vollst\u00e4ndig modularen Raum schaffen k\u00f6nnen. Dieser Kaninchenstall ist leicht verstellbar, so dass Sie zus\u00e4tzliche Paneele hinzuf\u00fcgen k\u00f6nnen, um den Platz zu vergr\u00f6\u00dfern.<br \/>\nSie k\u00f6nnen Ihr <strong>Kaninchengehege<\/strong> in mehrere Bereiche unterteilen: einen Schlafbereich, z. B. mit einer H\u00fctte oder einem gesteppten Kissen zum Schlafen und Liegen, und einen Bedarfsbereich mit Einstreu und Futter (Heu).<\/p>\n<h3><b>Was sind die Funktionen eines Kaninchenstalls?  <\/b><\/h3>\n<p>Das <strong>modulare Kaninchengehege<\/strong> ist sowohl ger\u00e4umig als auch praktisch. Mit diesem Kaninchenlaufstall k\u00f6nnen Sie Ihrem kleinen Fellkn\u00e4uel eine ganz besondere Umgebung schaffen, mit einem Raum, den Sie ganz nach seinen Bed\u00fcrfnissen gestalten k\u00f6nnen.<\/p>\n<p><img decoding=\"async\" class=\"alignnone wp-image-16755\" src=\"https:\/\/mon-lapinnain.com\/wp-content\/uploads\/2021\/07\/enclos-lapin-xxl-grand.jpg\" alt=\"Kaninchengehege\" width=\"600\" height=\"600\"><\/p>\n<p>Die Ger\u00e4umigkeit dieses Kaninchengeheges ist sehr wichtig, denn sie erm\u00f6glicht es Ihrem Liebling, sich zu bewegen, herumzuh\u00fcpfen und seine Beinchen zu strecken.<\/p>\n<p>Abschlie\u00dfend sei noch erw\u00e4hnt, dass Kaninchen zwar von Natur aus \u00e4ngstlich sind, sich aber gerne frei bewegen. In diesem ger\u00e4umigen Kaninchenlaufstall kann sich das Kaninchen also frei bewegen, was zu seinem Wohlbefinden beitr\u00e4gt.<\/p>\n<p>Es ist auch eine gute Idee, das Gehege offen zu lassen, wenn Sie in der N\u00e4he sind &#8211; ein freilaufendes Kaninchen ist ein gl\u00fcckliches, gut angepasstes Kaninchen \u263a.<\/p>\n<p><strong>Merkmale:<\/strong><\/p>\n<p>Materialien: Metall<br \/>\nFarbe: Schwarz<br \/>\nAnzahl der Tafeln: 24 Tafeln<br \/>\nGr\u00f6\u00dfe der Tafel: 35 x 35 cm<\/p>\n","protected":false},"excerpt":{"rendered":"<ul>\n<li>DIY Kaninchengehege<\/li>\n<li>24 leicht zu montierendes Paneel<\/li>\n<\/ul>\n","protected":false},"featured_media":11743,"comment_status":"closed","ping_status":"closed","template":"","meta":{"_seopress_robots_primary_cat":"none","_seopress_titles_title":"","_seopress_titles_desc":"","_seopress_robots_index":""},"product_brand":[],"product_cat":[169,180],"product_tag":[],"class_list":{"0":"post-12528","1":"product","2":"type-product","3":"status-publish","4":"has-post-thumbnail","6":"product_cat-hasenladen","7":"product_cat-kaninchen-laufstall","8":"product_shipping_class-nicht-vorbeikommen-an-mondial-relais","10":"first","11":"instock","12":"taxable","13":"shipping-taxable","14":"purchasable","15":"product-type-simple"},"_links":{"self":[{"href":"https:\/\/www.bunzyland.com\/de\/wp-json\/wp\/v2\/product\/12528","targetHints":{"allow":["GET"]}}],"collection":[{"href":"https:\/\/www.bunzyland.com\/de\/wp-json\/wp\/v2\/product"}],"about":[{"href":"https:\/\/www.bunzyland.com\/de\/wp-json\/wp\/v2\/types\/product"}],"replies":[{"embeddable":true,"href":"https:\/\/www.bunzyland.com\/de\/wp-json\/wp\/v2\/comments?post=12528"}],"wp:featuredmedia":[{"embeddable":true,"href":"https:\/\/www.bunzyland.com\/de\/wp-json\/wp\/v2\/media\/11743"}],"wp:attachment":[{"href":"https:\/\/www.bunzyland.com\/de\/wp-json\/wp\/v2\/media?parent=12528"}],"wp:term":[{"taxonomy":"product_brand","embeddable":true,"href":"https:\/\/www.bunzyland.com\/de\/wp-json\/wp\/v2\/product_brand?post=12528"},{"taxonomy":"product_cat","embeddable":true,"href":"https:\/\/www.bunzyland.com\/de\/wp-json\/wp\/v2\/product_cat?post=12528"},{"taxonomy":"product_tag","embeddable":true,"href":"https:\/\/www.bunzyland.com\/de\/wp-json\/wp\/v2\/product_tag?post=12528"}],"curies":[{"name":"wp","href":"https:\/\/api.w.org\/{rel}","templated":true}]}}