{"id":12531,"date":"2024-02-19T15:56:08","date_gmt":"2024-02-19T14:56:08","guid":{"rendered":"https:\/\/bunzyland.com\/product\/kaninchenhalsband-ananas\/"},"modified":"2025-10-02T20:14:22","modified_gmt":"2025-10-02T18:14:22","slug":"kaninchenhalsband-ananas","status":"publish","type":"product","link":"https:\/\/www.bunzyland.com\/de\/produkt\/kaninchenhalsband-ananas\/","title":{"rendered":"Kaninchenhalsband &#8211; Ananas"},"content":{"rendered":"<h2>Kaninchenhalsband: Anti-Kratz und gepolstert<\/h2>\n<p>Das <strong>Kaninchenhalsband &#8211; Pineapple<\/strong> ist eines der wichtigsten Accessoires, die man bei der Adoption eines Kaninchens haben sollte. Dieses <strong>Kaninchenzubeh\u00f6r<\/strong> dient als Schutz f\u00fcr Hauskaninchen und verhindert, dass sie sich lecken oder kratzen, insbesondere wenn sie eine Wunde haben oder sich von einem Tierarztbesuch erholen.<\/p>\n<p><img fetchpriority=\"high\" decoding=\"async\" class=\"alignnone wp-image-11334\" src=\"https:\/\/mon-lapinnain.com\/wp-content\/uploads\/2023\/04\/collerette-lapin.jpg\" alt=\"Hasenhalskette\" width=\"600\" height=\"600\"><\/p>\n<p>Diese Alternative zu einem <strong>Katzenhalsband<\/strong>, das in der Regel die Form eines Plastikkegels hat, stellt keine Gefahr f\u00fcr das Tier dar. Im Gegenteil, sie schafft eine Barriere zwischen der Schnauze des Tieres und seinem K\u00f6rper, so dass das Tier sich nicht selbst verletzen kann.<\/p>\n<h3>Ein unverzichtbares Zubeh\u00f6r f\u00fcr Kaninchen<\/h3>\n<p>Dieses <strong>Kaninchenhalsband &#8211; Ananas<\/strong> wird Ihr bester Verb\u00fcndeter sein, wenn Ihr pelziger Freund eine Verletzung hat oder medizinische Hilfe ben\u00f6tigt. Dieses aus strapazierf\u00e4higer Baumwolle gefertigte <strong>Kaninchenhalsband<\/strong> ist gepolstert und verursacht daher keine Unannehmlichkeiten und behindert die Sicht Ihres Kaninchens nicht, im Gegensatz zu der typischen Katzenhalsband-Alternative.<\/p>\n<p><span style=\"font-weight: 400;\">Beachten Sie au\u00dferdem, dass dieses <strong>Hasen-Accessoire<\/strong> ein sehr niedliches Ananas-Motiv auf wei\u00dfem Hintergrund hat, das Ihren Hasen noch niedlicher macht, als er ohnehin schon ist.  <\/span><\/p>\n<p>Schlie\u00dflich ist das <strong>Halsband f\u00fcr Kaninchen<\/strong> sehr einfach anzulegen und abzunehmen. Legen Sie es einfach vorsichtig \u00fcber den Kopf Ihres Kaninchens und ziehen Sie an der Kordel, um es an den Hals anzupassen. So k\u00f6nnen sie es tragen, ohne sich eingeengt zu f\u00fchlen, ohne es jedoch einfach abnehmen zu k\u00f6nnen.<\/p>\n<p><img decoding=\"async\" class=\"alignnone wp-image-11333\" src=\"https:\/\/mon-lapinnain.com\/wp-content\/uploads\/2023\/04\/Colerette-pour-lapin-nain-mon-lapin-nain-annanas.jpg\" alt=\"Kaninchenhalsband\" width=\"600\" height=\"600\"><\/p>\n<p><b>Spezifikationen:<\/b><\/p>\n<ul>\n<li>Einstellbare Gr\u00f6\u00dfe: bis zu 19 cm (Gr\u00f6\u00dfe des Kaninchenhalsumfangs)<\/li>\n<li>Farbe: Ananas-Muster<\/li>\n<li>Geeignet f\u00fcr Zwergkaninchen, Zwergwidder und Kaninchen mit einem Halsumfang von bis zu 19 cm.&#8220;<\/li>\n<\/ul>\n<p>Um das Wohlbefinden und den Komfort Ihres Kaninchens zu gew\u00e4hrleisten, entdecken Sie unser umfangreiches Angebot an <a href=\"https:\/\/www.bunzyland.com\/de\/kaninchen-zubehoer\/\">Kaninchenzubeh\u00f6r<\/a>, das auf alle seine Bed\u00fcrfnisse abgestimmt ist.<\/p>\n","protected":false},"excerpt":{"rendered":"<ul>\n<li>Accessoire f\u00fcr Kaninchen<\/li>\n<li>Ideal nach der Sterilisation<\/li>\n<li>Anti-Kratzmittel<\/li>\n<\/ul>\n","protected":false},"featured_media":11885,"comment_status":"closed","ping_status":"closed","template":"","meta":{"_seopress_robots_primary_cat":"none","_seopress_titles_title":"","_seopress_titles_desc":"Das Kaninchenhalsband - Ananas ist unerl\u00e4sslich, um zu verhindern, dass sich Ihr Kaninchen nach einer Verletzung oder einem medizinischen Eingriff kratzt.","_seopress_robots_index":""},"product_brand":[],"product_cat":[169,189],"product_tag":[],"class_list":{"0":"post-12531","1":"product","2":"type-product","3":"status-publish","4":"has-post-thumbnail","6":"product_cat-hasenladen","7":"product_cat-kaninchen-zubehoer","8":"product_shipping_class-ok-mondial-relais-de","10":"first","11":"instock","12":"taxable","13":"shipping-taxable","14":"purchasable","15":"product-type-simple"},"_links":{"self":[{"href":"https:\/\/www.bunzyland.com\/de\/wp-json\/wp\/v2\/product\/12531","targetHints":{"allow":["GET"]}}],"collection":[{"href":"https:\/\/www.bunzyland.com\/de\/wp-json\/wp\/v2\/product"}],"about":[{"href":"https:\/\/www.bunzyland.com\/de\/wp-json\/wp\/v2\/types\/product"}],"replies":[{"embeddable":true,"href":"https:\/\/www.bunzyland.com\/de\/wp-json\/wp\/v2\/comments?post=12531"}],"wp:featuredmedia":[{"embeddable":true,"href":"https:\/\/www.bunzyland.com\/de\/wp-json\/wp\/v2\/media\/11885"}],"wp:attachment":[{"href":"https:\/\/www.bunzyland.com\/de\/wp-json\/wp\/v2\/media?parent=12531"}],"wp:term":[{"taxonomy":"product_brand","embeddable":true,"href":"https:\/\/www.bunzyland.com\/de\/wp-json\/wp\/v2\/product_brand?post=12531"},{"taxonomy":"product_cat","embeddable":true,"href":"https:\/\/www.bunzyland.com\/de\/wp-json\/wp\/v2\/product_cat?post=12531"},{"taxonomy":"product_tag","embeddable":true,"href":"https:\/\/www.bunzyland.com\/de\/wp-json\/wp\/v2\/product_tag?post=12531"}],"curies":[{"name":"wp","href":"https:\/\/api.w.org\/{rel}","templated":true}]}}