{"id":12532,"date":"2024-02-19T15:56:03","date_gmt":"2024-02-19T14:56:03","guid":{"rendered":"https:\/\/bunzyland.com\/product\/kaninchen-heufutterkorb\/"},"modified":"2025-09-12T17:21:58","modified_gmt":"2025-09-12T15:21:58","slug":"kaninchen-heufutterkorb","status":"publish","type":"product","link":"https:\/\/www.bunzyland.com\/de\/produkt\/kaninchen-heufutterkorb\/","title":{"rendered":"Kaninchen Heufutterkorb"},"content":{"rendered":"<h2>Kaninchen Heufutterautomat in Korbform<\/h2>\n<p>Der <strong>Heufutterkorb f\u00fcr Kaninchen<\/strong> ist das perfekte <strong>Zubeh\u00f6r<\/strong>, um das Heu sauber und geordnet an Ihr Kaninchen zu verteilen. Dieses <strong>Kaninchenfutter<\/strong> ist aus Kunststoff gefertigt und wird wegen seiner Langlebigkeit und seines hygienischen Aspekts f\u00fcr den t\u00e4glichen Gebrauch gesch\u00e4tzt.<\/p>\n<p><img fetchpriority=\"high\" decoding=\"async\" class=\"alignnone wp-image-11751\" src=\"https:\/\/mon-lapinnain.com\/wp-content\/uploads\/2023\/04\/ratelier-lapin-2.jpg\" alt=\"Kaninchenstall\" width=\"600\" height=\"600\"><\/p>\n<p>Dieser <strong>Heufutterautomat f\u00fcr Kaninchen<\/strong> h\u00e4lt das Heu sauber und trocken, da er im Gehege aufgeh\u00e4ngt werden kann, weit weg von den Exkrementen Ihres Tieres.<\/p>\n<p>Au\u00dferdem ermutigt diese<strong> Kaninchenheuraufe<\/strong> Ihr Kaninchen, langsamer und regelm\u00e4\u00dfiger zu fressen, was m\u00f6glichen Verdauungsproblemen vorbeugen kann.<\/p>\n<h3>Der ideale Heuspender f\u00fcr Kaninchen<\/h3>\n<p>Dieser <strong>Heufutterkorb f\u00fcr Kaninchen<\/strong> ist perfekt, um Abf\u00e4lle zu vermeiden und den Zugang Ihres geliebten Tieres zum Heu zu kontrollieren. Da dieses <strong>Kaninchenzubeh\u00f6r<\/strong> aus Kunststoff besteht, l\u00e4sst es sich au\u00dferdem leicht mit Wasser und Seife reinigen, was es noch hygienischer macht.<\/p>\n<p>Dieser <strong>Heufutterautomat f\u00fcr Kaninchen<\/strong> ist ein unverzichtbares Zubeh\u00f6r, wenn Sie ein Kaninchen haben, denn er sorgt daf\u00fcr, dass Ihr Haustier immer Zugang zu frischem und hochwertigem Heu hat.<\/p>\n<p><img decoding=\"async\" class=\"alignnone wp-image-11752\" src=\"https:\/\/mon-lapinnain.com\/wp-content\/uploads\/2023\/04\/Ratelier-pour-lapin-3.jpg\" alt=\"Kaninchengestell\" width=\"600\" height=\"600\"><\/p>\n<p>Um diese <strong>Kunststoff-Heuraufe f\u00fcr Kaninchen<\/strong> zu verwenden, f\u00fcllen Sie einfach den Beh\u00e4lter mit Heu und befestigen ihn am Gehege. Ihr pelziger kleiner Begleiter kann dann sein Heu fressen, indem er es durch die \u00d6ffnungen in der <strong>Kaninchenheuf\u00fctterung<\/strong> zieht.<\/p>\n<p><b><br \/>\nMerkmale:<\/b><\/p>\n<ul>\n<li><span style=\"font-weight: 400;\">Gr\u00f6\u00dfe: 24cm x 21cm x 9,5 cm \/ <\/span>9.4 in x 8.3 in x 3.7 in<\/li>\n<li>Farbe: Wei\u00df<\/li>\n<\/ul>\n<p>Um das Wohlbefinden und den Komfort Ihres Kaninchens zu gew\u00e4hrleisten, entdecken Sie unser umfangreiches Angebot an <a href=\"https:\/\/www.bunzyland.com\/de\/kaninchen-zubehoer\/\">Kaninchenzubeh\u00f6r<\/a>, das auf alle seine Bed\u00fcrfnisse abgestimmt ist.<\/p>\n","protected":false},"excerpt":{"rendered":"<ul>\n<li>Kaninchen-Accessoire<\/li>\n<li>Heuraufe<\/li>\n<\/ul>\n","protected":false},"featured_media":12045,"comment_status":"closed","ping_status":"closed","template":"","meta":{"_seopress_robots_primary_cat":"none","_seopress_titles_title":"","_seopress_titles_desc":"Der Heufutterkorb f\u00fcr Kaninchen ist perfekt f\u00fcr die t\u00e4gliche Ern\u00e4hrung Ihres Tieres geeignet. Es ist die perfekte Heuraufe f\u00fcr Kaninchen! Ein unverzichtbares Accessoire","_seopress_robots_index":""},"product_brand":[],"product_cat":[173,169,199,189],"product_tag":[],"class_list":{"0":"post-12532","1":"product","2":"type-product","3":"status-publish","4":"has-post-thumbnail","6":"product_cat-angebote","7":"product_cat-hasenladen","8":"product_cat-heuspender-kaninchen","9":"product_cat-kaninchen-zubehoer","11":"first","12":"outofstock","13":"sale","14":"taxable","15":"shipping-taxable","16":"purchasable","17":"product-type-simple"},"_links":{"self":[{"href":"https:\/\/www.bunzyland.com\/de\/wp-json\/wp\/v2\/product\/12532","targetHints":{"allow":["GET"]}}],"collection":[{"href":"https:\/\/www.bunzyland.com\/de\/wp-json\/wp\/v2\/product"}],"about":[{"href":"https:\/\/www.bunzyland.com\/de\/wp-json\/wp\/v2\/types\/product"}],"replies":[{"embeddable":true,"href":"https:\/\/www.bunzyland.com\/de\/wp-json\/wp\/v2\/comments?post=12532"}],"wp:featuredmedia":[{"embeddable":true,"href":"https:\/\/www.bunzyland.com\/de\/wp-json\/wp\/v2\/media\/12045"}],"wp:attachment":[{"href":"https:\/\/www.bunzyland.com\/de\/wp-json\/wp\/v2\/media?parent=12532"}],"wp:term":[{"taxonomy":"product_brand","embeddable":true,"href":"https:\/\/www.bunzyland.com\/de\/wp-json\/wp\/v2\/product_brand?post=12532"},{"taxonomy":"product_cat","embeddable":true,"href":"https:\/\/www.bunzyland.com\/de\/wp-json\/wp\/v2\/product_cat?post=12532"},{"taxonomy":"product_tag","embeddable":true,"href":"https:\/\/www.bunzyland.com\/de\/wp-json\/wp\/v2\/product_tag?post=12532"}],"curies":[{"name":"wp","href":"https:\/\/api.w.org\/{rel}","templated":true}]}}