{"id":12533,"date":"2024-02-19T15:56:12","date_gmt":"2024-02-19T14:56:12","guid":{"rendered":"https:\/\/bunzyland.com\/product\/kaninchen-wasserflasche-automatisch\/"},"modified":"2025-11-09T15:46:30","modified_gmt":"2025-11-09T14:46:30","slug":"kaninchen-wasserflasche-automatisch","status":"publish","type":"product","link":"https:\/\/www.bunzyland.com\/de\/produkt\/kaninchen-wasserflasche-automatisch\/","title":{"rendered":"Kaninchen Wasserflasche automatisch"},"content":{"rendered":"<h2><b>Eine Kaninchen-Wasserflasche mit automatischer Bef\u00fcllung<\/b><\/h2>\n<p>Diese<strong> automatische Kaninchentrinkflasche<\/strong> ist perfekt, damit Ihr Haustier in Ruhe und in der bestm\u00f6glichen Position trinken kann. Dieses Zubeh\u00f6r wurde speziell entwickelt, um zu verhindern, dass Ihr kleines Haustier seinen <strong>Kaninchennapf<\/strong> versch\u00fcttet. Es kann an den Gitterst\u00e4ben des Geheges aufgeh\u00e4ngt und befestigt werden, damit Ihr kleiner Pelzkopf es nicht \u00fcberall hin bekommt \ud83d\ude00 .<\/p>\n<p><img fetchpriority=\"high\" decoding=\"async\" class=\"alignnone wp-image-10375 size-full\" src=\"https:\/\/mon-lapinnain.com\/wp-content\/uploads\/2022\/09\/gamelle-lapin-1.gif\" alt=\"Kaninchennapf\" width=\"303\" height=\"400\"><\/p>\n<p>Au\u00dferdem ist dieser <strong>Kaninchennapf<\/strong> die perfekte L\u00f6sung, um Ihrem Kaninchen die Flasche zu ersparen, denn letztere ist eine ungeeignete Position zum Trinken und birgt das Risiko, die kleinen Z\u00e4hne zu besch\u00e4digen&#8230;<\/p>\n<p>Dieses<strong> Zubeh\u00f6r f\u00fcr Kaninchen<\/strong> ist also wirklich notwendig, wenn Sie sich entscheiden, eines dieser wunderbaren kleinen Fellkn\u00e4uel zu adoptieren.<\/p>\n<h3>Der ideale Kaninchennapf<\/h3>\n<p>Die Verwendung dieser <strong>automatischen Kaninchen-Wasserflasche<\/strong> ist ganz einfach! F\u00fcllen Sie einfach die abnehmbare Plastikflasche und stellen Sie sie kopf\u00fcber in den festen Teil.<\/p>\n<p><img decoding=\"async\" class=\"alignnone wp-image-16554\" src=\"https:\/\/mon-lapinnain.com\/wp-content\/uploads\/2022\/09\/abreuvoir-lapin-automatique.png\" alt=\"automatische Kaninchentr\u00e4nke\" width=\"600\" height=\"600\"><\/p>\n<p>Auf diese Weise bleibt das Wasser in der <strong>Kaninchenflasche<\/strong> gesch\u00fctzt und wird in die Schale gegossen, wenn sie sich leert. Dadurch wird verhindert, dass das Wasser der Luft ausgesetzt wird und verschmutzt oder besch\u00e4digt wird. Es ist ein guter Mittelweg zwischen dem <strong>Kaninchenflaschensystem<\/strong> und dem Napf. Perfekt, um das Wasser Ihres Kaninchens sauber zu halten \ud83d\ude09.<\/p>\n<p><img decoding=\"async\" class=\"alignnone wp-image-16553\" src=\"https:\/\/mon-lapinnain.com\/wp-content\/uploads\/2022\/09\/gamelle-biberon-lapin.png\" alt=\"Kaninchenfutterschale\" width=\"600\" height=\"600\"><\/p>\n<p>Da die<strong> Kaninchenflasche<\/strong> aus Kunststoff besteht, ist sie robust und l\u00e4sst sich leicht reinigen.<\/p>\n<p>Da dieses <strong>Kaninchenzubeh\u00f6r<\/strong> aufgeh\u00e4ngt und befestigt werden kann, k\u00f6nnen Sie es in der idealen H\u00f6he je nach Gr\u00f6\u00dfe Ihres lieben langohrigen Freundes anbringen. Die h\u00f6chste H\u00f6he f\u00fcr gro\u00dfe Kaninchen und die niedrigste f\u00fcr sehr kleine Kaninchen. \ud83d\ude0a<\/p>\n<p><b>Mehr Details:<\/b><\/p>\n<ul>\n<li>Verf\u00fcgbare Farben: Blau, Rosa oder Wei\u00df<\/li>\n<li>Materialien: Kunststoff<\/li>\n<li>Fassungsverm\u00f6gen: 500ml<\/li>\n<\/ul>\n<p>Um das Wohlbefinden und den Komfort Ihres Kaninchens zu gew\u00e4hrleisten, entdecken Sie unser umfangreiches Angebot an <a href=\"https:\/\/www.bunzyland.com\/de\/kaninchen-zubehoer\/\">Kaninchenzubeh\u00f6r<\/a>, das auf alle seine Bed\u00fcrfnisse abgestimmt ist.<\/p>\n","protected":false},"excerpt":{"rendered":"<ul>\n<li>Auslaufsicher<\/li>\n<li>Automatische Bef\u00fcllung<\/li>\n<\/ul>\n","protected":false},"featured_media":11723,"comment_status":"closed","ping_status":"closed","template":"","meta":{"_seopress_robots_primary_cat":"none","_seopress_titles_title":"","_seopress_titles_desc":"Die automatische Kaninchen-Trinkflasche ist das perfekte Accessoire f\u00fcr Ihr Kaninchen. Dieser auslaufsichere Kaninchennapf ist ideal. Ein ideales Kaninchen-Accessoire!","_seopress_robots_index":""},"product_brand":[],"product_cat":[169,205,189],"product_tag":[],"class_list":{"0":"post-12533","1":"product","2":"type-product","3":"status-publish","4":"has-post-thumbnail","6":"product_cat-hasenladen","7":"product_cat-kaninchen-trinkflasche","8":"product_cat-kaninchen-zubehoer","9":"product_shipping_class-ok-mondial-relais-de","11":"first","12":"outofstock","13":"taxable","14":"shipping-taxable","15":"purchasable","16":"product-type-simple"},"_links":{"self":[{"href":"https:\/\/www.bunzyland.com\/de\/wp-json\/wp\/v2\/product\/12533","targetHints":{"allow":["GET"]}}],"collection":[{"href":"https:\/\/www.bunzyland.com\/de\/wp-json\/wp\/v2\/product"}],"about":[{"href":"https:\/\/www.bunzyland.com\/de\/wp-json\/wp\/v2\/types\/product"}],"replies":[{"embeddable":true,"href":"https:\/\/www.bunzyland.com\/de\/wp-json\/wp\/v2\/comments?post=12533"}],"wp:featuredmedia":[{"embeddable":true,"href":"https:\/\/www.bunzyland.com\/de\/wp-json\/wp\/v2\/media\/11723"}],"wp:attachment":[{"href":"https:\/\/www.bunzyland.com\/de\/wp-json\/wp\/v2\/media?parent=12533"}],"wp:term":[{"taxonomy":"product_brand","embeddable":true,"href":"https:\/\/www.bunzyland.com\/de\/wp-json\/wp\/v2\/product_brand?post=12533"},{"taxonomy":"product_cat","embeddable":true,"href":"https:\/\/www.bunzyland.com\/de\/wp-json\/wp\/v2\/product_cat?post=12533"},{"taxonomy":"product_tag","embeddable":true,"href":"https:\/\/www.bunzyland.com\/de\/wp-json\/wp\/v2\/product_tag?post=12533"}],"curies":[{"name":"wp","href":"https:\/\/api.w.org\/{rel}","templated":true}]}}