{"id":12540,"date":"2024-02-19T15:56:09","date_gmt":"2024-02-19T14:56:09","guid":{"rendered":"https:\/\/bunzyland.com\/product\/kaninchenmatte-mit-regenbogen\/"},"modified":"2025-09-12T17:22:05","modified_gmt":"2025-09-12T15:22:05","slug":"kaninchenmatte-mit-regenbogen","status":"publish","type":"product","link":"https:\/\/www.bunzyland.com\/de\/produkt\/kaninchenmatte-mit-regenbogen\/","title":{"rendered":"Kaninchenmatte mit Regenbogen"},"content":{"rendered":"<h2>Die unverzichtbare Kaninchenmatte mit Regenbogen<\/h2>\n<p>Diese<strong> Kaninchenmatte mit Regenbogen<\/strong> ist der ideale Bodenbelag, wenn Sie ein kleines Kaninchen zu Hause haben. Diese<strong> Kaninchenbodenmatte<\/strong> ist ein echter Spielplatz f\u00fcr Ihren Fellball. Er wird es lieben, wie eine Rakete zu rennen und Leckereien zu machen, so sehr wird ihm diese <strong>Hasenmatte<\/strong> gefallen.<\/p>\n<p><img fetchpriority=\"high\" decoding=\"async\" class=\"alignnone wp-image-9893 size-full\" src=\"https:\/\/mon-lapinnain.com\/wp-content\/uploads\/2022\/08\/tapis-pour-lapin-enclos.gif\" alt=\"Kaninchengehege-Matte\" width=\"350\" height=\"438\"><\/p>\n<p>Die Unterseite dieses <strong>Teppichs f\u00fcr Kaninchen<\/strong> ist mit einem sehr griffigen Anti-Rutsch-System ausgestattet. Das ist wirklich ideal f\u00fcr Kaninchen! Dieses<strong> Kaninchen-Accessoire<\/strong> bleibt an seinem Platz und verrutscht nicht, wenn Ihr Liebling unkontrolliert ausrutscht \ud83d\ude09 .<\/p>\n<p><img decoding=\"async\" class=\"alignnone wp-image-9897\" src=\"https:\/\/mon-lapinnain.com\/wp-content\/uploads\/2022\/08\/Tapis-pour-lapin-antiderapant.jpg\" alt=\"Rutschfeste Kaninchenmatte\" width=\"600\" height=\"600\"><\/p>\n<h3>Ein perfekter Boden gegen Pododermatitis<\/h3>\n<p>Es ist wichtig, die Pfoten Ihres Kaninchens zu schonen, denn sie sind sehr empfindlich. Ihr kleines Haustier braucht verschiedene Arten von Bodenbel\u00e4gen in seinem Gehege oder Wohnbereich. Diese <strong>Kaninchenmatte mit Regenbogen<\/strong> bietet einen weichen Boden, aber nicht zu weich, um das Risiko von Pododermatitis zu bek\u00e4mpfen.<br \/>\nFalls Sie es noch nicht wissen: Pododermatitis ist eine Entz\u00fcndung, die an den F\u00fc\u00dfen von Kaninchen auftritt, wenn sie nur harte B\u00f6den vorfinden.<\/p>\n<p><img decoding=\"async\" class=\"alignnone wp-image-9894 size-full\" src=\"https:\/\/mon-lapinnain.com\/wp-content\/uploads\/2022\/08\/tapis-pour-lapin.gif\" alt=\"Kaninchenmatte\" width=\"350\" height=\"389\"><\/p>\n<p>Wie Sie sehen k\u00f6nnen, ist diese<strong> Kaninchenspielmatte<\/strong> eine perfekte Erg\u00e4nzung f\u00fcr den Lebensraum Ihres Kaninchens. Auch Ihr Kaninchen wird es lieben, auf dieser sehr bequemen Matte zu liegen.<\/p>\n<p><strong>Mehr Details:  <\/strong><\/p>\n<ul>\n<li>Farben: Blaugrau und wei\u00dfes Karo mit Regenbogen- und Elefantenmotiven<\/li>\n<li>Materialien: Weicher Stoff und Baumwolle<\/li>\n<li>Gr\u00f6\u00dfen: Erh\u00e4ltlich in 2 verschiedenen Gr\u00f6\u00dfen:<br \/>\n90 x 160 cm \/ 35.43 x 62.99 in<br \/>\n120 x 210 cm \/ 47.24 x 82.68 in<\/li>\n<li>Leicht zu reinigen<\/li>\n<li>Rutschfest (auch nach mehreren W\u00e4schen)<\/li>\n<li>Wasserabweisender Stoff<\/li>\n<\/ul>\n<p><img loading=\"lazy\" decoding=\"async\" class=\"alignnone wp-image-9899\" src=\"https:\/\/mon-lapinnain.com\/wp-content\/uploads\/2022\/08\/Tapis-pour-lapin-pratique.jpg\" alt=\"Wasserabweisende Kaninchenmatte\" width=\"600\" height=\"600\"><\/p>\n<p>F\u00fcr einen angenehmen und geeigneten Spiel- oder Ruheplatz entdecken Sie unsere Kollektion von <a href=\"https:\/\/www.bunzyland.com\/de\/kaninchen-matten\/\">Kaninchenmatten<\/a>, perfekt f\u00fcr den Komfort Ihres kleinen Begleiters.<\/p>\n","protected":false},"excerpt":{"rendered":"<ul>\n<li>Kaninchenboden<\/li>\n<li>Rutschfest<\/li>\n<\/ul>\n","protected":false},"featured_media":11837,"comment_status":"closed","ping_status":"closed","template":"","meta":{"_seopress_robots_primary_cat":"none","_seopress_titles_title":"","_seopress_titles_desc":"Diese Kaninchenmatte mit Regenbogen ist ein Muss f\u00fcr das Gehege oder den Wohnbereich Ihres Kaninchens. Diese rutschfeste Bodenmatte f\u00fcr Kaninchen ist perfekt f\u00fcr Ihr Kaninchen","_seopress_robots_index":""},"product_brand":[],"product_cat":[169,195],"product_tag":[],"class_list":{"0":"post-12540","1":"product","2":"type-product","3":"status-publish","4":"has-post-thumbnail","6":"product_cat-hasenladen","7":"product_cat-kaninchen-matten","8":"product_shipping_class-ok-mondial-relais-de","10":"first","11":"outofstock","12":"taxable","13":"shipping-taxable","14":"purchasable","15":"product-type-variable","16":"has-default-attributes"},"_links":{"self":[{"href":"https:\/\/www.bunzyland.com\/de\/wp-json\/wp\/v2\/product\/12540","targetHints":{"allow":["GET"]}}],"collection":[{"href":"https:\/\/www.bunzyland.com\/de\/wp-json\/wp\/v2\/product"}],"about":[{"href":"https:\/\/www.bunzyland.com\/de\/wp-json\/wp\/v2\/types\/product"}],"replies":[{"embeddable":true,"href":"https:\/\/www.bunzyland.com\/de\/wp-json\/wp\/v2\/comments?post=12540"}],"wp:featuredmedia":[{"embeddable":true,"href":"https:\/\/www.bunzyland.com\/de\/wp-json\/wp\/v2\/media\/11837"}],"wp:attachment":[{"href":"https:\/\/www.bunzyland.com\/de\/wp-json\/wp\/v2\/media?parent=12540"}],"wp:term":[{"taxonomy":"product_brand","embeddable":true,"href":"https:\/\/www.bunzyland.com\/de\/wp-json\/wp\/v2\/product_brand?post=12540"},{"taxonomy":"product_cat","embeddable":true,"href":"https:\/\/www.bunzyland.com\/de\/wp-json\/wp\/v2\/product_cat?post=12540"},{"taxonomy":"product_tag","embeddable":true,"href":"https:\/\/www.bunzyland.com\/de\/wp-json\/wp\/v2\/product_tag?post=12540"}],"curies":[{"name":"wp","href":"https:\/\/api.w.org\/{rel}","templated":true}]}}