{"id":12545,"date":"2024-02-19T15:56:03","date_gmt":"2024-02-19T14:56:03","guid":{"rendered":"https:\/\/bunzyland.com\/product\/spielzeug-fuer-kaninchen-schildkroete\/"},"modified":"2025-09-12T17:22:15","modified_gmt":"2025-09-12T15:22:15","slug":"spielzeug-fuer-kaninchen-schildkroete","status":"publish","type":"product","link":"https:\/\/www.bunzyland.com\/de\/produkt\/spielzeug-fuer-kaninchen-schildkroete\/","title":{"rendered":"Spielzeug f\u00fcr Kaninchen &#8211; Schildkr\u00f6te"},"content":{"rendered":"<h2>Ein schildkr\u00f6tenf\u00f6rmiges Spielzeug f\u00fcr Kaninchen<\/h2>\n<p>Das <strong>Spielzeug f\u00fcr Kaninchen &#8211; Turtle<\/strong> ist ein ultra-stimulierendes und unterhaltsames <strong>Futterspielzeug<\/strong>, perfekt f\u00fcr Ihren kleinen pelzigen Begleiter. In der Tat hilft dieses<strong> Kaninchenspielzeug<\/strong>, den Stress, den Ihr Haustier aufgrund von Langeweile empfinden k\u00f6nnte, zu begrenzen.<\/p>\n<p>Ein Tier, das nicht aktiv ist, neigt dazu, sich daneben zu benehmen oder, schlimmer noch, Unbehagen zu entwickeln, das sich in seinem Verhalten bemerkbar macht.<\/p>\n<h2><img fetchpriority=\"high\" decoding=\"async\" class=\"alignnone wp-image-11759\" style=\"font-size: revert; color: initial; font-family: var(--wp--preset--font-family--primary);\" src=\"https:\/\/mon-lapinnain.com\/wp-content\/uploads\/2023\/04\/jouet-pour-lapin-peluche-fouille.jpg\" alt=\"kaninchen spielzeug pl\u00fcsch  \" width=\"600\" height=\"600\"><\/h2>\n<p>Mit dieser <strong>Kaninchen-Schnuffelmatte<\/strong> bieten Sie Ihrem Kaninchen also die M\u00f6glichkeit, sich stundenlang zu unterhalten und tragen so zu seinem k\u00f6rperlichen und geistigen Wohlbefinden bei.<\/p>\n<p>Dazu m\u00fcssen Sie nur seine Sinne stimulieren, indem Sie seine Lieblingsleckereien in den kleinen \u00d6ffnungen auf der R\u00fcckseite dieses <strong>Hasenspielzeugs<\/strong> verstecken.<\/p>\n<h3><strong>Wie spielen Sie mit Ihrem Hasen?<\/strong><\/h3>\n<p>Diese Art von <strong>Spielzeug f\u00fcr Kaninchen &#8211; Turtle <\/strong>ist ideal, damit Ihr geliebtes Kaninchen seine Sinne aktivieren kann.<\/p>\n<p>Dieses Spielzeug in Form einer Schildkr\u00f6te ist aus weichem, gepolstertem Stoff gefertigt und reizt nicht die Schnauze Ihres Haustieres, das gerne auf dem Spielzeug herumkaut, um an seine Leckereien zu gelangen.<\/p>\n<p><img decoding=\"async\" class=\"alignnone wp-image-11760\" src=\"https:\/\/mon-lapinnain.com\/wp-content\/uploads\/2023\/04\/jouet-pour-lapin-tapis-fouille.jpg\" alt=\"Kaninchenspielzeug W\u00fchlmatte\" width=\"600\" height=\"600\"><\/p>\n<p>Diese <strong>Kaninchenfuttermatte<\/strong> hat die Form einer bezaubernden gr\u00fcnen Schildkr\u00f6te mit einem rosa Panzer und sichtbaren gelben \u00d6ffnungen f\u00fcr Ihren pelzigen Freund.<\/p>\n<p>Die Tatsache, dass dieses <strong>Kaninchenspielzeug<\/strong> aus Stoff gefertigt ist, erm\u00f6glicht eine einfache Pflege. Sie m\u00fcssen es lediglich in der Waschmaschine bei niedriger Temperatur oder mit der Hand waschen.<\/p>\n<p><b>Merkmale:<\/b><\/p>\n<ul>\n<li>Gr\u00f6\u00dfe: 35 x 22 cm \/ 13.8 x 8.7 in<\/li>\n<li>Farbe: Multicolor<\/li>\n<\/ul>\n<p>F\u00fcr noch mehr Spa\u00df f\u00fcr Ihren pelzigen Freund entdecken Sie unsere Auswahl an <a href=\"https:\/\/www.bunzyland.com\/de\/spielzeug-fur-kaninchen\/\">Kaninchenspielzeug<\/a>, das speziell f\u00fcr sein Wohlbefinden und seine Freude entwickelt wurde.<\/p>\n","protected":false},"excerpt":{"rendered":"<ul>\n<li>Kaninchen Futterspielzeug<\/li>\n<li>Lustig und verspielt<\/li>\n<\/ul>\n","protected":false},"featured_media":12051,"comment_status":"closed","ping_status":"closed","template":"","meta":{"_seopress_robots_primary_cat":"none","_seopress_titles_title":"","_seopress_titles_desc":"Das Spielzeug f\u00fcr Kaninchen - Turtle ist ein Futterspielzeug, das die Sinne Ihres Tieres anregt und es unterh\u00e4lt. Das perfekte Kaninchenspielzeug f\u00fcr Kaninchen","_seopress_robots_index":""},"product_brand":[],"product_cat":[169,172],"product_tag":[],"class_list":{"0":"post-12545","1":"product","2":"type-product","3":"status-publish","4":"has-post-thumbnail","6":"product_cat-hasenladen","7":"product_cat-spielzeug-fur-kaninchen","8":"product_shipping_class-ok-mondial-relais-de","10":"first","11":"instock","12":"taxable","13":"shipping-taxable","14":"purchasable","15":"product-type-simple"},"_links":{"self":[{"href":"https:\/\/www.bunzyland.com\/de\/wp-json\/wp\/v2\/product\/12545","targetHints":{"allow":["GET"]}}],"collection":[{"href":"https:\/\/www.bunzyland.com\/de\/wp-json\/wp\/v2\/product"}],"about":[{"href":"https:\/\/www.bunzyland.com\/de\/wp-json\/wp\/v2\/types\/product"}],"replies":[{"embeddable":true,"href":"https:\/\/www.bunzyland.com\/de\/wp-json\/wp\/v2\/comments?post=12545"}],"wp:featuredmedia":[{"embeddable":true,"href":"https:\/\/www.bunzyland.com\/de\/wp-json\/wp\/v2\/media\/12051"}],"wp:attachment":[{"href":"https:\/\/www.bunzyland.com\/de\/wp-json\/wp\/v2\/media?parent=12545"}],"wp:term":[{"taxonomy":"product_brand","embeddable":true,"href":"https:\/\/www.bunzyland.com\/de\/wp-json\/wp\/v2\/product_brand?post=12545"},{"taxonomy":"product_cat","embeddable":true,"href":"https:\/\/www.bunzyland.com\/de\/wp-json\/wp\/v2\/product_cat?post=12545"},{"taxonomy":"product_tag","embeddable":true,"href":"https:\/\/www.bunzyland.com\/de\/wp-json\/wp\/v2\/product_tag?post=12545"}],"curies":[{"name":"wp","href":"https:\/\/api.w.org\/{rel}","templated":true}]}}