{"id":12547,"date":"2024-02-19T15:56:13","date_gmt":"2024-02-19T14:56:13","guid":{"rendered":"https:\/\/bunzyland.com\/product\/gelbe-kuehlende-hasenmatte\/"},"modified":"2025-09-12T17:22:03","modified_gmt":"2025-09-12T15:22:03","slug":"gelbe-kuehlende-hasenmatte","status":"publish","type":"product","link":"https:\/\/www.bunzyland.com\/de\/produkt\/gelbe-kuehlende-hasenmatte\/","title":{"rendered":"Gelbe k\u00fchlende Hasenmatte"},"content":{"rendered":"<h2>Eine k\u00fchlende Kaninchenmatte in gelb Ungiftig<\/h2>\n<p>Die <strong>gelbe k\u00fchlende Hasenmatte<\/strong> ist exklusiv bei Bunzyland erh\u00e4ltlich und ein unverzichtbares <strong>Accessoire<\/strong> f\u00fcr hei\u00dfe Sommer. Diese<strong> Hasenmatte<\/strong> enth\u00e4lt kein Gel, im Gegensatz zu dem, was man normalerweise in dieser Art von Matte findet.<\/p>\n<p><img fetchpriority=\"high\" decoding=\"async\" class=\"alignnone wp-image-9249\" src=\"https:\/\/mon-lapinnain.com\/wp-content\/uploads\/2022\/04\/tapis-pour-lapin-nain-1.jpg\" alt=\"tapis lapin rafraichissant\" width=\"600\" height=\"482\"><\/p>\n<p>Dieses <strong>Kaninchenbett<\/strong> ist absolut NICHT GIFTIG f\u00fcr Ihren treuen Begleiter. Dieses <strong>Bett<\/strong> kann sogar zwei Eisbeutel aufnehmen, die mit der Matte geliefert werden. Diese halten Ihr Kaninchen in den hei\u00dfen Sommern k\u00fchl.<\/p>\n<p><img decoding=\"async\" class=\"alignnone wp-image-9245\" src=\"https:\/\/mon-lapinnain.com\/wp-content\/uploads\/2022\/04\/Lit-pour-lapin-pain-de-glace.jpg\" alt=\"tapis lapin rafraichissant non toxique\" width=\"600\" height=\"600\"><\/p>\n<p>Legen Sie die Eisbeutel f\u00fcr ein paar Stunden in den Gefrierschrank, wickeln Sie sie dann in das Frotteehandtuch und legen Sie sie einfach in die \u00d6ffnung der Matte. Ihr Kaninchen wird es lieben, sich hinzulegen und die Frische der K\u00fchlmatte zu genie\u00dfen!<\/p>\n<p><img decoding=\"async\" class=\"alignnone wp-image-12319\" src=\"https:\/\/mon-lapinnain.com\/wp-content\/uploads\/2022\/04\/tapis-rafraichissant.gif\" alt=\"Tapis rafraichissant\" width=\"400\" height=\"429\"><\/p>\n<h3>Ein hitzesicheres Kaninchenbett<\/h3>\n<p>Die <strong>k\u00fchlende Kaninchenmatte<\/strong> ist, wie der Name schon sagt, ein Bett f\u00fcr Kaninchen, um die Sommerhitze zu bek\u00e4mpfen.<br \/>\nWie Sie wahrscheinlich wissen, m\u00f6gen Kaninchen die Hitze nicht&#8230; Dank dieses<strong> Kaninchenbetts<\/strong> bleibt Ihr kleiner Pelzkopf stundenlang k\u00fchl und verhindert einen Hitzschlag \u263a.<\/p>\n<p><img loading=\"lazy\" decoding=\"async\" class=\"alignnone wp-image-9250\" src=\"https:\/\/mon-lapinnain.com\/wp-content\/uploads\/2022\/04\/tapis-pour-lapin-rafraichissant.jpg\" alt=\"tapis lapin rafraichissant\" width=\"600\" height=\"600\"><\/p>\n<p>Au\u00dferdem wird die Form dieses <strong>Kaninchenbettes<\/strong>, oder auf Englisch<strong>&#8222;snuggle bed<\/strong>&#8222;, von Kaninchen sehr gesch\u00e4tzt. Mit seinen gepolsterten Seiten und der abgeflachten Mitte bietet dieses <strong>Bett<\/strong> Ihrem treuen Begleiter die M\u00f6glichkeit, sich einzukuscheln und ihm ein Gef\u00fchl von Sicherheit und Komfort zu geben.<br \/>\nSo bleibt Ihr langohriger Freund trotz steigender Temperaturen tags\u00fcber v\u00f6llig gelassen.<\/p>\n<p>Das <strong>Kuschelbett<\/strong> ist auch perfekt f\u00fcr Hasenflops. Sie wissen schon, wenn Ihr Hase pl\u00f6tzlich auf die Seite f\u00e4llt und sich streckt, um zu sagen, dass er gl\u00fccklich ist \u263a.<\/p>\n<p><img loading=\"lazy\" decoding=\"async\" class=\"alignnone wp-image-9244\" src=\"https:\/\/mon-lapinnain.com\/wp-content\/uploads\/2022\/04\/Lit-pour-lapin-dehoussable-1.jpg\" alt=\"Lit-pour-lapin-dehoussable\" width=\"600\" height=\"600\"><\/p>\n<p>Und nicht zuletzt ist diese <strong>Kaninchenmatte<\/strong> abnehmbar, so dass sie leicht zu waschen und zu pflegen ist! Und ja&#8230; wir haben an alles gedacht \ud83d\ude09<\/p>\n<p><b>Merkmale:<\/b><\/p>\n<ul>\n<li style=\"font-weight: 400;\" aria-level=\"1\">Farbe: Gelb<\/li>\n<li style=\"font-weight: 400;\" aria-level=\"1\">2 mitgelieferte Eispackungen + gelbes Frotteehandtuch<\/li>\n<li style=\"font-weight: 400;\" aria-level=\"1\">Materialien: Dicke Baumwolle, weicher Stoff + Canvas<\/li>\n<li style=\"font-weight: 400;\" aria-level=\"1\">Gr\u00f6\u00dfe M: 50 x 38cm<\/li>\n<\/ul>\n<p>Damit Ihr Kaninchen an hei\u00dfen Tagen k\u00fchl bleibt, sehen Sie sich unsere Auswahl an k\u00fchlenden Kaninchenmatten an, die speziell f\u00fcr sein thermisches Wohlbefinden entwickelt wurden.<\/p>\n","protected":false},"excerpt":{"rendered":"<ul>\n<li style=\"font-weight: 400;\" aria-level=\"1\">Ungiftig f\u00fcr Kaninchen<\/li>\n<li style=\"font-weight: 400;\" aria-level=\"1\">H\u00e4lt mit K\u00fchlakkus k\u00fchl<\/li>\n<li style=\"font-weight: 400;\" aria-level=\"1\">Von Hand gemacht<\/li>\n<\/ul>\n","protected":false},"featured_media":11703,"comment_status":"closed","ping_status":"closed","template":"","meta":{"_seopress_robots_primary_cat":"none","_seopress_titles_title":"","_seopress_titles_desc":"","_seopress_robots_index":""},"product_brand":[],"product_cat":[169,207,195,193],"product_tag":[],"class_list":{"0":"post-12547","1":"product","2":"type-product","3":"status-publish","4":"has-post-thumbnail","6":"product_cat-hasenladen","7":"product_cat-kaninchen-kuhlmatte","8":"product_cat-kaninchen-matten","9":"product_cat-kaninchenbett","10":"product_shipping_class-ok-mondial-relais-de","12":"first","13":"outofstock","14":"taxable","15":"shipping-taxable","16":"purchasable","17":"product-type-simple"},"_links":{"self":[{"href":"https:\/\/www.bunzyland.com\/de\/wp-json\/wp\/v2\/product\/12547","targetHints":{"allow":["GET"]}}],"collection":[{"href":"https:\/\/www.bunzyland.com\/de\/wp-json\/wp\/v2\/product"}],"about":[{"href":"https:\/\/www.bunzyland.com\/de\/wp-json\/wp\/v2\/types\/product"}],"replies":[{"embeddable":true,"href":"https:\/\/www.bunzyland.com\/de\/wp-json\/wp\/v2\/comments?post=12547"}],"wp:featuredmedia":[{"embeddable":true,"href":"https:\/\/www.bunzyland.com\/de\/wp-json\/wp\/v2\/media\/11703"}],"wp:attachment":[{"href":"https:\/\/www.bunzyland.com\/de\/wp-json\/wp\/v2\/media?parent=12547"}],"wp:term":[{"taxonomy":"product_brand","embeddable":true,"href":"https:\/\/www.bunzyland.com\/de\/wp-json\/wp\/v2\/product_brand?post=12547"},{"taxonomy":"product_cat","embeddable":true,"href":"https:\/\/www.bunzyland.com\/de\/wp-json\/wp\/v2\/product_cat?post=12547"},{"taxonomy":"product_tag","embeddable":true,"href":"https:\/\/www.bunzyland.com\/de\/wp-json\/wp\/v2\/product_tag?post=12547"}],"curies":[{"name":"wp","href":"https:\/\/api.w.org\/{rel}","templated":true}]}}