{"id":12553,"date":"2024-02-19T15:56:08","date_gmt":"2024-02-19T14:56:08","guid":{"rendered":"https:\/\/bunzyland.com\/product\/matten-fuer-kaninchen\/"},"modified":"2026-03-13T11:22:08","modified_gmt":"2026-03-13T10:22:08","slug":"matten-fuer-kaninchen","status":"publish","type":"product","link":"https:\/\/www.bunzyland.com\/de\/produkt\/matten-fuer-kaninchen\/","title":{"rendered":"Matten f\u00fcr Kaninchen"},"content":{"rendered":"<h2>Matten f\u00fcr Kaninchen, das unverzichtbare Zubeh\u00f6r f\u00fcr Ihr Haustier<\/h2>\n<p>Jeder Kaninchenbesitzer wei\u00df, wie wichtig das Wohlbefinden seines Gef\u00e4hrten ist. Unsere <strong>Matten f\u00fcr Kaninchen<\/strong> sind das wesentliche Element zur Bereicherung ihres Lebensraums. \ud83d\udc30\ud83d\udc97<br \/>\nDiese speziell f\u00fcr <strong>Kaninchen<\/strong> entworfene <strong>Bodenmatte<\/strong> ist die perfekte Erg\u00e4nzung f\u00fcr ihr Gehege oder ihren eigenen Bereich. Mit seinem bezaubernden Design, das mit Hasen, Blumen und Karotten verziert ist, bringt es einen Hauch von Fr\u00f6hlichkeit in Ihr Zuhause und bietet gleichzeitig einen gem\u00fctlichen Platz f\u00fcr Ihren kleinen Schatz. \ud83d\udc30\ud83d\udc95Es ist ein Muss, damit Ihr Kaninchen gut gedeiht!<\/p>\n<p><img fetchpriority=\"high\" decoding=\"async\" class=\"alignnone wp-image-10610\" src=\"https:\/\/mon-lapinnain.com\/wp-content\/uploads\/2022\/09\/Tapis-pour-lapin-sol-2.jpg\" alt=\"Anti-Rutsch-Matte f\u00fcr Kaninchen\" width=\"600\" height=\"600\"><\/p>\n<p>Indem Sie diese <strong>Kaninchenmatte<\/strong> in den Spielbereich Ihres Kaninchens integrieren, bieten Sie ihm einen sicheren Orientierungspunkt und einen Ort, an dem es sich nach fr\u00f6hlichen Streichen ausruhen kann. Die rutschfeste Oberfl\u00e4che dieser Kaninchenspielmatte sorgt f\u00fcr perfekten Halt, selbst wenn Ihr Kaninchen heftig spielt! Er bleibt fest an seinem Platz und verhindert so Ausrutscher und St\u00fcrze, die zu leichten Verletzungen f\u00fchren k\u00f6nnen. Auf unserer speziellen Kaninchenmatte, die fest und einladend bleibt, kann Ihr Kaninchen herumtollen, sich ausruhen oder einfach nur in aller Ruhe sein Reich beobachten. \ud83c\udfe1\ud83d\udc96 \ud83c\udf3c\u2728<\/p>\n<h3>Ein von Tier\u00e4rzten empfohlener Boden<\/h3>\n<p>Die Gesundheit der F\u00fc\u00dfe Ihres Kaninchens ist eine ernste Angelegenheit. Unterschiedliche Bodenbel\u00e4ge sind wichtig, um das Risiko von Pododermatitis, einer h\u00e4ufigen Erkrankung bei Hauskaninchen, zu vermeiden. Unsere <strong>Matten f\u00fcr Kaninchen<\/strong> sind der perfekte Verb\u00fcndete, um diese Art von Unannehmlichkeiten zu vermeiden, denn sie bieten eine weiche, geeignete Oberfl\u00e4che. F\u00fcr Kaninchen, die bereits betroffen sind, bietet sie einen geeigneten Komfortbereich, um ihre empfindlichen Pfoten zu beruhigen und ihnen bei ihrer Genesung zu helfen.\ud83d\udc3e\ud83c\udf31<\/p>\n<p><img decoding=\"async\" class=\"alignnone wp-image-10609\" src=\"https:\/\/mon-lapinnain.com\/wp-content\/uploads\/2022\/09\/tapis-pour-lapin-antiderapant-1.jpg\" alt=\"Matte f\u00fcr Kaninchen\" width=\"600\" height=\"600\"><\/p>\n<p>Als Spiel- und Entspannungsbereich f\u00fcgt sich die<strong> Kaninchenmatte<\/strong> harmonisch in das Katzenklo, die Fressn\u00e4pfe und die H\u00fctte Ihres Kaninchens ein und schafft so eine stimmige Umgebung voller Charme. Und keine Sorge, nach dem Waschen bei 30\u00b0C beh\u00e4lt diese Matte alle ihre rutschfesten Eigenschaften. \ud83e\uddfc\ud83c\udf1f<\/p>\n<p><strong>Merkmale:  <\/strong><\/p>\n<ul>\n<li>Farben: Hellgr\u00fcn mit Kaninchenmotiv<\/li>\n<li>Materialien: Weicher Baumwollstoff<\/li>\n<li>Gr\u00f6\u00dfe: Erh\u00e4ltlich in 3 verschiedenen Gr\u00f6\u00dfen<\/li>\n<li>Pflegeleicht<\/li>\n<li>Anti-Rutsch<\/li>\n<li>Gegen Pododermatitis<\/li>\n<\/ul>\n<h2><img decoding=\"async\" class=\"alignnone wp-image-10613\" src=\"https:\/\/mon-lapinnain.com\/wp-content\/uploads\/2022\/09\/Tapis-de-sol-pour-lapin-nain.jpg\" alt=\"Bodenmatte f\u00fcr Zwergkaninchen\" width=\"600\" height=\"600\"><\/h2>\n<p>Entdecken Sie unsere Kollektion von <strong>Kaninchenmatten<\/strong>, perfekt f\u00fcr den Komfort Ihres kleinen Begleiters, f\u00fcr einen angenehmen, geeigneten Spiel- oder Ruhebereich.<\/p>\n","protected":false},"excerpt":{"rendered":"<ul>\n<li>Anti-Rutsch-Matte<\/li>\n<li>Verbessert das Wohlbefinden von Kaninchen<\/li>\n<li>Beugt Pododermatitis vor<\/li>\n<\/ul>\n","protected":false},"featured_media":11845,"comment_status":"closed","ping_status":"closed","template":"","meta":{"_seopress_robots_primary_cat":"none","_seopress_titles_title":"","_seopress_titles_desc":"","_seopress_robots_index":""},"product_brand":[],"product_cat":[169,195],"product_tag":[],"class_list":{"0":"post-12553","1":"product","2":"type-product","3":"status-publish","4":"has-post-thumbnail","6":"product_cat-hasenladen","7":"product_cat-kaninchen-matten","8":"product_shipping_class-ok-mondial-relais-de","10":"first","11":"instock","12":"taxable","13":"shipping-taxable","14":"purchasable","15":"product-type-variable","16":"has-default-attributes"},"_links":{"self":[{"href":"https:\/\/www.bunzyland.com\/de\/wp-json\/wp\/v2\/product\/12553","targetHints":{"allow":["GET"]}}],"collection":[{"href":"https:\/\/www.bunzyland.com\/de\/wp-json\/wp\/v2\/product"}],"about":[{"href":"https:\/\/www.bunzyland.com\/de\/wp-json\/wp\/v2\/types\/product"}],"replies":[{"embeddable":true,"href":"https:\/\/www.bunzyland.com\/de\/wp-json\/wp\/v2\/comments?post=12553"}],"wp:featuredmedia":[{"embeddable":true,"href":"https:\/\/www.bunzyland.com\/de\/wp-json\/wp\/v2\/media\/11845"}],"wp:attachment":[{"href":"https:\/\/www.bunzyland.com\/de\/wp-json\/wp\/v2\/media?parent=12553"}],"wp:term":[{"taxonomy":"product_brand","embeddable":true,"href":"https:\/\/www.bunzyland.com\/de\/wp-json\/wp\/v2\/product_brand?post=12553"},{"taxonomy":"product_cat","embeddable":true,"href":"https:\/\/www.bunzyland.com\/de\/wp-json\/wp\/v2\/product_cat?post=12553"},{"taxonomy":"product_tag","embeddable":true,"href":"https:\/\/www.bunzyland.com\/de\/wp-json\/wp\/v2\/product_tag?post=12553"}],"curies":[{"name":"wp","href":"https:\/\/api.w.org\/{rel}","templated":true}]}}