{"id":12557,"date":"2024-02-19T15:56:06","date_gmt":"2024-02-19T14:56:06","guid":{"rendered":"https:\/\/bunzyland.com\/product\/gelber-kaninchenstall\/"},"modified":"2025-09-12T17:22:14","modified_gmt":"2025-09-12T15:22:14","slug":"gelber-kaninchenstall","status":"publish","type":"product","link":"https:\/\/www.bunzyland.com\/de\/produkt\/gelber-kaninchenstall\/","title":{"rendered":"Gelber Kaninchenstall"},"content":{"rendered":"<h2><strong>Gelber Kaninchenstall: Modifizierbar und gepolstert<\/strong><\/h2>\n<p>Der <strong>Gelbe Kaninchenstall<\/strong> ist eine <strong>Kaninchenmatte<\/strong>, die, wenn sie geschlossen ist, die Form eines Tunnels oder eines <strong>kleinen Hauses<\/strong> annimmt. Ein ideales Accessoire f\u00fcr Ihren kleinen pelzigen Freund, das Ruhe und Spiel miteinander verbindet!<\/p>\n<p><span style=\"font-weight: 400;\">Dieser <strong>Kaninchenstall f\u00fcr drinnen<\/strong> pr\u00e4sentiert sich n\u00e4mlich als flauschige Matte, die an der Seite einen Rei\u00dfverschluss hat. Dadurch kann er sich in einen Mini-Tunnel verwandeln. Sobald der Tunnel geformt ist, haben Sie die M\u00f6glichkeit, ihn an beiden Seiten offen zu lassen oder einen der Ausg\u00e4nge mit dem mitgelieferten Halbkreisst\u00fcck zu verschlie\u00dfen.<\/span><\/p>\n<p><img fetchpriority=\"high\" decoding=\"async\" class=\"alignnone wp-image-11348 size-full\" src=\"https:\/\/mon-lapinnain.com\/wp-content\/uploads\/2023\/04\/maison-pour-lapin.gif\" alt=\"Kaninchenstall\" width=\"300\" height=\"169\"><\/p>\n<p>Au\u00dferdem ist an dieser <strong>Kaninchenbettw\u00e4sche<\/strong> ein kleiner Ball mit einer Schnur befestigt, damit Ihr s\u00fc\u00dfes Fellkn\u00e4uel spielen kann.<\/p>\n<p>Wenn Ihr Kaninchen nicht spielt, kann es sich an die weichen und flauschigen W\u00e4nde seiner <strong>Kaninchenmatte<\/strong> kuscheln und stundenlang friedlich schlafen.<\/p>\n<h3>Ein gem\u00fctliches Versteck f\u00fcr Ihr Kaninchen<\/h3>\n<p>Dieses<strong> Kaninchenbett<\/strong> ist mehr als nur ein einfaches <strong>gelbes Kaninchenhaus<\/strong>. Es ist aus einem weichen und angenehmen Stoff gefertigt, der Ihr Haustier begeistern wird.<\/p>\n<p><img decoding=\"async\" class=\"alignnone wp-image-11347\" src=\"https:\/\/mon-lapinnain.com\/wp-content\/uploads\/2023\/04\/cachette-pour-lapin.jpg\" alt=\"Kaninchengehege\" width=\"600\" height=\"600\"><\/p>\n<p>Einmal geschlossen, bietet dieses <strong>Kaninchenhaus<\/strong> Ihrem Haustier das gleiche Gef\u00fchl wie eine H\u00f6hle. Eine Art <strong>Kaninchenversteck<\/strong>, in dem sie in aller Ruhe schlafen, faulenzen und sich zur\u00fcckziehen k\u00f6nnen, wenn sie Angst haben.<\/p>\n<p>Und schlie\u00dflich sollten Sie beachten, dass es aufgrund der Tatsache, dass es vollst\u00e4ndig aus Stoff besteht, leicht mit der Hand oder in der Maschine bei niedriger Temperatur zu waschen ist.<\/p>\n<p><span style=\"font-weight: 400;\">  <\/span><\/p>\n<p><b>Spezifikationen:<\/b><\/p>\n<ul>\n<li>Gr\u00f6\u00dfe: 50cm x 35cm x 30cm \/ Zoll : (19.7 x 13.8 x 11.8)<\/li>\n<li>Farbe: Gelb mit Eiscreme-Muster&#8220;<\/li>\n<\/ul>\n<p><img decoding=\"async\" class=\"alignnone wp-image-11346\" src=\"https:\/\/mon-lapinnain.com\/wp-content\/uploads\/2023\/04\/cabane-pour-lapin-jaune.jpg\" alt=\"Gelber Kaninchenstall\" width=\"600\" height=\"367\"><\/p>\n<p>Geben Sie Ihrem Kaninchen ein gem\u00fctliches Zuhause mit unserer gro\u00dfen Auswahl an komfortablen, sicheren <a href=\"https:\/\/www.bunzyland.com\/de\/kaninchenstall\/\">Kaninchenh\u00e4usern<\/a>, die alle Bed\u00fcrfnisse Ihres kleinen Begleiters erf\u00fcllen.<\/p>\n","protected":false},"excerpt":{"rendered":"<ul>\n<li>Kaninchenversteck<\/li>\n<li>In Form eines Tunnels<\/li>\n<\/ul>\n","protected":false},"featured_media":11889,"comment_status":"closed","ping_status":"closed","template":"","meta":{"_seopress_robots_primary_cat":"none","_seopress_titles_title":"","_seopress_titles_desc":"Der gelbe Kaninchenstall ist ideal, um ihn Ihrem Haustier anzubieten. Er wird gleichzeitig als Spielplatz und Schlafplatz dienen. Ein idealer Kaninchenstall","_seopress_robots_index":""},"product_brand":[],"product_cat":[173,169,175],"product_tag":[],"class_list":{"0":"post-12557","1":"product","2":"type-product","3":"status-publish","4":"has-post-thumbnail","6":"product_cat-angebote","7":"product_cat-hasenladen","8":"product_cat-kaninchenstall","9":"product_shipping_class-ok-mondial-relais-de","11":"first","12":"outofstock","13":"sale","14":"taxable","15":"shipping-taxable","16":"purchasable","17":"product-type-simple"},"_links":{"self":[{"href":"https:\/\/www.bunzyland.com\/de\/wp-json\/wp\/v2\/product\/12557","targetHints":{"allow":["GET"]}}],"collection":[{"href":"https:\/\/www.bunzyland.com\/de\/wp-json\/wp\/v2\/product"}],"about":[{"href":"https:\/\/www.bunzyland.com\/de\/wp-json\/wp\/v2\/types\/product"}],"replies":[{"embeddable":true,"href":"https:\/\/www.bunzyland.com\/de\/wp-json\/wp\/v2\/comments?post=12557"}],"wp:featuredmedia":[{"embeddable":true,"href":"https:\/\/www.bunzyland.com\/de\/wp-json\/wp\/v2\/media\/11889"}],"wp:attachment":[{"href":"https:\/\/www.bunzyland.com\/de\/wp-json\/wp\/v2\/media?parent=12557"}],"wp:term":[{"taxonomy":"product_brand","embeddable":true,"href":"https:\/\/www.bunzyland.com\/de\/wp-json\/wp\/v2\/product_brand?post=12557"},{"taxonomy":"product_cat","embeddable":true,"href":"https:\/\/www.bunzyland.com\/de\/wp-json\/wp\/v2\/product_cat?post=12557"},{"taxonomy":"product_tag","embeddable":true,"href":"https:\/\/www.bunzyland.com\/de\/wp-json\/wp\/v2\/product_tag?post=12557"}],"curies":[{"name":"wp","href":"https:\/\/api.w.org\/{rel}","templated":true}]}}