{"id":12560,"date":"2024-02-19T15:56:13","date_gmt":"2024-02-19T14:56:13","guid":{"rendered":"https:\/\/bunzyland.com\/product\/kaninchen-ball-pool\/"},"modified":"2025-09-12T17:22:39","modified_gmt":"2025-09-12T15:22:39","slug":"kaninchen-ball-pool","status":"publish","type":"product","link":"https:\/\/www.bunzyland.com\/de\/produkt\/kaninchen-ball-pool\/","title":{"rendered":"Kaninchen Ball Pool"},"content":{"rendered":"<h2><b>Kaninchen Ball Pool : ein lustiges Spielzeug f\u00fcr ihn<\/b><\/h2>\n<p>Dieser <strong>Kaninchenball-Pool<\/strong> ist, wie der Name schon sagt, ein Laufstall, der Hunderte von kleinen bunten <strong>Plastikkaninchenb\u00e4llen<\/strong> aufnehmen kann. Dieses <strong>Spielzeug f\u00fcr Kaninchen<\/strong> hat n\u00e4mlich die Form eines gro\u00dfen, 40 cm hohen Geheges. Perfekt f\u00fcr die Aufnahme einer gro\u00dfen Anzahl von B\u00e4llen (100 bis 200), je nach Wahl. Sein Design und sein farbenfrohes Aussehen werden Ihr H\u00e4schen noch mehr anziehen.<\/p>\n<p><img fetchpriority=\"high\" decoding=\"async\" class=\"alignnone wp-image-9362\" src=\"https:\/\/mon-lapinnain.com\/wp-content\/uploads\/2022\/10\/Jouet-pour-lapin-balles.jpg\" alt=\"Spielzeug f\u00fcr Kaninchen B\u00e4lle\" width=\"600\" height=\"600\"><\/p>\n<p>Ihr H\u00fcndchen wird es lieben, in diesem Spielbereich herumzustreifen, in dem es viele interessante Dinge zu finden gibt \u263a.<\/p>\n<p>Diese Art von <strong>Kaninchenspielzeug<\/strong> ist \u00e4u\u00dferst anregend f\u00fcr die Sinne, bereichernd und erm\u00f6glicht Ihrem Zwergkaninchen eine intensive k\u00f6rperliche Bet\u00e4tigung. All dies f\u00f6rdert sein k\u00f6rperliches Wohlbefinden und seine geistige Entwicklung. Es ist eine tolle<strong> Bereicherung f\u00fcr Kaninchen<\/strong>.<\/p>\n<h3>Ein lebensgro\u00dfes Kaninchenspielzeug<\/h3>\n<p>Der <strong>Kaninchen-Ball-Pool<\/strong> ist von der riesigen Version der<strong> Buddeltiere<\/strong> inspiriert (f\u00fcr noch mehr Spa\u00df \u263a).<\/p>\n<p>Um mit diesem <strong>interaktiven Kaninchenspielzeug<\/strong> zu spielen, m\u00fcssen Sie lediglich die Lieblingsleckereien Ihres geliebten Begleiters am Boden des Laufstalls auslegen und mit den verschiedenen <strong>Kaninchenb\u00e4llen<\/strong> bedecken. Ihr Kaninchen wird dann gerne eintauchen, um seine kleinen Leckereien zu holen.<\/p>\n<p><img decoding=\"async\" class=\"alignnone wp-image-9366\" src=\"https:\/\/mon-lapinnain.com\/wp-content\/uploads\/2022\/10\/Piscine-a%CC%80-balle-pour-lapin.jpg\" alt=\"Spielzeug f\u00fcr Kaninchen B\u00e4lle\" width=\"600\" height=\"600\"><\/p>\n<p>Sie werden sehen, wie er \u00fcberall herumspringt und schn\u00fcffelt, zwischen den B\u00e4llen, auf der Suche nach seinen Lieblingsleckerlis, die er nat\u00fcrlich wieder findet.<\/p>\n<p>Dieses <strong>Spielzeug f\u00fcr Kaninchen<\/strong> besch\u00e4ftigt Ihr Kaninchen zu allen Jahreszeiten, sowohl drinnen als auch drau\u00dfen.<\/p>\n<p><b>Mehr Details:<\/b><\/p>\n<ul>\n<li style=\"font-weight: 400;\" aria-level=\"1\">Laufstall + B\u00e4lle Set<\/li>\n<li style=\"font-weight: 400;\" aria-level=\"1\">Menge: 200 Kugeln<\/li>\n<li style=\"font-weight: 400;\" aria-level=\"1\">Gr\u00f6\u00dfe: 120cm x 40cm hoch (Seite der Tafeln: 60cm) \/ 47.24in x 15.75in hoch (Seite der Tafeln: 23.62in)<\/li>\n<\/ul>\n<p><img decoding=\"async\" class=\"alignnone wp-image-9367\" src=\"https:\/\/mon-lapinnain.com\/wp-content\/uploads\/2022\/10\/Piscine-a%CC%80-balles-pour-lapin-dimension.jpg\" alt=\"Spielzeug f\u00fcr Kaninchen B\u00e4lle\" width=\"600\" height=\"600\"><\/p>\n<p>F\u00fcr noch mehr Spa\u00df f\u00fcr Ihren pelzigen Freund entdecken Sie unsere Auswahl an <a href=\"https:\/\/www.bunzyland.com\/de\/spielzeug-fur-kaninchen\/\">Kaninchenspielzeug<\/a>, das speziell f\u00fcr sein Wohlbefinden und seine Freude entwickelt wurde.<\/p>\n","protected":false},"excerpt":{"rendered":"<ul>\n<li>Verspieltes Spielzeug f\u00fcr Kaninchen<\/li>\n<li>Inspiriert von der Kaninchen-Sammelmatte<\/li>\n<\/ul>\n","protected":false},"featured_media":11735,"comment_status":"closed","ping_status":"closed","template":"","meta":{"_seopress_robots_primary_cat":"none","_seopress_titles_title":"","_seopress_titles_desc":"Der Kaninchenball-Pool ist das ideale Kaninchenspielzeug, um mit Ihrem Haustier Fangen zu spielen und es dabei zu stimulieren. Es ist eine tolle Bereicherung f\u00fcr Kaninchen.","_seopress_robots_index":""},"product_brand":[],"product_cat":[173,169,172],"product_tag":[],"class_list":{"0":"post-12560","1":"product","2":"type-product","3":"status-publish","4":"has-post-thumbnail","6":"product_cat-angebote","7":"product_cat-hasenladen","8":"product_cat-spielzeug-fur-kaninchen","9":"product_shipping_class-ok-mondial-relais-de","11":"first","12":"outofstock","13":"sale","14":"taxable","15":"shipping-taxable","16":"purchasable","17":"product-type-simple"},"_links":{"self":[{"href":"https:\/\/www.bunzyland.com\/de\/wp-json\/wp\/v2\/product\/12560","targetHints":{"allow":["GET"]}}],"collection":[{"href":"https:\/\/www.bunzyland.com\/de\/wp-json\/wp\/v2\/product"}],"about":[{"href":"https:\/\/www.bunzyland.com\/de\/wp-json\/wp\/v2\/types\/product"}],"replies":[{"embeddable":true,"href":"https:\/\/www.bunzyland.com\/de\/wp-json\/wp\/v2\/comments?post=12560"}],"wp:featuredmedia":[{"embeddable":true,"href":"https:\/\/www.bunzyland.com\/de\/wp-json\/wp\/v2\/media\/11735"}],"wp:attachment":[{"href":"https:\/\/www.bunzyland.com\/de\/wp-json\/wp\/v2\/media?parent=12560"}],"wp:term":[{"taxonomy":"product_brand","embeddable":true,"href":"https:\/\/www.bunzyland.com\/de\/wp-json\/wp\/v2\/product_brand?post=12560"},{"taxonomy":"product_cat","embeddable":true,"href":"https:\/\/www.bunzyland.com\/de\/wp-json\/wp\/v2\/product_cat?post=12560"},{"taxonomy":"product_tag","embeddable":true,"href":"https:\/\/www.bunzyland.com\/de\/wp-json\/wp\/v2\/product_tag?post=12560"}],"curies":[{"name":"wp","href":"https:\/\/api.w.org\/{rel}","templated":true}]}}