{"id":12565,"date":"2024-02-19T15:56:08","date_gmt":"2024-02-19T14:56:08","guid":{"rendered":"https:\/\/bunzyland.com\/product\/kaninchen-haengematte-grau\/"},"modified":"2025-09-12T13:14:30","modified_gmt":"2025-09-12T11:14:30","slug":"kaninchen-haengematte-grau","status":"publish","type":"product","link":"https:\/\/www.bunzyland.com\/de\/produkt\/kaninchen-haengematte-grau\/","title":{"rendered":"Kaninchen H\u00e4ngematte &#8211; Grau"},"content":{"rendered":"<h2>Kaninchen-H\u00e4ngematte: Ein lustiger grauer Schlafplatz<\/h2>\n<p>Die <strong>Kaninchen-H\u00e4ngematte &#8211; Grau<\/strong> ist ein unverzichtbares Accessoire, um Ihrem pelzigen Haustier maximalen Komfort zu bieten.<\/p>\n<p>Dieses h\u00e4ngemattenf\u00f6rmige <strong>Kaninchenbett<\/strong> mit Holzbeinen bietet Ihrem Kaninchen einen pers\u00f6nlichen Platz zum Schlafen oder einfach nur zum Faulenzen, wie sie es gerne tun.<\/p>\n<p><span style=\"font-weight: 400;\"><img fetchpriority=\"high\" decoding=\"async\" class=\"alignnone wp-image-11290\" src=\"https:\/\/mon-lapinnain.com\/wp-content\/uploads\/2023\/04\/hamac-lapin.jpg\" alt=\"H\u00e4ngematte f\u00fcr Kaninchen\" width=\"600\" height=\"418\"><\/span><\/p>\n<p>Die erh\u00f6hte Position dieses <strong>Hasenbettes<\/strong> gibt Ihrem Kleinen ein Gef\u00fchl der Sicherheit und des Komforts, da es seine Umgebung im Auge behalten kann, was f\u00fcr seine nat\u00fcrlichen Instinkte unerl\u00e4sslich ist. Als Beutetiere brauchen Kaninchen einen \u00dcberblick \u00fcber ihre Umgebung, um sich sicher und geborgen zu f\u00fchlen.<\/p>\n<p><img decoding=\"async\" class=\"alignnone wp-image-11295\" src=\"https:\/\/mon-lapinnain.com\/wp-content\/uploads\/2023\/04\/lit-pour-lapin-nain.jpg\" alt=\"Kaninchenbett aus Holz\" width=\"600\" height=\"600\"><\/p>\n<p>Indem Sie <strong>Ihrem Kaninchen<\/strong> dieses <strong>Bett<\/strong> zur Verf\u00fcgung stellen, bieten Sie ihm einen Platz, an dem es sich in Ruhe ausruhen und sicher f\u00fchlen kann.<\/p>\n<h3>Ein bezauberndes Bett f\u00fcr Kaninchen<\/h3>\n<p>Diese <strong>H\u00e4ngematte Rabbit &#8211; Grau<\/strong> ist perfekt f\u00fcr den Innenbereich geeignet. Der grau gestreifte Stoff passt in jeden Raum, ohne mit Ihrer Einrichtung zu kollidieren. Sie k\u00f6nnen dieses <strong>Kaninchenbett<\/strong> auch in das Gehege Ihres Tieres stellen, so dass es jederzeit darauf zugreifen kann.<\/p>\n<p><img decoding=\"async\" class=\"alignnone wp-image-11291\" src=\"https:\/\/mon-lapinnain.com\/wp-content\/uploads\/2023\/04\/Hamac-pour-lapin-1.jpg\" alt=\"Kaninchenbett\" width=\"600\" height=\"600\"><\/p>\n<p>Diese <strong>H\u00e4ngematte f\u00fcr Kaninchen<\/strong> besteht aus einer stabilen Holzstruktur und einem festen Stoffkern und ist sowohl bequem als auch langlebig.<\/p>\n<p>Da dieses <strong>Bett f\u00fcr Kaninchen<\/strong> leicht erh\u00f6ht steht, kann Ihr pelziges Haustier vor allem im Sommer eine angenehme Temperatur genie\u00dfen. Sie k\u00f6nnen einen Eisbeutel darunter legen, damit Ihr Kaninchen k\u00fchl und erfrischt bleibt.<\/p>\n<p><img loading=\"lazy\" decoding=\"async\" class=\"alignnone wp-image-11289\" src=\"https:\/\/mon-lapinnain.com\/wp-content\/uploads\/2023\/04\/hamac-gris-pour-lapin.jpg\" alt=\"Graue H\u00e4ngematte f\u00fcr Kaninchen\" width=\"600\" height=\"600\"><\/p>\n<p><b>Spezifikationen:<\/b><\/p>\n<ul>\n<li>  Materialien: Holz und Stoff<\/li>\n<li>  Gr\u00f6\u00dfe: 53cm x 48cm x 13cm<\/li>\n<li>Farbe: Grau gestreiftes Muster<\/li>\n<\/ul>\n<p>Um Ihrem kleinen Begleiter einen ruhigen, komfortablen Schlaf zu garantieren, entdecken Sie unser speziell ausgew\u00e4hltes Sortiment an <a href=\"https:\/\/www.bunzyland.com\/de\/kaninchenbett\/\">Kaninchenbetten<\/a>.<\/p>\n","protected":false},"excerpt":{"rendered":"<ul>\n<li>Bett f\u00fcr Kaninchen<\/li>\n<li>Bett aus Holz<\/li>\n<\/ul>\n","protected":false},"featured_media":11871,"comment_status":"closed","ping_status":"closed","template":"","meta":{"_seopress_robots_primary_cat":"none","_seopress_titles_title":"","_seopress_titles_desc":"Die Kaninchen-H\u00e4ngematte - grau ist ein unverzichtbares Ruhe-Accessoire f\u00fcr das Wohlbefinden Ihres Haustiers. Dieses Kaninchenbett aus Holz ist ideal f\u00fcr ein Nickerchen.","_seopress_robots_index":""},"product_brand":[],"product_cat":[169,193],"product_tag":[],"class_list":{"0":"post-12565","1":"product","2":"type-product","3":"status-publish","4":"has-post-thumbnail","6":"product_cat-hasenladen","7":"product_cat-kaninchenbett","8":"product_shipping_class-ok-mondial-relais-de","10":"first","11":"instock","12":"taxable","13":"shipping-taxable","14":"purchasable","15":"product-type-simple"},"_links":{"self":[{"href":"https:\/\/www.bunzyland.com\/de\/wp-json\/wp\/v2\/product\/12565","targetHints":{"allow":["GET"]}}],"collection":[{"href":"https:\/\/www.bunzyland.com\/de\/wp-json\/wp\/v2\/product"}],"about":[{"href":"https:\/\/www.bunzyland.com\/de\/wp-json\/wp\/v2\/types\/product"}],"replies":[{"embeddable":true,"href":"https:\/\/www.bunzyland.com\/de\/wp-json\/wp\/v2\/comments?post=12565"}],"wp:featuredmedia":[{"embeddable":true,"href":"https:\/\/www.bunzyland.com\/de\/wp-json\/wp\/v2\/media\/11871"}],"wp:attachment":[{"href":"https:\/\/www.bunzyland.com\/de\/wp-json\/wp\/v2\/media?parent=12565"}],"wp:term":[{"taxonomy":"product_brand","embeddable":true,"href":"https:\/\/www.bunzyland.com\/de\/wp-json\/wp\/v2\/product_brand?post=12565"},{"taxonomy":"product_cat","embeddable":true,"href":"https:\/\/www.bunzyland.com\/de\/wp-json\/wp\/v2\/product_cat?post=12565"},{"taxonomy":"product_tag","embeddable":true,"href":"https:\/\/www.bunzyland.com\/de\/wp-json\/wp\/v2\/product_tag?post=12565"}],"curies":[{"name":"wp","href":"https:\/\/api.w.org\/{rel}","templated":true}]}}