{"id":12566,"date":"2024-02-19T15:56:02","date_gmt":"2024-02-19T14:56:02","guid":{"rendered":"https:\/\/bunzyland.com\/product\/kaninchenmatte-fuer-gehege\/"},"modified":"2026-02-14T11:57:56","modified_gmt":"2026-02-14T10:57:56","slug":"kaninchenmatte-fuer-gehege","status":"publish","type":"product","link":"https:\/\/www.bunzyland.com\/de\/produkt\/kaninchenmatte-fuer-gehege\/","title":{"rendered":"Kaninchenmatte f\u00fcr Gehege"},"content":{"rendered":"<h2>Kaninchenmatte f\u00fcr das Gehege: bequem und perfekt f\u00fcr Binkies<\/h2>\n<p>Die <strong>Kaninchenmatte f\u00fcr das Gehege<\/strong> ist ein unverzichtbares <strong>Zubeh\u00f6r<\/strong> f\u00fcr die Einrichtung des Kaninchengeheges oder des daf\u00fcr vorgesehenen Platzes. Dieser <strong>Bodenbelag f\u00fcr Kaninchenk\u00e4fige<\/strong> sieht nicht nur niedlich aus, sondern bietet Ihrem pelzigen Gef\u00e4hrten auch eine bequeme Oberfl\u00e4che zum Schlafen und Faulenzen, insbesondere f\u00fcr seine empfindlichen Pfoten.<\/p>\n<p><img fetchpriority=\"high\" decoding=\"async\" class=\"alignnone wp-image-11769\" src=\"https:\/\/mon-lapinnain.com\/wp-content\/uploads\/2023\/04\/tapis-pour-enclos-lapin.jpg\" alt=\"Matte f\u00fcr Kaninchengehege\" width=\"600\" height=\"600\"><\/p>\n<p>Diese weiche und rutschfeste <strong>Bodenmatte f\u00fcr Kaninchen<\/strong> bleibt an ihrem Platz, auch wenn Ihr Kaninchen darauf heruml\u00e4uft oder ausrutscht.<\/p>\n<p><img decoding=\"async\" class=\"alignnone wp-image-11767\" src=\"https:\/\/mon-lapinnain.com\/wp-content\/uploads\/2023\/04\/tapis-enclos-lapin.jpg\" alt=\"Kaninchenboden\" width=\"600\" height=\"600\"><\/p>\n<p>Dieser <strong>Kaninchenboden<\/strong> kann auch als lustiger Spielbereich dienen, wenn Sie ein kleines Haus, ein Bett und Spielzeug hinzuf\u00fcgen. Was k\u00f6nnte besser f\u00fcr ihren Komfort sein!<\/p>\n<h3>Eine multifunktionale Kanincheneinstreu<\/h3>\n<p>Diese rechteckige <strong>Kaninchenmatte<\/strong> <strong>f\u00fcr das Gehege <\/strong>besteht aus weichem und angenehmem Baumwollstoff mit einer d\u00fcnnen Polsterschicht auf der Innenseite, die Ihrem Haustier maximalen Komfort bietet, insbesondere f\u00fcr diejenigen, die unter Pododermatitis leiden.<\/p>\n<p><img decoding=\"async\" class=\"alignnone wp-image-11773\" src=\"https:\/\/mon-lapinnain.com\/wp-content\/uploads\/2023\/04\/tapis-anti-pododermatite-lapin.jpg\" alt=\"Anti-Pododermatitis-Kaninchen\" width=\"600\" height=\"600\"><\/p>\n<p>Um diese<strong> Kaninchenspieldecke<\/strong> zu verwenden, legen Sie sie einfach in das Gehege oder Zimmer Ihres Kaninchens. Sie k\u00f6nnen diesen<strong> Kaninchenboden <\/strong>auch als Einstreu f\u00fcr Ihr Kaninchen verwenden, wenn Sie unterwegs sind. Er ist leicht zu transportieren, damit Ihr Kaninchen einen bequemen Platz mit vertrauten Ger\u00fcchen hat.<\/p>\n<p><img loading=\"lazy\" decoding=\"async\" class=\"alignnone wp-image-11772\" src=\"https:\/\/mon-lapinnain.com\/wp-content\/uploads\/2023\/04\/tapis-pour-lapin-1.jpg\" alt=\"Kaninchenmatte\" width=\"600\" height=\"600\"><\/p>\n<p>Da diese<strong> Kaninchenmatte<\/strong> aus Stoff besteht, k\u00f6nnen Sie sie bei niedrigen Temperaturen in der Waschmaschine waschen und so f\u00fcr Ihr geliebtes Haustier sauber halten.<\/p>\n<p><b>Merkmale:<\/b><\/p>\n<ul>\n<li>Kaninchenmatte f\u00fcr Gehege<\/li>\n<li>Farbe: Wei\u00df mit Kaninchenmuster<\/li>\n<li>Material: Weicher Baumwollstoff<\/li>\n<li>Gr\u00f6\u00dfe: 2 verschiedene Gr\u00f6\u00dfen:<br \/>\n90 x 160 cm \/ 35.43 x 62.99 in<br \/>\n120 x 210 cm \/ 47.24 x 82.68 in<\/li>\n<li>Leicht zu pflegen<\/li>\n<li>Rutschfest<\/li>\n<li>Anti-Pododermatitis<\/li>\n<li>Wasserfest<\/li>\n<\/ul>\n<p><img loading=\"lazy\" decoding=\"async\" class=\"alignnone wp-image-11783\" src=\"https:\/\/mon-lapinnain.com\/wp-content\/uploads\/2023\/04\/tapis-antiderapant-pour-lapin.jpg\" alt=\"Anti-Rutsch-Matte f\u00fcr Kaninchen\" width=\"600\" height=\"600\"><\/p>\n<p>Entdecken Sie unsere Kollektion von <a href=\"https:\/\/www.bunzyland.com\/de\/kaninchen-matten\/\">Kaninchenmatten<\/a>, die perfekt f\u00fcr den Komfort Ihres kleinen Begleiters sind, f\u00fcr einen angenehmen und geeigneten Spiel- oder Ruhebereich.<\/p>\n","protected":false},"excerpt":{"rendered":"<ul>\n<li>Anti-Rutsch-Matte f\u00fcr Kaninchen<\/li>\n<li>Kampf gegen Pododermatitis<\/li>\n<\/ul>\n","protected":false},"featured_media":12055,"comment_status":"closed","ping_status":"closed","template":"","meta":{"_seopress_robots_primary_cat":"none","_seopress_titles_title":"","_seopress_titles_desc":"Die Kaninchenmatte f\u00fcr Gehege ist das ideale Zubeh\u00f6r, um Ihrem Haustier einen bequemen Platz zum Schlafen und Spielen zu bieten. Die perfekte Spielmatte f\u00fcr Kaninchen","_seopress_robots_index":""},"product_brand":[],"product_cat":[169,195],"product_tag":[],"class_list":{"0":"post-12566","1":"product","2":"type-product","3":"status-publish","4":"has-post-thumbnail","6":"product_cat-hasenladen","7":"product_cat-kaninchen-matten","8":"product_shipping_class-ok-mondial-relais-de","10":"first","11":"outofstock","12":"taxable","13":"shipping-taxable","14":"purchasable","15":"product-type-variable","16":"has-default-attributes"},"_links":{"self":[{"href":"https:\/\/www.bunzyland.com\/de\/wp-json\/wp\/v2\/product\/12566","targetHints":{"allow":["GET"]}}],"collection":[{"href":"https:\/\/www.bunzyland.com\/de\/wp-json\/wp\/v2\/product"}],"about":[{"href":"https:\/\/www.bunzyland.com\/de\/wp-json\/wp\/v2\/types\/product"}],"replies":[{"embeddable":true,"href":"https:\/\/www.bunzyland.com\/de\/wp-json\/wp\/v2\/comments?post=12566"}],"wp:featuredmedia":[{"embeddable":true,"href":"https:\/\/www.bunzyland.com\/de\/wp-json\/wp\/v2\/media\/12055"}],"wp:attachment":[{"href":"https:\/\/www.bunzyland.com\/de\/wp-json\/wp\/v2\/media?parent=12566"}],"wp:term":[{"taxonomy":"product_brand","embeddable":true,"href":"https:\/\/www.bunzyland.com\/de\/wp-json\/wp\/v2\/product_brand?post=12566"},{"taxonomy":"product_cat","embeddable":true,"href":"https:\/\/www.bunzyland.com\/de\/wp-json\/wp\/v2\/product_cat?post=12566"},{"taxonomy":"product_tag","embeddable":true,"href":"https:\/\/www.bunzyland.com\/de\/wp-json\/wp\/v2\/product_tag?post=12566"}],"curies":[{"name":"wp","href":"https:\/\/api.w.org\/{rel}","templated":true}]}}