{"id":12568,"date":"2024-02-19T15:56:10","date_gmt":"2024-02-19T14:56:10","guid":{"rendered":"https:\/\/bunzyland.com\/product\/kaninchentransporter-mit-verlaengerung\/"},"modified":"2025-10-02T17:56:09","modified_gmt":"2025-10-02T15:56:09","slug":"kaninchentransporter-mit-verlaengerung","status":"publish","type":"product","link":"https:\/\/www.bunzyland.com\/de\/produkt\/kaninchentransporter-mit-verlaengerung\/","title":{"rendered":"Kaninchentransporter mit Verl\u00e4ngerung"},"content":{"rendered":"<h2><b>Kaninchentragetasche: bequem mit Verl\u00e4ngerung<\/b><\/h2>\n<p>Der <strong>Kaninchentransporter mit Verl\u00e4ngerung<\/strong> ist perfekt f\u00fcr den sicheren Transport Ihres Haustiers. Diese <strong>Kaninchentransportbox <\/strong>ist ideal f\u00fcr Reisen und\/oder um Ihr Kaninchen zum Tierarzt zu bringen.<\/p>\n<p>Ob mit dem Auto oder anderen Reisemitteln, diese<strong> Reisetasche<\/strong> ist das Beste f\u00fcr Reisen, denn sie ist gut bel\u00fcftet und sehr bequem.<\/p>\n<p><img fetchpriority=\"high\" decoding=\"async\" class=\"alignnone wp-image-9446\" src=\"https:\/\/mon-lapinnain.com\/wp-content\/uploads\/2022\/07\/sac-de-transport-lapin-nain.jpg\" alt=\"Kaninchentransporter mit Verl\u00e4ngerung\" width=\"600\" height=\"600\"><\/p>\n<p>Au\u00dferdem kann dieses <strong>Kaninchenzubeh\u00f6r<\/strong> an beiden Seiten erweitert werden, so dass Ihr Haustier mehr Platz hat.<\/p>\n<h3>Die ideale Tasche f\u00fcr Br\u00f6tchen<\/h3>\n<p>Das Besondere an diesem <strong>Kaninchentransporter mit Verl\u00e4ngerung<\/strong> sind die \u00d6ffnungen an den Seiten. Dieses scheinbar &#8222;normale&#8220; <strong>Kaninchen-Accessoire<\/strong> hat zwei Rei\u00dfverschl\u00fcsse an den Seiten. Diese Rei\u00dfverschl\u00fcsse erm\u00f6glichen es Ihnen, die Tasche zu vergr\u00f6\u00dfern und Ihrem kleinen pelzigen Freund mehr Platz zu bieten.<\/p>\n<p><img decoding=\"async\" class=\"alignnone wp-image-9442\" src=\"https:\/\/mon-lapinnain.com\/wp-content\/uploads\/2022\/07\/cage-de-transport-lapin.jpg\" alt=\"Kaninchentr\u00e4ger\" width=\"600\" height=\"600\"><\/p>\n<p>Das bedeutet, dass das, was fr\u00fcher eine Trennwand war, wenn die <strong>Tasche f\u00fcr Kaninchen<\/strong> geschlossen war, sich jetzt T-f\u00f6rmig \u00f6ffnet, um Ihrem Kaninchen mehr Platz zu bieten; ideal auf Reisen, da es sich nicht so eingeengt f\u00fchlt.<\/p>\n<p>Im ge\u00f6ffneten Zustand sind die Seiten dieser <strong>Kaninchentransportbox mit Verl\u00e4ngerung<\/strong> aus Mesh-Gewebe gefertigt. So kann die Luft zirkulieren und Ihr langohriger Freund hat einen guten \u00dcberblick \u00fcber seine Umgebung.<\/p>\n<p><img decoding=\"async\" class=\"alignnone wp-image-9443\" src=\"https:\/\/mon-lapinnain.com\/wp-content\/uploads\/2022\/07\/cage-de-transport-pour-lapin.jpg\" alt=\"Kaninchentransporter f\u00fcr die Reise\" width=\"600\" height=\"541\"><\/p>\n<p>Schlie\u00dflich hat diese<strong> Kaninchentasche<\/strong> reflektierende Streifen, die im Dunkeln fluoreszieren. Dies ist eine sehr wichtige Eigenschaft, die Sie ber\u00fccksichtigen sollten, wenn Sie nachts reisen.<\/p>\n<p><b>Mehr Details:<\/b><\/p>\n<p>Materialien: Steifer Stoff<br \/>\nFarbe: Grau oder Schwarz<br \/>\nMit weicher Matte<\/p>\n<p><b> <\/b><\/p>\n<p><img loading=\"lazy\" decoding=\"async\" class=\"alignnone wp-image-9445\" src=\"https:\/\/mon-lapinnain.com\/wp-content\/uploads\/2022\/07\/sac-de-transport-lapin-D.jpg\" alt=\"Kaninchentasche\" width=\"437\" height=\"600\"><\/p>\n","protected":false},"excerpt":{"rendered":"<ul>\n<li>Kaninchen Accessoire<\/li>\n<li>Kaninchen Tasche<\/li>\n<\/ul>\n","protected":false},"featured_media":11777,"comment_status":"closed","ping_status":"closed","template":"","meta":{"_seopress_robots_primary_cat":"none","_seopress_titles_title":"","_seopress_titles_desc":"Die Kaninchentasche mit Verl\u00e4ngerung ist ideal f\u00fcr Reisen und den Transport Ihres Kaninchens zum Tierarzt. Ein sehr praktisches Kaninchen-Accessoire!","_seopress_robots_index":""},"product_brand":[],"product_cat":[169,194,189],"product_tag":[],"class_list":{"0":"post-12568","1":"product","2":"type-product","3":"status-publish","4":"has-post-thumbnail","6":"product_cat-hasenladen","7":"product_cat-kaninchen-transportbox","8":"product_cat-kaninchen-zubehoer","9":"product_shipping_class-ok-mondial-relais-de","11":"first","12":"instock","13":"taxable","14":"shipping-taxable","15":"purchasable","16":"product-type-simple"},"_links":{"self":[{"href":"https:\/\/www.bunzyland.com\/de\/wp-json\/wp\/v2\/product\/12568","targetHints":{"allow":["GET"]}}],"collection":[{"href":"https:\/\/www.bunzyland.com\/de\/wp-json\/wp\/v2\/product"}],"about":[{"href":"https:\/\/www.bunzyland.com\/de\/wp-json\/wp\/v2\/types\/product"}],"replies":[{"embeddable":true,"href":"https:\/\/www.bunzyland.com\/de\/wp-json\/wp\/v2\/comments?post=12568"}],"wp:featuredmedia":[{"embeddable":true,"href":"https:\/\/www.bunzyland.com\/de\/wp-json\/wp\/v2\/media\/11777"}],"wp:attachment":[{"href":"https:\/\/www.bunzyland.com\/de\/wp-json\/wp\/v2\/media?parent=12568"}],"wp:term":[{"taxonomy":"product_brand","embeddable":true,"href":"https:\/\/www.bunzyland.com\/de\/wp-json\/wp\/v2\/product_brand?post=12568"},{"taxonomy":"product_cat","embeddable":true,"href":"https:\/\/www.bunzyland.com\/de\/wp-json\/wp\/v2\/product_cat?post=12568"},{"taxonomy":"product_tag","embeddable":true,"href":"https:\/\/www.bunzyland.com\/de\/wp-json\/wp\/v2\/product_tag?post=12568"}],"curies":[{"name":"wp","href":"https:\/\/api.w.org\/{rel}","templated":true}]}}