{"id":12576,"date":"2024-02-19T15:56:12","date_gmt":"2024-02-19T14:56:12","guid":{"rendered":"https:\/\/bunzyland.com\/product\/kaninchennagelknipser-mit-led\/"},"modified":"2025-09-12T17:21:52","modified_gmt":"2025-09-12T15:21:52","slug":"kaninchennagelknipser-mit-led","status":"publish","type":"product","link":"https:\/\/www.bunzyland.com\/de\/produkt\/kaninchennagelknipser-mit-led\/","title":{"rendered":"Kaninchennagelknipser mit LED"},"content":{"rendered":"<h2><b>Kaninchennagelknipser mit LED: sicher und ideal<\/b><\/h2>\n<p><strong>Kaninchennagelknipser mit LED<\/strong> sind ein sehr wichtiges Zubeh\u00f6r, wenn Sie ein Kaninchen zu Hause haben. Vor allem, weil Ihr kleiner Freund sich stark kratzen und verletzen kann! Zweitens sollten Sie wissen, dass die Kleinen instinktiv gerne am Boden kratzen. Wenn die Krallen Ihres Kaninchens zu lang werden, k\u00f6nnen sie den Boden des Zimmers besch\u00e4digen (vor allem, wenn es sich um einen Holzboden handelt).<\/p>\n<p><img fetchpriority=\"high\" decoding=\"async\" class=\"alignnone wp-image-9429\" src=\"https:\/\/mon-lapinnain.com\/wp-content\/uploads\/2022\/08\/Coupe-griffe-lapin.jpg\" alt=\"Nagelknipser f\u00fcr Kaninchen  \" width=\"600\" height=\"600\"><\/p>\n<p>Wie bei jedem anderen Haustier ist die Pflege und das Trimmen der Krallen Ihres Zwergkaninchens also unerl\u00e4sslich, um es vor m\u00f6glichen Verletzungen zu sch\u00fctzen UND um Ihren Fu\u00dfboden und Ihre Teppiche zu schonen.<\/p>\n<p>Dieses <strong>Kaninchenzubeh\u00f6r<\/strong> ist ideal und sehr praktisch f\u00fcr diesen Zweck, denn es verf\u00fcgt \u00fcber ein kleines LED-Licht, mit dem Sie die Krallen Ihres Kaninchens gefahrlos trimmen k\u00f6nnen.<\/p>\n<h3><b><span data-sheets-value=\"{\"1\":2,\"2\":\"best nail clippers for rabbits\"}\" data-sheets-userformat=\"{\"2\":8897,\"3\":{\"1\":0},\"9\":1,\"10\":1,\"12\":0,\"16\":11}\">Das beste Zubeh\u00f6r f\u00fcr Kaninchen<\/span> <\/b><\/h3>\n<p>Der <strong>Kaninchennagelknipser mit LED<\/strong> ist sehr einfach zu bedienen. Er enth\u00e4lt eine kleine Batterie (wie die in Autoschl\u00fcsseln). Dr\u00fccken Sie einfach die ON\/OFF-Taste, um das Licht einzuschalten<\/p>\n<p><img decoding=\"async\" class=\"alignnone wp-image-9430\" src=\"https:\/\/mon-lapinnain.com\/wp-content\/uploads\/2022\/08\/lapin-coupe-griffe.jpg\" alt=\"Kaninchennagelknipser mit LED\" width=\"600\" height=\"600\"><\/p>\n<p>Dar\u00fcber hinaus sorgt das in diesem <strong>Kaninchenzubeh\u00f6r<\/strong> integrierte LED-Licht f\u00fcr eine bessere Sichtbarkeit der Blutlinie, die nicht erreicht werden sollte. Z\u00f6gern Sie nicht, Ihren Tierarzt zu fragen, bevor Sie diesen <strong>Nagelknipser f\u00fcr Kaninchen<\/strong> zum ersten Mal verwenden.<\/p>\n<p>Sie sollten auch wissen, dass dieses Zubeh\u00f6r eine Sicherheitsverriegelung enth\u00e4lt, mit der Sie die Schneideklinge fixieren k\u00f6nnen.<\/p>\n<p><b>Mehr Details:<\/b><\/p>\n<ul>\n<li aria-level=\"1\">Verf\u00fcgbare Farbe: Blau<\/li>\n<li aria-level=\"1\">Integriertes LED-Licht<\/li>\n<\/ul>\n","protected":false},"excerpt":{"rendered":"<ul>\n<li>100% sicher<\/li>\n<li>Einfach zu benutzen<\/li>\n<li>Helles<\/li>\n<\/ul>\n","protected":false},"featured_media":10055,"comment_status":"closed","ping_status":"closed","template":"","meta":{"_seopress_robots_primary_cat":"none","_seopress_titles_title":"","_seopress_titles_desc":"Kaninchennagelknipser mit LED sind perfekt, um die kleinen Krallen Ihres Kaninchens sicher zu pflegen, ohne es zu verletzen. Das beste Kaninchen-Accessoire!","_seopress_robots_index":""},"product_brand":[],"product_cat":[173,169,189,215],"product_tag":[],"class_list":{"0":"post-12576","1":"product","2":"type-product","3":"status-publish","4":"has-post-thumbnail","6":"product_cat-angebote","7":"product_cat-hasenladen","8":"product_cat-kaninchen-zubehoer","9":"product_cat-nagelknipser-fur-kaninchen","11":"first","12":"outofstock","13":"sale","14":"taxable","15":"shipping-taxable","16":"purchasable","17":"product-type-simple"},"_links":{"self":[{"href":"https:\/\/www.bunzyland.com\/de\/wp-json\/wp\/v2\/product\/12576","targetHints":{"allow":["GET"]}}],"collection":[{"href":"https:\/\/www.bunzyland.com\/de\/wp-json\/wp\/v2\/product"}],"about":[{"href":"https:\/\/www.bunzyland.com\/de\/wp-json\/wp\/v2\/types\/product"}],"replies":[{"embeddable":true,"href":"https:\/\/www.bunzyland.com\/de\/wp-json\/wp\/v2\/comments?post=12576"}],"wp:featuredmedia":[{"embeddable":true,"href":"https:\/\/www.bunzyland.com\/de\/wp-json\/wp\/v2\/media\/10055"}],"wp:attachment":[{"href":"https:\/\/www.bunzyland.com\/de\/wp-json\/wp\/v2\/media?parent=12576"}],"wp:term":[{"taxonomy":"product_brand","embeddable":true,"href":"https:\/\/www.bunzyland.com\/de\/wp-json\/wp\/v2\/product_brand?post=12576"},{"taxonomy":"product_cat","embeddable":true,"href":"https:\/\/www.bunzyland.com\/de\/wp-json\/wp\/v2\/product_cat?post=12576"},{"taxonomy":"product_tag","embeddable":true,"href":"https:\/\/www.bunzyland.com\/de\/wp-json\/wp\/v2\/product_tag?post=12576"}],"curies":[{"name":"wp","href":"https:\/\/api.w.org\/{rel}","templated":true}]}}