{"id":12580,"date":"2024-02-19T15:56:14","date_gmt":"2024-02-19T14:56:14","guid":{"rendered":"https:\/\/bunzyland.com\/product\/kaninchenbett-gestreift\/"},"modified":"2025-09-12T17:22:02","modified_gmt":"2025-09-12T15:22:02","slug":"kaninchenbett-gestreift","status":"publish","type":"product","link":"https:\/\/www.bunzyland.com\/de\/produkt\/kaninchenbett-gestreift\/","title":{"rendered":"Kaninchenbett gestreift"},"content":{"rendered":"<h2>Ein Kaninchenbett gestreift perfekt f\u00fcr Flops<\/h2>\n<p>Das <strong>Kaninchenbett gestreift<\/strong> ist das perfekte <strong>Kuschelbett<\/strong>, in dem Ihr Kaninchen in Ruhe ruhen kann. Dieses <strong>Kaninchenbett<\/strong> mit seinen gut gepolsterten Seiten und der abgeflachten Mitte erm\u00f6glicht es Ihrem kleinen Fellkn\u00e4uel, sich hin und her zu rollen, ohne sich zu verletzen und dabei gut gest\u00fctzt zu werden.<\/p>\n<p><span style=\"font-weight: 400;\"><img fetchpriority=\"high\" decoding=\"async\" class=\"alignnone wp-image-9235\" src=\"https:\/\/mon-lapinnain.com\/wp-content\/uploads\/2022\/04\/Lit-pour-lapin-snuggle.jpg\" alt=\"Kaninchenbett Kuschelbett\" width=\"600\" height=\"600\"><\/span><\/p>\n<p>Dann kann er seine besten Flops machen!<\/p>\n<p>Aber was ist ein Kaninchen-Flop? Nun, in der Kaninchensprache ist der Flop die Art und Weise, in der das Kaninchen sein Wohlbefinden ausdr\u00fcckt, indem es sich spontan auf die Seite rollt. Er tut dies, um zu zeigen, dass er gl\u00fccklich ist und sich gut f\u00fchlt \ud83d\ude0a.<\/p>\n<h3>Das beste Kuschelbett<\/h3>\n<p>Das <strong>gestreifte Kaninchenbett<\/strong> bietet Ihrem Haustier ein echtes Gef\u00fchl von Sicherheit und Komfort. In der Tat m\u00f6gen Kaninchen diese Art von <strong>Teppich<\/strong> besonders gerne, da er ihnen eine Unterlage bietet, an die sie sich zum Schlafen kuscheln oder einfach nur stundenlang hinlegen k\u00f6nnen \ud83d\ude0a.<\/p>\n<p><img decoding=\"async\" class=\"alignnone wp-image-9229\" src=\"https:\/\/mon-lapinnain.com\/wp-content\/uploads\/2022\/04\/Lit-pour-lapin-coussin.jpg\" alt=\"Kaninchenbett  \" width=\"600\" height=\"505\"><\/p>\n<p>Wenn Sie Ihrem Kaninchen also dieses Bett geben, das auch als<strong>&#8222;Kaninchen-Kuschelbett<\/strong>&#8220; bekannt ist, sorgen Sie f\u00fcr sein k\u00f6rperliches und geistiges Wohlbefinden.<\/p>\n<p>Au\u00dferdem ist diese <strong>Kaninchenmatte<\/strong> abnehmbar, so dass der \u00e4u\u00dfere Bezug gewaschen und gepflegt werden kann, damit sie immer sauber bleibt.<\/p>\n<p><img decoding=\"async\" class=\"alignnone wp-image-9231\" src=\"https:\/\/mon-lapinnain.com\/wp-content\/uploads\/2022\/04\/Lit-pour-lapin-lavable.jpg\" alt=\"Kuschelbett\" width=\"600\" height=\"600\"><\/p>\n<p>Und nicht zuletzt sind das Aussehen, die Muster und die Farben dieses <strong>Hasenbetts<\/strong> so niedlich, dass Sie es durchaus mitten im Raum platzieren k\u00f6nnen, ohne dass es Ihre Inneneinrichtung st\u00f6rt. \ud83d\ude0a<\/p>\n<p><img loading=\"lazy\" decoding=\"async\" class=\"alignnone wp-image-9234\" src=\"https:\/\/mon-lapinnain.com\/wp-content\/uploads\/2022\/04\/Lit-pour-lapin-snuggle-bed-1.jpg\" alt=\"Kaninchenbett Kuschelbett\" width=\"600\" height=\"600\"><\/p>\n<p><b> <\/b><\/p>\n<p><b>Mehr Details<\/b><b>:<\/b><\/p>\n<ul>\n<li style=\"font-weight: 400;\" aria-level=\"1\">Farbe: Schwarzes und wei\u00dfes geometrisches Muster<\/li>\n<li style=\"font-weight: 400;\" aria-level=\"1\">Materialien: Dicke Baumwolle, weicher Stoff + Canvas<\/li>\n<li style=\"font-weight: 400;\" aria-level=\"1\">Gr\u00f6\u00dfe: 38 x 35cm (14.96 in x 13.78in)<\/li>\n<li aria-level=\"1\">Abnehmbares Kaninchenbett<\/li>\n<li aria-level=\"1\">Leicht zu reinigen<\/li>\n<\/ul>\n<p><b> <\/b><\/p>\n<p>Um Ihrem Kaninchen einen gem\u00fctlichen, komfortablen Platz zu bieten, sehen Sie sich unsere Auswahl an <a href=\"https:\/\/www.rabbit-world.com\/product-category\/bunny-bed\/\">Kaninchenkissen<\/a> an, die speziell f\u00fcr sein Wohlbefinden entwickelt wurden.<\/p>\n","protected":false},"excerpt":{"rendered":"<ul>\n<li>Bequemes Kaninchen-Kuschelbett<\/li>\n<li>Erstklassige Qualit\u00e4t<\/li>\n<li>Handgemacht<\/li>\n<\/ul>\n","protected":false},"featured_media":11693,"comment_status":"closed","ping_status":"closed","template":"","meta":{"_seopress_robots_primary_cat":"none","_seopress_titles_title":"","_seopress_titles_desc":"Das Kaninchenbett gestreift ist ideal f\u00fcr das k\u00f6rperliche und geistige Wohlbefinden Ihres Kaninchens. Er wird es lieben, darin herumzuh\u00fcpfen!","_seopress_robots_index":""},"product_brand":[],"product_cat":[169,195,193],"product_tag":[],"class_list":{"0":"post-12580","1":"product","2":"type-product","3":"status-publish","4":"has-post-thumbnail","6":"product_cat-hasenladen","7":"product_cat-kaninchen-matten","8":"product_cat-kaninchenbett","9":"product_shipping_class-ok-mondial-relais-de","11":"first","12":"outofstock","13":"taxable","14":"shipping-taxable","15":"purchasable","16":"product-type-simple"},"_links":{"self":[{"href":"https:\/\/www.bunzyland.com\/de\/wp-json\/wp\/v2\/product\/12580","targetHints":{"allow":["GET"]}}],"collection":[{"href":"https:\/\/www.bunzyland.com\/de\/wp-json\/wp\/v2\/product"}],"about":[{"href":"https:\/\/www.bunzyland.com\/de\/wp-json\/wp\/v2\/types\/product"}],"replies":[{"embeddable":true,"href":"https:\/\/www.bunzyland.com\/de\/wp-json\/wp\/v2\/comments?post=12580"}],"wp:featuredmedia":[{"embeddable":true,"href":"https:\/\/www.bunzyland.com\/de\/wp-json\/wp\/v2\/media\/11693"}],"wp:attachment":[{"href":"https:\/\/www.bunzyland.com\/de\/wp-json\/wp\/v2\/media?parent=12580"}],"wp:term":[{"taxonomy":"product_brand","embeddable":true,"href":"https:\/\/www.bunzyland.com\/de\/wp-json\/wp\/v2\/product_brand?post=12580"},{"taxonomy":"product_cat","embeddable":true,"href":"https:\/\/www.bunzyland.com\/de\/wp-json\/wp\/v2\/product_cat?post=12580"},{"taxonomy":"product_tag","embeddable":true,"href":"https:\/\/www.bunzyland.com\/de\/wp-json\/wp\/v2\/product_tag?post=12580"}],"curies":[{"name":"wp","href":"https:\/\/api.w.org\/{rel}","templated":true}]}}