{"id":12582,"date":"2024-02-19T15:56:07","date_gmt":"2024-02-19T14:56:07","guid":{"rendered":"https:\/\/bunzyland.com\/product\/kaninchenhalsband-zitrone\/"},"modified":"2025-09-12T17:22:39","modified_gmt":"2025-09-12T15:22:39","slug":"kaninchenhalsband-zitrone","status":"publish","type":"product","link":"https:\/\/www.bunzyland.com\/de\/produkt\/kaninchenhalsband-zitrone\/","title":{"rendered":"Kaninchenhalsband &#8211; Zitrone"},"content":{"rendered":"<h2>Kaninchenhalsband: Ma\u00dfgeschneidert f\u00fcr Ihr Kaninchen<\/h2>\n<p>Das<strong> Kaninchenhalsband &#8211; Lemon<\/strong> ist ein <strong>Zubeh\u00f6r f\u00fcr Kaninchen<\/strong>, das verhindert, dass Ihr Kaninchen eine Wunde ber\u00fchrt oder sich nach einem chirurgischen Eingriff, wie z.B. einer Sterilisation, kratzt.<\/p>\n<p>Dieses <strong>Kaninchenzubeh\u00f6r<\/strong> schafft n\u00e4mlich eine Barriere, die den Zugang Ihres kleinen Begleiters zum Rest seines K\u00f6rpers einschr\u00e4nkt.<\/p>\n<p><img fetchpriority=\"high\" decoding=\"async\" class=\"alignnone wp-image-11341\" src=\"https:\/\/mon-lapinnain.com\/wp-content\/uploads\/2023\/04\/collerette-lapin-1.jpg\" alt=\"Kaninchenhalsband\" width=\"600\" height=\"600\"><\/p>\n<p>Wie Sie vielleicht schon erraten haben, kann Ihr geliebtes Haustier dank dieses <strong>Halsbandes<\/strong> im Falle einer Verletzung weder kratzen noch knabbern, geschweige denn die Verletzung verschlimmern.<\/p>\n<h3>Ein unverzichtbares Kaninchen-Accessoire f\u00fcr kleine Wehwehchen<\/h3>\n<p>Dieses<strong> Kaninchenhalsband &#8211; Lemon<\/strong> ist sehr einfach zu verwenden! Schieben Sie es einfach \u00fcber den Hals Ihres H\u00e4schens und ziehen Sie die dort befindliche Kordel fest. Achten Sie darauf, dass gen\u00fcgend Platz vorhanden ist, damit sie sich nicht strangulieren, aber auch, damit sie ihn nicht verlieren.<\/p>\n<p>Was die \u00c4sthetik betrifft, so sollten Sie beachten, dass dieses <strong>Kaninchen-Accessoire<\/strong> aus einem ultraweichen Stoff besteht, der strapazierf\u00e4hige Baumwolle f\u00fcr maximalen Komfort enth\u00e4lt.<\/p>\n<p><img decoding=\"async\" class=\"alignnone\" style=\"float: none;\" src=\"https:\/\/monlapinnain.hellodr.tech\/wp-content\/uploads\/sites\/532\/2021\/02\/Colerette-veto-pour-lapin-nain-mon-lapin-nain_600x600.jpg?v=1609229922\" alt=\"Kaninchenhalsband\" width=\"600\" height=\"600\"><\/p>\n<p>Dieses <strong>Kaninchenhalsband<\/strong> mit einem farbenfrohen und flippigen Muster mit gelben Zitronen auf t\u00fcrkisblauem Hintergrund wird Ihr Kaninchen zum Liebling beim Tierarzt machen \ud83d\ude42<\/p>\n<p>Schlie\u00dflich sollten Sie beachten, dass diese Art von <strong>Kaninchen-Accessoire<\/strong> im Vergleich zum alternativen Katzenhalsband viel bequemer f\u00fcr sie ist. Letzteres kommt in Form eines Plastiktrichters, der die Sicht der Tiere beeintr\u00e4chtigen und ihnen Unbehagen bereiten kann.<\/p>\n<p><b>Merkmale:<\/b><\/p>\n<ul>\n<li>Verstellbare Gr\u00f6\u00dfe: bis zu 19 cm (Gr\u00f6\u00dfe des Halsumfangs des Kaninchens)<\/li>\n<li>Farbe: Zitronenmuster<\/li>\n<li>Geeignet f\u00fcr Zwergkaninchen, Zwergwidder und Kaninchen mit einem Halsumfang von bis zu 19 cm&#8220;<\/li>\n<\/ul>\n<p>Um das Wohlbefinden und den Komfort Ihres Kaninchens zu gew\u00e4hrleisten, entdecken Sie unser umfangreiches Angebot an <a href=\"https:\/\/www.bunzyland.com\/de\/kaninchen-zubehoer\/\">Kaninchenzubeh\u00f6r<\/a>, das auf alle seine Bed\u00fcrfnisse abgestimmt ist.<\/p>\n","protected":false},"excerpt":{"rendered":"<ul>\n<li>Accessoire f\u00fcr Kaninchen<\/li>\n<li>Ideal nach der Sterilisation<\/li>\n<li>Anti-Kratzmittel<\/li>\n<\/ul>\n","protected":false},"featured_media":11887,"comment_status":"closed","ping_status":"closed","template":"","meta":{"_seopress_robots_primary_cat":"none","_seopress_titles_title":"","_seopress_titles_desc":"Das Kaninchenhalsband - Zitrone ist ein sehr wichtiges Zubeh\u00f6r, damit sich Ihr Kaninchen nach einer Verletzung oder Operation nicht kratzt.","_seopress_robots_index":""},"product_brand":[],"product_cat":[169,189],"product_tag":[],"class_list":{"0":"post-12582","1":"product","2":"type-product","3":"status-publish","4":"has-post-thumbnail","6":"product_cat-hasenladen","7":"product_cat-kaninchen-zubehoer","8":"product_shipping_class-ok-mondial-relais-de","10":"first","11":"outofstock","12":"taxable","13":"shipping-taxable","14":"purchasable","15":"product-type-simple"},"_links":{"self":[{"href":"https:\/\/www.bunzyland.com\/de\/wp-json\/wp\/v2\/product\/12582","targetHints":{"allow":["GET"]}}],"collection":[{"href":"https:\/\/www.bunzyland.com\/de\/wp-json\/wp\/v2\/product"}],"about":[{"href":"https:\/\/www.bunzyland.com\/de\/wp-json\/wp\/v2\/types\/product"}],"replies":[{"embeddable":true,"href":"https:\/\/www.bunzyland.com\/de\/wp-json\/wp\/v2\/comments?post=12582"}],"wp:featuredmedia":[{"embeddable":true,"href":"https:\/\/www.bunzyland.com\/de\/wp-json\/wp\/v2\/media\/11887"}],"wp:attachment":[{"href":"https:\/\/www.bunzyland.com\/de\/wp-json\/wp\/v2\/media?parent=12582"}],"wp:term":[{"taxonomy":"product_brand","embeddable":true,"href":"https:\/\/www.bunzyland.com\/de\/wp-json\/wp\/v2\/product_brand?post=12582"},{"taxonomy":"product_cat","embeddable":true,"href":"https:\/\/www.bunzyland.com\/de\/wp-json\/wp\/v2\/product_cat?post=12582"},{"taxonomy":"product_tag","embeddable":true,"href":"https:\/\/www.bunzyland.com\/de\/wp-json\/wp\/v2\/product_tag?post=12582"}],"curies":[{"name":"wp","href":"https:\/\/api.w.org\/{rel}","templated":true}]}}