{"id":12583,"date":"2024-02-19T15:56:00","date_gmt":"2024-02-19T14:56:00","guid":{"rendered":"https:\/\/bunzyland.com\/product\/kaninchen-sprungstange\/"},"modified":"2025-09-12T17:22:38","modified_gmt":"2025-09-12T15:22:38","slug":"kaninchen-sprungstange","status":"publish","type":"product","link":"https:\/\/www.bunzyland.com\/de\/produkt\/kaninchen-sprungstange\/","title":{"rendered":"Kaninchen Sprungstange"},"content":{"rendered":"<h2>Kaninchenh\u00fcpfen: eine Aktivit\u00e4t, die Ihre Bindung st\u00e4rkt<\/h2>\n<p>Unsere <strong>Kaninchen-Sprungstange<\/strong> ist das ideale <strong>Spielzubeh\u00f6r<\/strong>, um die Bindung zwischen Ihnen und Ihrem Kaninchen zu st\u00e4rken. Es ist die perfekte Aktivit\u00e4t f\u00fcr gemeinsames Kichern und Momente der Z\u00e4rtlichkeit. Indem Sie Ihr Kaninchen durch die <strong>verschiedenen Hindernisse<\/strong> f\u00fchren, schaffen Sie einzigartige Spielmomente und st\u00e4rken die besondere Bindung zwischen Ihnen beiden.<\/p>\n<p><img fetchpriority=\"high\" decoding=\"async\" class=\"alignnone wp-image-16016 size-full\" src=\"https:\/\/mon-lapinnain.com\/wp-content\/uploads\/2024\/01\/agility-lapin-1.gif\" alt=\"Agility-Kaninchen\" width=\"350\" height=\"350\"><\/p>\n<p>Dieses <strong>Kaninchenspielzeug<\/strong> in Form eines <strong>Agility-Parcours<\/strong> ist perfekt geeignet, um die Energie Ihres Kaninchens zu kanalisieren und ihm etwas Bewegung zu verschaffen. Wer sagt, dass Training langweilig sein muss?<br \/>\nIhr Kaninchen wird es lieben, <strong>zu erkunden und zu springen<\/strong> und Ihr Wohnzimmer in einen Spielplatz zu verwandeln. Au\u00dferdem hilft es ihm, in Form zu bleiben und seine \u00fcbersch\u00fcssige Energie zu verbrennen &#8211; weniger Bl\u00f6dsinn am Horizont! Danach wird er KO sein! \ud83e\udd23<\/p>\n<p><img decoding=\"async\" class=\"alignnone wp-image-16070\" src=\"https:\/\/mon-lapinnain.com\/wp-content\/uploads\/2024\/01\/parcours-lapin.jpg\" alt=\"Agility-Kaninchen\" width=\"600\" height=\"600\"><\/p>\n<h3><strong>Ein lustiges Kaninchenspiel<\/strong><\/h3>\n<p>Dieser <strong>Kaninchenstall<\/strong> ist perfekt, um Ihren kleinen Liebling zu unterhalten. Kaninchen lieben es von Natur aus, zu erforschen und Herausforderungen anzunehmen, und dieses <strong>Kaninchenspiel<\/strong> ist eine gro\u00dfartige M\u00f6glichkeit, diese Bed\u00fcrfnisse zu befriedigen. Durch die Interaktion mit diesem Spielzeug kann sich Ihr Kaninchen in Ihrer Gesellschaft austoben und Spa\u00df haben, was sich positiv auf sein emotionales Wohlbefinden auswirkt.<\/p>\n<p><img decoding=\"async\" class=\"alignnone wp-image-16019 size-full\" src=\"https:\/\/mon-lapinnain.com\/wp-content\/uploads\/2024\/01\/Parcours-dobstacle-lapin.gif\" alt=\"Agility-Kaninchen\" width=\"350\" height=\"350\"><\/p>\n<p>Dieser<strong> Kaninchenh\u00fcpfer<\/strong> verf\u00fcgt \u00fcber mehrere hohe Hindernisse, die einfach auf- und abgebaut werden k\u00f6nnen. Das modulare Design erm\u00f6glicht es Ihnen, verschiedene Kurse zu erstellen, wodurch jede Spielsitzung einzigartig wird.<\/p>\n<p><strong>Merkmale:<\/strong><\/p>\n<ul>\n<li><strong>Material:<\/strong> Holz und Kunststoff<\/li>\n<li><strong>Einstellbare Sprungh\u00f6he:<\/strong> von 5 cm bis 30 cm H\u00f6he<\/li>\n<li><strong>Modular:<\/strong> Modulare und sichere St\u00e4be<\/li>\n<\/ul>\n","protected":false},"excerpt":{"rendered":"<ul>\n<li>Gewandtheit<\/li>\n<li>Ideal f\u00fcr Kaninchen mit viel Energie<\/li>\n<li>Ideal zum Spielen mit Ihrem Kaninchen<\/li>\n<\/ul>\n","protected":false},"featured_media":12105,"comment_status":"closed","ping_status":"closed","template":"","meta":{"_seopress_robots_primary_cat":"none","_seopress_titles_title":"","_seopress_titles_desc":"Der Kaninchenparcours ist das ideale Spielzeug zur Unterhaltung Ihres kleinen Begleiters. Ihr Kaninchen wird das Springen lieben und ein Ass im Kaninchen-Agility werden!","_seopress_robots_index":""},"product_brand":[],"product_cat":[169,172],"product_tag":[],"class_list":{"0":"post-12583","1":"product","2":"type-product","3":"status-publish","4":"has-post-thumbnail","6":"product_cat-hasenladen","7":"product_cat-spielzeug-fur-kaninchen","8":"product_shipping_class-ok-mondial-relais-de","10":"first","11":"outofstock","12":"taxable","13":"shipping-taxable","14":"purchasable","15":"product-type-simple"},"_links":{"self":[{"href":"https:\/\/www.bunzyland.com\/de\/wp-json\/wp\/v2\/product\/12583","targetHints":{"allow":["GET"]}}],"collection":[{"href":"https:\/\/www.bunzyland.com\/de\/wp-json\/wp\/v2\/product"}],"about":[{"href":"https:\/\/www.bunzyland.com\/de\/wp-json\/wp\/v2\/types\/product"}],"replies":[{"embeddable":true,"href":"https:\/\/www.bunzyland.com\/de\/wp-json\/wp\/v2\/comments?post=12583"}],"wp:featuredmedia":[{"embeddable":true,"href":"https:\/\/www.bunzyland.com\/de\/wp-json\/wp\/v2\/media\/12105"}],"wp:attachment":[{"href":"https:\/\/www.bunzyland.com\/de\/wp-json\/wp\/v2\/media?parent=12583"}],"wp:term":[{"taxonomy":"product_brand","embeddable":true,"href":"https:\/\/www.bunzyland.com\/de\/wp-json\/wp\/v2\/product_brand?post=12583"},{"taxonomy":"product_cat","embeddable":true,"href":"https:\/\/www.bunzyland.com\/de\/wp-json\/wp\/v2\/product_cat?post=12583"},{"taxonomy":"product_tag","embeddable":true,"href":"https:\/\/www.bunzyland.com\/de\/wp-json\/wp\/v2\/product_tag?post=12583"}],"curies":[{"name":"wp","href":"https:\/\/api.w.org\/{rel}","templated":true}]}}