{"id":12585,"date":"2024-02-19T15:55:54","date_gmt":"2024-02-19T14:55:54","guid":{"rendered":"https:\/\/bunzyland.com\/product\/entwurf-kaninchenstall\/"},"modified":"2025-09-12T17:22:14","modified_gmt":"2025-09-12T15:22:14","slug":"entwurf-kaninchenstall","status":"publish","type":"product","link":"https:\/\/www.bunzyland.com\/de\/produkt\/entwurf-kaninchenstall\/","title":{"rendered":"Entwurf Kaninchenstall"},"content":{"rendered":"<h2>Ein Design-Kaninchenstall, der Ihrem Kaninchen Exzellenz bietet<\/h2>\n<p>Entdecken Sie das <strong>Bunny House Design<\/strong>, den unverzichtbaren Kaninchenstall. Unser <strong>Kaninchenhaus aus Holz<\/strong> ist ein wahrer Palast f\u00fcr Ihr geliebtes Kaninchen. Dieses Kaninchenhaus ist mehr als nur ein Versteck; es ist eine Liebeserkl\u00e4rung an Ihren kleinen Begleiter.<\/p>\n<p>Geben Sie Ihrem Kaninchen einen Raum, der seinem Bed\u00fcrfnis nach Komfort und Privatsph\u00e4re gerecht wird. Dieses luxuri\u00f6se Designer-Zufluchtsort wurde speziell f\u00fcr das Wohlbefinden Ihres Kaninchens entworfen.<\/p>\n<p>Dieser Kaninchenstall ist f\u00fcr M\u00fctter und V\u00e4ter gedacht, die sich um das Wohlbefinden ihres Kaninchens, aber auch um die Gestaltung seines Lebensraums sorgen.<br \/>\nIn dieser Oase der Ruhe kann sich Ihr Kaninchen ausruhen, spielen und erkunden, weit weg vom Stress der Au\u00dfenwelt.<\/p>\n<p>Das elegante Design dieses <strong>Kaninchenverstecks<\/strong> f\u00fcgt sich perfekt in Ihre Einrichtung ein. Unser Kaninchenhaus ist ein au\u00dfergew\u00f6hnliches, schickes und trendiges St\u00fcck, das den Unterschied im Lebensraum Ihres Kaninchens ausmachen wird.<\/p>\n<h3>Ein Kaninchenstall f\u00fcr das Wohlbefinden Ihres Kaninchens<\/h3>\n<p>Wenn Sie sich f\u00fcr das <strong>Kaninchenhaus Design<\/strong> entscheiden, entscheiden Sie sich f\u00fcr Langlebigkeit und Zweckm\u00e4\u00dfigkeit. Dieser Kaninchenstall ist aus hochwertigen Materialien gefertigt und f\u00fcr eine lange Lebensdauer konzipiert.<\/p>\n<p>Im Inneren dieses Kaninchenhauses aus Holz befindet sich ein <strong>ultrabequemes Kissen<\/strong>, auf dem Ihr Kaninchen seine besten Schl\u00e4fchen halten wird. <strong>Das Kissen ist maschinenwaschbar.<\/strong><\/p>\n<p>Ihr Kaninchen wird sich in diesem runden <strong>Kokon<\/strong> sicher und geborgen f\u00fchlen! Es kann beobachten, was um es herum passiert und f\u00fchlt sich dabei gesch\u00fctzt. Dieser Kaninchenstall ist gro\u00df genug f\u00fcr 2 Kaninchen. Sie werden es lieben, sich in diesem <strong>gem\u00fctlichen Nest<\/strong> einzukuscheln.<\/p>\n<p><strong>Merkmale:<\/strong><\/p>\n<ul>\n<li><strong>Materialien:<\/strong> Hergestellt aus hochwertigem Holz<\/li>\n<li><strong>Gr\u00f6\u00dfe:<\/strong> B 56 x L 38x H 39cm<\/li>\n<li>Leicht zu montieren<\/li>\n<\/ul>\n","protected":false},"excerpt":{"rendered":"<ul>\n<li>Gro\u00dfe H\u00fctte<\/li>\n<li>H\u00f6lzernes<\/li>\n<li>Unvergleichlicher Komfort<\/li>\n<\/ul>\n","protected":false},"featured_media":12205,"comment_status":"closed","ping_status":"closed","template":"","meta":{"_seopress_robots_primary_cat":"none","_seopress_titles_title":"","_seopress_titles_desc":"Der Kaninchenstall Design ist das Must-Have f\u00fcr Kaninchen. Mit diesem eleganten Holzversteck wird Ihr Kaninchen die Zeit seines Lebens haben.","_seopress_robots_index":""},"product_brand":[],"product_cat":[169,175],"product_tag":[],"class_list":{"0":"post-12585","1":"product","2":"type-product","3":"status-publish","4":"has-post-thumbnail","6":"product_cat-hasenladen","7":"product_cat-kaninchenstall","8":"product_shipping_class-ok-mondial-relais-de","10":"first","11":"instock","12":"taxable","13":"shipping-taxable","14":"purchasable","15":"product-type-simple"},"_links":{"self":[{"href":"https:\/\/www.bunzyland.com\/de\/wp-json\/wp\/v2\/product\/12585","targetHints":{"allow":["GET"]}}],"collection":[{"href":"https:\/\/www.bunzyland.com\/de\/wp-json\/wp\/v2\/product"}],"about":[{"href":"https:\/\/www.bunzyland.com\/de\/wp-json\/wp\/v2\/types\/product"}],"replies":[{"embeddable":true,"href":"https:\/\/www.bunzyland.com\/de\/wp-json\/wp\/v2\/comments?post=12585"}],"wp:featuredmedia":[{"embeddable":true,"href":"https:\/\/www.bunzyland.com\/de\/wp-json\/wp\/v2\/media\/12205"}],"wp:attachment":[{"href":"https:\/\/www.bunzyland.com\/de\/wp-json\/wp\/v2\/media?parent=12585"}],"wp:term":[{"taxonomy":"product_brand","embeddable":true,"href":"https:\/\/www.bunzyland.com\/de\/wp-json\/wp\/v2\/product_brand?post=12585"},{"taxonomy":"product_cat","embeddable":true,"href":"https:\/\/www.bunzyland.com\/de\/wp-json\/wp\/v2\/product_cat?post=12585"},{"taxonomy":"product_tag","embeddable":true,"href":"https:\/\/www.bunzyland.com\/de\/wp-json\/wp\/v2\/product_tag?post=12585"}],"curies":[{"name":"wp","href":"https:\/\/api.w.org\/{rel}","templated":true}]}}