{"id":12586,"date":"2024-02-19T15:55:58","date_gmt":"2024-02-19T14:55:58","guid":{"rendered":"https:\/\/bunzyland.com\/product\/kaninchen-tipi-karotte-design\/"},"modified":"2025-09-12T17:21:52","modified_gmt":"2025-09-12T15:21:52","slug":"kaninchen-tipi-karotte-design","status":"publish","type":"product","link":"https:\/\/www.bunzyland.com\/de\/produkt\/kaninchen-tipi-karotte-design\/","title":{"rendered":"Kaninchen-Tipi &#8211; Karotte Design"},"content":{"rendered":"<h2>Ein Kaninchentipi mit Karottenmotiv f\u00fcr ultimativen Komfort<\/h2>\n<p>Das <strong>Carrot Design Rabbit Teepee<\/strong> ist eine wahre Oase des Gl\u00fccks f\u00fcr Ihr Kaninchen. Das helle Karottenmotiv bringt einen Hauch von Laune und Fr\u00f6hlichkeit in den Lebensraum Ihres Kaninchens. Dieses <strong>Kaninchenzelt<\/strong> bietet sowohl einen Platz zum Spielen als auch einen Kokon zum Entspannen. Es ist der perfekte Ort f\u00fcr Ihr<strong> Kaninchen, um zu spielen<\/strong> oder sich in Ruhe auszuruhen.<\/p>\n<p>Dieser charmante <strong>Kaninchenstall<\/strong> dient als gem\u00fctlicher Zufluchtsort, an dem Ihr Liebling der Au\u00dfenwelt entfliehen kann. Das <strong>Kaninchen-Tipi<\/strong> bietet einen sicheren, abgelegenen Zufluchtsort, an den sich Ihr Kaninchen zur\u00fcckziehen kann, um einen bequemen, sicheren Platz zu finden. Ob f\u00fcr ein ruhiges Nickerchen oder einen Moment der Einsamkeit, dieses Versteck ist der ideale Ort f\u00fcr Ihr Kaninchen, um seine Batterien aufzuladen.<\/p>\n<p><img fetchpriority=\"high\" decoding=\"async\" class=\"alignnone wp-image-16151\" src=\"https:\/\/mon-lapinnain.com\/wp-content\/uploads\/2024\/01\/tipi-pour-lapin-bois.png\" alt=\"Kaninchenstall-Tipi\" width=\"600\" height=\"600\"><\/p>\n<h3>Ein niedlicher, praktischer Kaninchenstall<\/h3>\n<p>Jeder Aspekt dieses <strong>Carrot Design Kaninchen-Tipis<\/strong> wurde sorgf\u00e4ltig entworfen, um Ihrem Haustier Freude und Komfort zu bieten. Das Haus ist aus hochwertigen Materialien gefertigt, die Langlebigkeit und einfache Pflege gew\u00e4hrleisten. Die bunten Karottenmuster regen das visuelle Interesse Ihres Kaninchens an, w\u00e4hrend die ger\u00e4umige Struktur viel Platz zum Entspannen und Spielen bietet. Au\u00dferdem regt die offene T\u00fcr zum Erkunden und zur Unabh\u00e4ngigkeit an und bereichert so die t\u00e4gliche Umgebung Ihres Kaninchens.<\/p>\n<p>Sie k\u00f6nnen das <strong>Zelt<\/strong> in seinem Gehege oder in Ihrem Wohnzimmer aufstellen, damit es seinen eigenen Platz hat. Auch Ihr Kaninchen hat das Recht, sich wohlzuf\u00fchlen! Einfach zusammenklappbar, Sie k\u00f6nnen ihn sogar mit in den Urlaub nehmen!<\/p>\n<p><strong>Merkmale:<\/strong><\/p>\n<ul>\n<li><strong>Materialien:<\/strong> Holz und Stoff<\/li>\n<li><strong>Gr\u00f6\u00dfe:<\/strong> B 35 x L 41 x H43,5cm<\/li>\n<li><strong>Design:<\/strong> Karotten-Motive<\/li>\n<\/ul>\n","protected":false},"excerpt":{"rendered":"<ul>\n<li>Kaninchenzelt<\/li>\n<li>Holz und Stoff<\/li>\n<li>Niedlich und bequem<\/li>\n<\/ul>\n","protected":false},"featured_media":12149,"comment_status":"closed","ping_status":"closed","template":"","meta":{"_seopress_robots_primary_cat":"none","_seopress_titles_title":"","_seopress_titles_desc":"Das Carrot Rabbit Tipi ist die ideale H\u00fctte f\u00fcr Ihr Kaninchen. Sein zeltartiges Design ist perfekt f\u00fcr Kaninchen.","_seopress_robots_index":""},"product_brand":[],"product_cat":[169,179,175],"product_tag":[],"class_list":{"0":"post-12586","1":"product","2":"type-product","3":"status-publish","4":"has-post-thumbnail","6":"product_cat-hasenladen","7":"product_cat-kaninchen-tipi","8":"product_cat-kaninchenstall","9":"product_shipping_class-ok-mondial-relais-de","11":"first","12":"instock","13":"taxable","14":"shipping-taxable","15":"purchasable","16":"product-type-simple"},"_links":{"self":[{"href":"https:\/\/www.bunzyland.com\/de\/wp-json\/wp\/v2\/product\/12586","targetHints":{"allow":["GET"]}}],"collection":[{"href":"https:\/\/www.bunzyland.com\/de\/wp-json\/wp\/v2\/product"}],"about":[{"href":"https:\/\/www.bunzyland.com\/de\/wp-json\/wp\/v2\/types\/product"}],"replies":[{"embeddable":true,"href":"https:\/\/www.bunzyland.com\/de\/wp-json\/wp\/v2\/comments?post=12586"}],"wp:featuredmedia":[{"embeddable":true,"href":"https:\/\/www.bunzyland.com\/de\/wp-json\/wp\/v2\/media\/12149"}],"wp:attachment":[{"href":"https:\/\/www.bunzyland.com\/de\/wp-json\/wp\/v2\/media?parent=12586"}],"wp:term":[{"taxonomy":"product_brand","embeddable":true,"href":"https:\/\/www.bunzyland.com\/de\/wp-json\/wp\/v2\/product_brand?post=12586"},{"taxonomy":"product_cat","embeddable":true,"href":"https:\/\/www.bunzyland.com\/de\/wp-json\/wp\/v2\/product_cat?post=12586"},{"taxonomy":"product_tag","embeddable":true,"href":"https:\/\/www.bunzyland.com\/de\/wp-json\/wp\/v2\/product_tag?post=12586"}],"curies":[{"name":"wp","href":"https:\/\/api.w.org\/{rel}","templated":true}]}}