{"id":12587,"date":"2024-02-19T15:56:02","date_gmt":"2024-02-19T14:56:02","guid":{"rendered":"https:\/\/bunzyland.com\/product\/kaninchen-futtermatte-mit-karotte\/"},"modified":"2025-09-12T17:21:56","modified_gmt":"2025-09-12T15:21:56","slug":"kaninchen-futtermatte-mit-karotte","status":"publish","type":"product","link":"https:\/\/www.bunzyland.com\/de\/produkt\/kaninchen-futtermatte-mit-karotte\/","title":{"rendered":"Kaninchen-Futtermatte mit Karotte"},"content":{"rendered":"<h2><strong>Kaninchen-Futtermatte mit Karotte: f<\/strong><strong>un und anregend <\/strong> <\/h2>\n<p>Die <strong>Kaninchen-Futtermatte mit Karotte<\/strong> ist ein entz\u00fcckendes Spielzubeh\u00f6r, das die Sinne Ihres Kaninchens anregt und gleichzeitig seine geistige Beweglichkeit testet.<\/p>\n<p>Dieses<strong> Kaninchenspielzeug<\/strong> ist perfekt geeignet, um Zeit mit Ihrem pelzigen Begleiter zu verbringen, ihn zu unterhalten und die Spielzeit angenehmer zu gestalten.<\/p>\n<p><img fetchpriority=\"high\" decoding=\"async\" class=\"alignnone wp-image-11824\" src=\"https:\/\/mon-lapinnain.com\/wp-content\/uploads\/2023\/04\/jouet-pour-lapin-tapis.jpg\" alt=\"Kaninchen Spielmatte\" width=\"600\" height=\"476\"><\/p>\n<p>Das Spielen mit dieser Art von <strong>Kaninchen-Futtermatte <\/strong>ist einfach. Alles, was Sie tun m\u00fcssen, ist, die kleinen Stofflaschen auf der Oberfl\u00e4che des Spielzeugs auszubreiten und die Lieblingsleckereien Ihres Haustiers darin zu verstecken.<\/p>\n<p>Ihr Kaninchen muss dann seinen Geruchs-, Tast- und Sehsinn einsetzen, um die Leckereien zu finden und zu genie\u00dfen.<\/p>\n<p>Au\u00dferdem ist diese Art von <strong>Spielzeug f\u00fcr Kaninchen<\/strong> perfekt geeignet, um Ihr Haustier zu unterhalten und zu verhindern, dass es sich langweilt und b\u00f6sartig wird.<\/p>\n<h3>Das stimulierendste Kaninchenspielzeug<\/h3>\n<p>Die<strong> Kaninchenmatte mit Karotte<\/strong> macht nicht nur Spa\u00df, sondern ist auch ideal, um die Bindung zwischen Ihnen und Ihrem geliebten Haustier zu st\u00e4rken.<\/p>\n<p><img decoding=\"async\" class=\"alignnone wp-image-11822\" src=\"https:\/\/mon-lapinnain.com\/wp-content\/uploads\/2023\/04\/jeupour-lapin-tapis.jpg\" alt=\"Schnuffelmatte Kaninchen Spielzeug\" width=\"600\" height=\"446\"><\/p>\n<p>Das Design dieses <strong>Spielzeugs f\u00fcr Hasenliebhaber<\/strong> besteht aus weichem, hochwertigem, wei\u00dfem Stoff in Hasenform, an dem eine Karotte befestigt ist. Es ist perfekt f\u00fcr jeden Kaninchenliebhaber.<\/p>\n<p>Au\u00dferdem ist es leicht sauber zu halten. Sie k\u00f6nnen es mit der Hand oder bei niedriger Temperatur in der Waschmaschine waschen und anschlie\u00dfend an der Luft trocknen.<\/p>\n<p><img decoding=\"async\" class=\"alignnone wp-image-11823\" src=\"https:\/\/mon-lapinnain.com\/wp-content\/uploads\/2023\/04\/jouet-pour-lapin-amusant.jpg\" alt=\"Schnuffelmatte Kaninchen  \" width=\"600\" height=\"600\"><\/p>\n<p><b>Merkmale:<\/b><\/p>\n<ul>\n<li><span class=\"hljs-symbol\">Modell:<\/span> Kaninchen-Futtermatte <span class=\"hljs-keyword\">in<\/span> Form <span class=\"hljs-keyword\">eines<\/span> Kaninchens <span class=\"hljs-keyword\">mit<\/span> Karotte<\/li>\n<li><span class=\"hljs-symbol\">Gr\u00f6\u00dfe:<\/span> H <span class=\"hljs-number\">55cm<\/span>x B <span class=\"hljs-number\">35cm<\/span>\/ H 21.7in x B 13.8in<\/li>\n<\/ul>\n<p>Um die nat\u00fcrlichen Instinkte Ihres Kaninchens zu stimulieren und es zur Futtersuche und Erkundung anzuregen, entdecken Sie unser Sortiment an <a href=\"https:\/\/www.bunzyland.com\/de\/kaninchen-futtermatte\/\">Kaninchen-Futtermatten<\/a>, die f\u00fcr stundenlangen, gesunden Spa\u00df sorgen.<\/p>\n","protected":false},"excerpt":{"rendered":"<p>Kaninchen-Futtermatte mit Karotte: fun und anregend Die Kaninchen-Futtermatte mit Karotte ist ein entz\u00fcckendes Spielzubeh\u00f6r, das die Sinne Ihres Kaninchens anregt und gleichzeitig seine geistige Beweglichkeit testet. Dieses Kaninchenspielzeug ist perfekt geeignet, um Zeit mit Ihrem pelzigen Begleiter zu verbringen, ihn zu unterhalten und die Spielzeit angenehmer zu gestalten. Das Spielen mit dieser Art von Kaninchen-Futtermatte [&hellip;]<\/p>\n","protected":false},"featured_media":12081,"comment_status":"closed","ping_status":"closed","template":"","meta":{"_seopress_robots_primary_cat":"none","_seopress_titles_title":"","_seopress_titles_desc":"Die Kaninchen-Futtermatte mit Karotte ist das perfekte Spielzeug, um Ihr Kaninchen t\u00e4glich zu besch\u00e4ftigen und gleichzeitig seine Sinne zu stimulieren.","_seopress_robots_index":""},"product_brand":[],"product_cat":[169,201,172],"product_tag":[],"class_list":{"0":"post-12587","1":"product","2":"type-product","3":"status-publish","4":"has-post-thumbnail","6":"product_cat-hasenladen","7":"product_cat-kaninchen-futtermatte","8":"product_cat-spielzeug-fur-kaninchen","9":"product_shipping_class-ok-mondial-relais-de","11":"first","12":"instock","13":"taxable","14":"shipping-taxable","15":"purchasable","16":"product-type-simple"},"_links":{"self":[{"href":"https:\/\/www.bunzyland.com\/de\/wp-json\/wp\/v2\/product\/12587","targetHints":{"allow":["GET"]}}],"collection":[{"href":"https:\/\/www.bunzyland.com\/de\/wp-json\/wp\/v2\/product"}],"about":[{"href":"https:\/\/www.bunzyland.com\/de\/wp-json\/wp\/v2\/types\/product"}],"replies":[{"embeddable":true,"href":"https:\/\/www.bunzyland.com\/de\/wp-json\/wp\/v2\/comments?post=12587"}],"wp:featuredmedia":[{"embeddable":true,"href":"https:\/\/www.bunzyland.com\/de\/wp-json\/wp\/v2\/media\/12081"}],"wp:attachment":[{"href":"https:\/\/www.bunzyland.com\/de\/wp-json\/wp\/v2\/media?parent=12587"}],"wp:term":[{"taxonomy":"product_brand","embeddable":true,"href":"https:\/\/www.bunzyland.com\/de\/wp-json\/wp\/v2\/product_brand?post=12587"},{"taxonomy":"product_cat","embeddable":true,"href":"https:\/\/www.bunzyland.com\/de\/wp-json\/wp\/v2\/product_cat?post=12587"},{"taxonomy":"product_tag","embeddable":true,"href":"https:\/\/www.bunzyland.com\/de\/wp-json\/wp\/v2\/product_tag?post=12587"}],"curies":[{"name":"wp","href":"https:\/\/api.w.org\/{rel}","templated":true}]}}