{"id":12589,"date":"2024-02-19T15:55:56","date_gmt":"2024-02-19T14:55:56","guid":{"rendered":"https:\/\/bunzyland.com\/product\/intelligentes-kaninchenspielzeug\/"},"modified":"2025-09-12T17:22:42","modified_gmt":"2025-09-12T15:22:42","slug":"intelligentes-kaninchenspielzeug","status":"publish","type":"product","link":"https:\/\/www.bunzyland.com\/de\/produkt\/intelligentes-kaninchenspielzeug\/","title":{"rendered":"Intelligentes Kaninchenspielzeug"},"content":{"rendered":"<h2>Das intelligente Kaninchenspielzeug, das den Verstand Ihres Kaninchens weckt<\/h2>\n<p>Geben Sie Ihrem <strong>Kaninchen das Smart Rabbit Toy<\/strong> und beobachten Sie, wie es aufbl\u00fcht. Dieses <strong>Puzzle<\/strong> ist ein lustiger Denkspa\u00df mit bunten Teilen und geheimen Verstecken. Es ist das perfekte <strong>Spiel<\/strong>, um den wachen Geist Ihres H\u00e4schens zu stimulieren.<\/p>\n<p>Ihr kleiner Freund wird die Abwechslung und die Herausforderung dieses<strong> Kaninchenspiels<\/strong> lieben. Jede Sitzung ist eine neue Gelegenheit zum Lernen und Spa\u00df haben. Es ist die perfekte M\u00f6glichkeit, den wachen Geist Ihres Kaninchens zu stimulieren und es dabei zu beobachten, wie es auf eine v\u00f6llig neue und aufregende Weise mit seiner Umgebung interagiert.<\/p>\n<p>In diesem <strong>Kaninchenspielzeug<\/strong> ist jedes versteckte Leckerli eine \u00dcberraschung, die es zu entdecken gilt. Ihr Hase wird zu einem unerschrockenen Entdecker, der eifrig nach seiner Belohnung sucht. Dieses Spiel f\u00f6rdert nicht nur ihre Intelligenz, sondern auch ihren Geruchssinn und ihre Probleml\u00f6sungsf\u00e4higkeiten. Es ist die perfekte Besch\u00e4ftigung, um die <strong>Langeweile der Kaninchen<\/strong> zu bek\u00e4mpfen und ihre Sinne und Intelligenz zu wecken.<br \/>\nVersteckte Leckerlis sind auch eine hervorragende M\u00f6glichkeit, Ihr Kaninchen f\u00fcr seinen lebhaften, neugierigen Geist zu belohnen.<\/p>\n<h3>Eine Kaninchenaktivit\u00e4t zum Teilen<\/h3>\n<p>Das Spielen mit diesem <strong>intelligenten Kaninchenspielzeug<\/strong> ist nicht nur ein Spa\u00df f\u00fcr Ihr Kaninchen &#8211; es ist ein Abenteuer f\u00fcr Sie beide.<br \/>\nIndem Sie mit dem Puzzle interagieren, schaffen Sie starke Bindungen und gl\u00fcckliche Erinnerungen. Ihre aktive Teilnahme am Spiel macht das Erlebnis f\u00fcr Ihr H\u00e4schen noch lohnender. So k\u00f6nnen Sie sein Verhalten und seine Reaktionen genau beobachten. Jede Spielsitzung ist eine neue Gelegenheit zum Lachen und Mitmachen und st\u00e4rkt die emotionale Bindung zwischen Ihnen und Ihrem kleinen Begleiter.<\/p>\n<p>Au\u00dferdem ist es ein sicheres Designobjekt. Dieses aus hochwertigen Materialien gefertigte Puzzle ist langlebig und sicher f\u00fcr Ihren kleinen Begleiter.<\/p>\n<p><strong>Merkmale:<\/strong><\/p>\n<ul>\n<li><strong>Materialien:<\/strong> Holz<\/li>\n<li><strong>Gr\u00f6\u00dfe:<\/strong> 23,5 x 21 x 2,5cm<\/li>\n<li><strong>Design:<\/strong> Farbenfroh und ansprechend, ideal, um die Neugier Ihres Kaninchens zu wecken.<\/li>\n<\/ul>\n","protected":false},"excerpt":{"rendered":"<ul>\n<li>Ein lustiges Spiel<\/li>\n<li>Ideal zum Spielen mit Ihrem Kaninchen<\/li>\n<li>Geeignet f\u00fcr junge und \u00e4ltere Kaninchen<\/li>\n<\/ul>\n","protected":false},"featured_media":12179,"comment_status":"closed","ping_status":"closed","template":"","meta":{"_seopress_robots_primary_cat":"none","_seopress_titles_title":"","_seopress_titles_desc":"Le Jouet pour lapin intelligent est un jeu qui aide \u00e0 d\u00e9velopper les sens de votre lapinou. Das ist eine ideale Aktivit\u00e4t, die Sie mit ihm teilen k\u00f6nnen.","_seopress_robots_index":""},"product_brand":[],"product_cat":[169,172],"product_tag":[],"class_list":{"0":"post-12589","1":"product","2":"type-product","3":"status-publish","4":"has-post-thumbnail","6":"product_cat-hasenladen","7":"product_cat-spielzeug-fur-kaninchen","8":"product_shipping_class-ok-mondial-relais-de","10":"first","11":"instock","12":"taxable","13":"shipping-taxable","14":"purchasable","15":"product-type-simple"},"_links":{"self":[{"href":"https:\/\/www.bunzyland.com\/de\/wp-json\/wp\/v2\/product\/12589","targetHints":{"allow":["GET"]}}],"collection":[{"href":"https:\/\/www.bunzyland.com\/de\/wp-json\/wp\/v2\/product"}],"about":[{"href":"https:\/\/www.bunzyland.com\/de\/wp-json\/wp\/v2\/types\/product"}],"replies":[{"embeddable":true,"href":"https:\/\/www.bunzyland.com\/de\/wp-json\/wp\/v2\/comments?post=12589"}],"wp:featuredmedia":[{"embeddable":true,"href":"https:\/\/www.bunzyland.com\/de\/wp-json\/wp\/v2\/media\/12179"}],"wp:attachment":[{"href":"https:\/\/www.bunzyland.com\/de\/wp-json\/wp\/v2\/media?parent=12589"}],"wp:term":[{"taxonomy":"product_brand","embeddable":true,"href":"https:\/\/www.bunzyland.com\/de\/wp-json\/wp\/v2\/product_brand?post=12589"},{"taxonomy":"product_cat","embeddable":true,"href":"https:\/\/www.bunzyland.com\/de\/wp-json\/wp\/v2\/product_cat?post=12589"},{"taxonomy":"product_tag","embeddable":true,"href":"https:\/\/www.bunzyland.com\/de\/wp-json\/wp\/v2\/product_tag?post=12589"}],"curies":[{"name":"wp","href":"https:\/\/api.w.org\/{rel}","templated":true}]}}