{"id":12602,"date":"2024-02-19T15:55:59","date_gmt":"2024-02-19T14:55:59","guid":{"rendered":"https:\/\/bunzyland.com\/product\/hauskaninchen-karotten\/"},"modified":"2025-09-12T17:22:03","modified_gmt":"2025-09-12T15:22:03","slug":"hauskaninchen-karotten","status":"publish","type":"product","link":"https:\/\/www.bunzyland.com\/de\/produkt\/hauskaninchen-karotten\/","title":{"rendered":"Hauskaninchen Karotten"},"content":{"rendered":"<h2>Carrot Rabbit House: ein farbenfrohes, komfortables Versteck<\/h2>\n<p>Unser <strong>Carrot Rabbit House<\/strong> ist viel mehr als nur ein Haus, es ist ein Paradies f\u00fcr Ihr Kaninchen. Dieser <strong>Kaninchenstall<\/strong> mit seinem verspielten Karottenmotiv ist der ideale Ort f\u00fcr Ihr Kaninchen, um sich auszuruhen, zu verstecken oder einfach zu spielen. Die weiche, bequeme Innenausstattung l\u00e4dt Ihr Kaninchen dazu ein, sich zur wohlverdienten Entspannung zusammenzurollen.<\/p>\n<p><img fetchpriority=\"high\" decoding=\"async\" class=\"alignnone wp-image-16022\" src=\"https:\/\/mon-lapinnain.com\/wp-content\/uploads\/2024\/01\/Cabane-lapin-lit.png\" alt=\"Kaninchenstall Bett\" width=\"600\" height=\"600\"><\/p>\n<p>Dieses <strong>Kaninchenhaus<\/strong> ist mit seinen leuchtenden Farben und seinem einzigartigen Design nicht nur attraktiv, sondern auch \u00e4u\u00dferst sicher und komfortabel. Die Struktur des Hauses ist so konzipiert, dass es einen sicheren Platz bietet, an dem Ihr Kaninchen Zuflucht finden kann. Ob f\u00fcr ein ruhiges Nickerchen oder um dem Trubel im Haus zu entfliehen, dieser Kaninchenstall ist der perfekte Zufluchtsort. Ihr Kaninchen wird es lieben, sich darin zu verstecken, als ob es in seiner eigenen warmen H\u00f6hle w\u00e4re!<\/p>\n<h3>Das perfekte Kaninchenhaus f\u00fcr den Platz Ihres Kaninchens<\/h3>\n<p>Jeder Hase verdient seine eigene kleine Ecke im Haus, und dieses <strong>Karottenhasenhaus<\/strong> ist genau das, was er braucht. Er dient nicht nur als <strong>Versteck f\u00fcr Kaninchen<\/strong>, sondern verleiht Ihrem Zuhause oder dem <strong>Gehege Ihres Kaninchens<\/strong> auch einen Hauch von Laune. Dieses Haus ist leicht zu transportieren und zu reinigen und ist ebenso praktisch wie liebenswert.<\/p>\n<p>Au\u00dferdem ist er mit einem gem\u00fctlichen grauen Kissen ausgestattet, das sich leicht abnehmen und reinigen l\u00e4sst.<\/p>\n<p><strong>Merkmale:<\/strong><\/p>\n<ul>\n<li><strong>Materialien:<\/strong> Weicher Stoff<\/li>\n<li><strong>Gr\u00f6\u00dfe:<\/strong> B 30 x L 25 x H 23cm<\/li>\n<li><strong>Entwurf<\/strong>: Karotten<\/li>\n<li><strong>Inhalt des Pakets:<\/strong> Haus + graues Kissen<\/li>\n<\/ul>\n","protected":false},"excerpt":{"rendered":"<ul>\n<li>Das perfekte Versteck<\/li>\n<li>Mit seinem kleinen Kissen<\/li>\n<li>Ideal f\u00fcr eine ruhige Erholung<\/li>\n<\/ul>\n","protected":false},"featured_media":12139,"comment_status":"closed","ping_status":"closed","template":"","meta":{"_seopress_robots_primary_cat":"none","_seopress_titles_title":"","_seopress_titles_desc":"Das Carrot Rabbit House ist die perfekte H\u00fctte f\u00fcr Ihr Kaninchen. Es ist der ideale R\u00fcckzugsort f\u00fcr Ihr Kaninchen, um sich vor neugierigen Blicken zu sch\u00fctzen.","_seopress_robots_index":""},"product_brand":[],"product_cat":[169,175],"product_tag":[],"class_list":{"0":"post-12602","1":"product","2":"type-product","3":"status-publish","4":"has-post-thumbnail","6":"product_cat-hasenladen","7":"product_cat-kaninchenstall","8":"product_shipping_class-ok-mondial-relais-de","10":"first","11":"outofstock","12":"taxable","13":"shipping-taxable","14":"purchasable","15":"product-type-simple"},"_links":{"self":[{"href":"https:\/\/www.bunzyland.com\/de\/wp-json\/wp\/v2\/product\/12602","targetHints":{"allow":["GET"]}}],"collection":[{"href":"https:\/\/www.bunzyland.com\/de\/wp-json\/wp\/v2\/product"}],"about":[{"href":"https:\/\/www.bunzyland.com\/de\/wp-json\/wp\/v2\/types\/product"}],"replies":[{"embeddable":true,"href":"https:\/\/www.bunzyland.com\/de\/wp-json\/wp\/v2\/comments?post=12602"}],"wp:featuredmedia":[{"embeddable":true,"href":"https:\/\/www.bunzyland.com\/de\/wp-json\/wp\/v2\/media\/12139"}],"wp:attachment":[{"href":"https:\/\/www.bunzyland.com\/de\/wp-json\/wp\/v2\/media?parent=12602"}],"wp:term":[{"taxonomy":"product_brand","embeddable":true,"href":"https:\/\/www.bunzyland.com\/de\/wp-json\/wp\/v2\/product_brand?post=12602"},{"taxonomy":"product_cat","embeddable":true,"href":"https:\/\/www.bunzyland.com\/de\/wp-json\/wp\/v2\/product_cat?post=12602"},{"taxonomy":"product_tag","embeddable":true,"href":"https:\/\/www.bunzyland.com\/de\/wp-json\/wp\/v2\/product_tag?post=12602"}],"curies":[{"name":"wp","href":"https:\/\/api.w.org\/{rel}","templated":true}]}}