{"id":12603,"date":"2024-02-19T15:55:55","date_gmt":"2024-02-19T14:55:55","guid":{"rendered":"https:\/\/bunzyland.com\/product\/kaninchenstall-aus-holz\/"},"modified":"2025-09-12T17:22:14","modified_gmt":"2025-09-12T15:22:14","slug":"kaninchenstall-aus-holz","status":"publish","type":"product","link":"https:\/\/www.bunzyland.com\/de\/produkt\/kaninchenstall-aus-holz\/","title":{"rendered":"Kaninchenstall aus Holz"},"content":{"rendered":"<h2>Das perfekte Kaninchenhaus aus Holz f\u00fcr den Lebensraum Ihres Kaninchens<\/h2>\n<p>Entdecken Sie den <strong>Kaninchenstall aus Holz <\/strong>, der Ihrem Kaninchen Ruhe und Komfort bietet. Dieser liebevoll gestaltete <strong>Kaninchenstall<\/strong> ist der perfekte Ort f\u00fcr ruhige Momente oder ein friedliches Nickerchen, damit sich Ihr pelziger Freund wohlf\u00fchlt. Im Inneren l\u00e4dt ein weiches Kissen Ihr Kaninchen zu einer wohlverdienten Pause ein.<\/p>\n<p>Jedes Kaninchen tr\u00e4umt von einem eigenen Versteck, und dieser <a href=\"https:\/\/www.bunzyland.com\/de\/kaninchenstall\/\"><br \/>\n  <strong>Kaninchenhaus<\/strong><br \/>\n<\/a> bietet genau das. Es ist ein Versteck, in das er sich zur\u00fcckziehen kann, um in Ruhe zu knabbern oder sich einfach auszuruhen, weit weg vom Trubel des Hauses. Das ist ein echter Gewinn f\u00fcr sein Wohlbefinden. Ihr Kaninchen wird sich hier sicher und geborgen f\u00fchlen. Dieser Kaninchenstall wird schnell zu seinem Wahrzeichen in seinem Lebensraum.<\/p>\n<h3>Ein Kaninchenstall mit verschiedenen Funktionen<\/h3>\n<p>Dieser <strong>Kaninchenstall aus Holz<\/strong> dient auch als idealer Beobachtungsposten f\u00fcr Ihren kleinen W\u00e4chter. Da das <strong>Haus<\/strong> starr ist, kann Ihr Kaninchen darauf klettern, um sein kleines Reich im Auge zu behalten. Kaninchen haben gerne einen hohen Aussichtspunkt, von dem aus sie beobachten k\u00f6nnen, was vor sich geht.<\/p>\n<p>Der Zusammenbau dieses <strong>Kaninchenhauses<\/strong> ist ein Kinderspiel. Der Zusammenbau dauert nur ein paar Minuten. Die Innenseite des <strong>Kissens<\/strong> kann in der Maschine gewaschen werden und ist somit schnell und einfach zu pflegen.<\/p>\n<p>Als zus\u00e4tzlicher Bonus kann dieses Haus auch als Tarnung f\u00fcr das Katzenklo Ihres Kaninchens verwendet werden. Wenn Sie eine geeignete Schale hinzuf\u00fcgen, wird diese zu einem privaten Ort, an dem Ihr Kaninchen sein Gesch\u00e4ft in v\u00f6lliger Privatsph\u00e4re verrichten kann. Ihr Kaninchen kann einfach kommen und gehen, wie es ihm gef\u00e4llt.<\/p>\n<p><strong>Merkmale:<\/strong><\/p>\n<ul>\n<li><strong>Materialien:<\/strong> Holz<\/li>\n<li><strong>Gr\u00f6\u00dfe:<\/strong> B 33,5 x L 40 x H 34cm<\/li>\n<\/ul>\n","protected":false},"excerpt":{"rendered":"<ul>\n<li>Praktisches Haus<\/li>\n<li>Gem\u00fctliches, komfortables Interieur<\/li>\n<li>Kann als Einstreu verwendet werden<\/li>\n<\/ul>\n","protected":false},"featured_media":12199,"comment_status":"closed","ping_status":"closed","template":"","meta":{"_seopress_robots_primary_cat":"none","_seopress_titles_title":"","_seopress_titles_desc":"La Cabane lapin en bois est la maison id\u00e9ale pour votre lapinou \u00e0 la maison. Diese Cachette pour lapin solide ist die perfekte M\u00fcnze f\u00fcr ihn!","_seopress_robots_index":""},"product_brand":[],"product_cat":[169,175],"product_tag":[],"class_list":{"0":"post-12603","1":"product","2":"type-product","3":"status-publish","4":"has-post-thumbnail","6":"product_cat-hasenladen","7":"product_cat-kaninchenstall","8":"product_shipping_class-ok-mondial-relais-de","10":"first","11":"instock","12":"taxable","13":"shipping-taxable","14":"purchasable","15":"product-type-simple"},"_links":{"self":[{"href":"https:\/\/www.bunzyland.com\/de\/wp-json\/wp\/v2\/product\/12603","targetHints":{"allow":["GET"]}}],"collection":[{"href":"https:\/\/www.bunzyland.com\/de\/wp-json\/wp\/v2\/product"}],"about":[{"href":"https:\/\/www.bunzyland.com\/de\/wp-json\/wp\/v2\/types\/product"}],"replies":[{"embeddable":true,"href":"https:\/\/www.bunzyland.com\/de\/wp-json\/wp\/v2\/comments?post=12603"}],"wp:featuredmedia":[{"embeddable":true,"href":"https:\/\/www.bunzyland.com\/de\/wp-json\/wp\/v2\/media\/12199"}],"wp:attachment":[{"href":"https:\/\/www.bunzyland.com\/de\/wp-json\/wp\/v2\/media?parent=12603"}],"wp:term":[{"taxonomy":"product_brand","embeddable":true,"href":"https:\/\/www.bunzyland.com\/de\/wp-json\/wp\/v2\/product_brand?post=12603"},{"taxonomy":"product_cat","embeddable":true,"href":"https:\/\/www.bunzyland.com\/de\/wp-json\/wp\/v2\/product_cat?post=12603"},{"taxonomy":"product_tag","embeddable":true,"href":"https:\/\/www.bunzyland.com\/de\/wp-json\/wp\/v2\/product_tag?post=12603"}],"curies":[{"name":"wp","href":"https:\/\/api.w.org\/{rel}","templated":true}]}}