{"id":12604,"date":"2024-02-19T15:55:57","date_gmt":"2024-02-19T14:55:57","guid":{"rendered":"https:\/\/bunzyland.com\/product\/snack-kaninchen-spielzeug\/"},"modified":"2026-03-10T06:25:58","modified_gmt":"2026-03-10T05:25:58","slug":"snack-kaninchen-spielzeug","status":"publish","type":"product","link":"https:\/\/www.bunzyland.com\/de\/produkt\/snack-kaninchen-spielzeug\/","title":{"rendered":"Snack Kaninchen Spielzeug"},"content":{"rendered":"<h2>Das Snackkaninchen Spielzeug zur Stimulation Ihres Haustieres<\/h2>\n<p>Mit dem <strong>Snack Rabbit Toy<\/strong> wird Ihr Hase vor Freude springen!<br \/>\nDieses <strong>H\u00e4schen-Spielzeug<\/strong> ist nicht nur ein <strong>Puzzle<\/strong>, sondern eine entz\u00fcckende Schatzsuche f\u00fcr Ihr H\u00e4schen. Stellen Sie sich den konzentrierten und am\u00fcsierten Blick Ihres H\u00e4schens vor, der jede Ecke erkundet, um seine Lieblingsleckereien zu finden. Ein Festmahl f\u00fcr seine Geschmacksnerven und ein Genuss f\u00fcr seine Neuronen!<\/p>\n<p><img fetchpriority=\"high\" decoding=\"async\" class=\"alignnone wp-image-16539 size-full\" src=\"https:\/\/mon-lapinnain.com\/wp-content\/uploads\/2024\/01\/jouet-pour-lapin-friandise.gif\" alt=\"Lustiges H\u00e4schen Spielzeug\" width=\"320\" height=\"400\"><\/p>\n<p>Als <strong>Intelligenzspielzeug f\u00fcr Kaninchen<\/strong>ist dieses Puzzle perfekt geeignet, um Ihr Kaninchen aktiv und geistig gesund zu halten.<br \/>\nWie spielen Sie? Es ist wirklich ganz einfach! Verstecken Sie in den F\u00e4chern eine kleine Leckerei, die Sie in mehrere St\u00fccke schneiden &#8211; es k\u00f6nnte zum Beispiel ein kleines St\u00fcck Apfel sein. Sie werden sofort sehen, wie Ihr Kaninchen versucht, sein Leckerli durch Ziehen an den Schn\u00fcren zu holen. Ihr H\u00e4schen wird jedes Mal so stolz auf sich sein, wenn es eines findet!<br \/>\nEs ist das perfekte Spielzeug zur geistigen Stimulation und gegen Langeweile.<\/p>\n<h3>Ein intelligentes Kaninchenspielzeug f\u00fcr unvergessliche Erinnerungen<\/h3>\n<p>Dieses<strong> Snack Rabbit Spielzeug<\/strong> ist aus strapazierf\u00e4higem Holz gefertigt. Er ist bereit, selbst dem Ansturm der unerbittlichsten kleinen Entdecker standzuhalten. Versteckte Leckerbissen sind das T\u00fcpfelchen auf dem i und motivieren Ihr Kaninchen, immer wieder auf Entdeckungstour zu gehen.<\/p>\n<p><img decoding=\"async\" class=\"alignnone wp-image-16033\" src=\"https:\/\/mon-lapinnain.com\/wp-content\/uploads\/2024\/01\/Jouet-pour-lapin-snack.png\" alt=\"Snack Kaninchen Spielzeug\" width=\"600\" height=\"600\"><\/p>\n<p>Diese <strong>Kaninchenaktivit\u00e4t<\/strong> bietet die perfekte Gelegenheit f\u00fcr Momente der Zweisamkeit mit Ihrem Liebling. Diese freudigen Momente st\u00e4rken Ihre Bindung und machen Sie ebenso gl\u00fccklich wie Ihr Kaninchen. Sie schaffen Erinnerungen, die mit Lachen und gemeinsamer Liebe gef\u00fcllt sind.<\/p>\n<p><strong>Merkmale:<\/strong><\/p>\n<ul>\n<li>Material: Naturholz<\/li>\n<li>Gr\u00f6\u00dfe: B 37 x L 8,5 x H 6,5 cm (aufgeklappt)<\/li>\n<li>Funktionsweise: Versteckte F\u00e4cher f\u00fcr eine unvergessliche Schatzsuche.<\/li>\n<\/ul>\n","protected":false},"excerpt":{"rendered":"<ul>\n<li>Intelligenzspielzeug f\u00fcr Kaninchen<\/li>\n<li>Spiel und Spa\u00df<\/li>\n<li>H\u00f6lzernes Spiel<\/li>\n<\/ul>\n","protected":false},"featured_media":12171,"comment_status":"closed","ping_status":"closed","template":"","meta":{"_seopress_robots_primary_cat":"none","_seopress_titles_title":"","_seopress_titles_desc":"","_seopress_robots_index":""},"product_brand":[],"product_cat":[169,172],"product_tag":[],"class_list":{"0":"post-12604","1":"product","2":"type-product","3":"status-publish","4":"has-post-thumbnail","6":"product_cat-hasenladen","7":"product_cat-spielzeug-fur-kaninchen","8":"product_shipping_class-ok-mondial-relais-de","10":"first","11":"instock","12":"taxable","13":"shipping-taxable","14":"purchasable","15":"product-type-simple"},"_links":{"self":[{"href":"https:\/\/www.bunzyland.com\/de\/wp-json\/wp\/v2\/product\/12604","targetHints":{"allow":["GET"]}}],"collection":[{"href":"https:\/\/www.bunzyland.com\/de\/wp-json\/wp\/v2\/product"}],"about":[{"href":"https:\/\/www.bunzyland.com\/de\/wp-json\/wp\/v2\/types\/product"}],"replies":[{"embeddable":true,"href":"https:\/\/www.bunzyland.com\/de\/wp-json\/wp\/v2\/comments?post=12604"}],"wp:featuredmedia":[{"embeddable":true,"href":"https:\/\/www.bunzyland.com\/de\/wp-json\/wp\/v2\/media\/12171"}],"wp:attachment":[{"href":"https:\/\/www.bunzyland.com\/de\/wp-json\/wp\/v2\/media?parent=12604"}],"wp:term":[{"taxonomy":"product_brand","embeddable":true,"href":"https:\/\/www.bunzyland.com\/de\/wp-json\/wp\/v2\/product_brand?post=12604"},{"taxonomy":"product_cat","embeddable":true,"href":"https:\/\/www.bunzyland.com\/de\/wp-json\/wp\/v2\/product_cat?post=12604"},{"taxonomy":"product_tag","embeddable":true,"href":"https:\/\/www.bunzyland.com\/de\/wp-json\/wp\/v2\/product_tag?post=12604"}],"curies":[{"name":"wp","href":"https:\/\/api.w.org\/{rel}","templated":true}]}}