{"id":12605,"date":"2024-02-19T15:56:00","date_gmt":"2024-02-19T14:56:00","guid":{"rendered":"https:\/\/bunzyland.com\/product\/kaninchen-heuraufe-xl\/"},"modified":"2025-09-12T17:21:57","modified_gmt":"2025-09-12T15:21:57","slug":"kaninchen-heuraufe-xl","status":"publish","type":"product","link":"https:\/\/www.bunzyland.com\/de\/produkt\/kaninchen-heuraufe-xl\/","title":{"rendered":"Kaninchen Heuraufe XL"},"content":{"rendered":"<h2>Kaninchen Heuraufe XL: das ideale Zubeh\u00f6r f\u00fcr Feinschmecker<\/h2>\n<p>Unsere <strong>Kaninchen-Heuraufe<\/strong> XL ist die perfekte L\u00f6sung f\u00fcr Kaninchen, die sich gerne mit Heu vollstopfen! Mit ihrer gro\u00dfen Gr\u00f6\u00dfe sorgt diese <strong>Kaninchenheuraufe<\/strong> daf\u00fcr, dass Ihr Tier immer gen\u00fcgend frisches Heu zum Knabbern hat. Kein h\u00e4ufiges Nachf\u00fcllen mehr &#8211; diese<strong> Kaninchentr\u00e4nke<\/strong> fasst eine gro\u00dfe Menge Heu und ist daher ideal f\u00fcr gierige Kaninchen oder mehrere Kaninchen.<\/p>\n<p><img fetchpriority=\"high\" decoding=\"async\" class=\"alignnone wp-image-16008\" src=\"https:\/\/mon-lapinnain.com\/wp-content\/uploads\/2024\/01\/Ratelier-foin-lapin-grand.png\" alt=\"Kaninchen Heuraufe gro\u00df\" width=\"600\" height=\"600\"><\/p>\n<p>Dieser <strong>Heuspender f\u00fcr Kaninchen<\/strong> ist nicht nur gro\u00df, er ist auch unglaublich praktisch. Das offene Design erm\u00f6glicht Ihrem Kaninchen einen einfachen Zugang zum Heu, w\u00e4hrend es gut bel\u00fcftet und trocken bleibt. Es ist das ideale <strong>Zubeh\u00f6r<\/strong> f\u00fcr <strong>Kaninchen<\/strong>, um eine tadellose Hygiene in ihrem Lebensraum aufrechtzuerhalten, da es Abfall und Unordnung reduziert.<\/p>\n<p><img decoding=\"async\" class=\"alignnone wp-image-16007\" src=\"https:\/\/mon-lapinnain.com\/wp-content\/uploads\/2024\/01\/Mangeoire-lapin-ratelier.png\" alt=\"Kaninchenfresser\" width=\"600\" height=\"600\"><\/p>\n<h3>Ein praktischer, einfach zu bedienender Heuspender f\u00fcr Kaninchen<\/h3>\n<p>Diese<strong> XL-Heuraufe f\u00fcr Kaninchen<\/strong> ist aus robustem Holz gefertigt und f\u00fcr eine lange Lebensdauer ausgelegt. Es h\u00e4lt neugierigen kleinen Z\u00e4hnen stand und sch\u00fctzt Ihr Kaninchen, w\u00e4hrend es frisst. Au\u00dferdem f\u00fcgt sich das elegante Holzdesign perfekt in das Gehege Ihres Kaninchens ein und verleiht ihm einen charmant rustikalen Touch.<\/p>\n<p><img decoding=\"async\" class=\"alignnone wp-image-16006\" src=\"https:\/\/mon-lapinnain.com\/wp-content\/uploads\/2024\/01\/Ratelier-lapin.png\" alt=\"Kaninchenfresser\" width=\"600\" height=\"600\"><\/p>\n<p>Dieses<strong> Kaninchenzubeh\u00f6r<\/strong> ist leicht mit Heu zu bef\u00fcllen. Heben Sie einfach das Dach des Stalls an und legen Sie das <strong>Heu<\/strong> hinein. Einfacher geht&#8217;s nicht! Sie k\u00f6nnen sogar das Dach entfernen, wenn Sie m\u00f6chten.<\/p>\n<p><strong>Merkmale:<\/strong><\/p>\n<ul>\n<li><strong>Materialien:<\/strong> Nat\u00fcrliches, robustes, unbehandeltes Holz.<\/li>\n<li><strong>Gr\u00f6\u00dfe:<\/strong> B 42cm x L 32cm x H 33cm (perfekt f\u00fcr Kaninchen aller Gr\u00f6\u00dfen und sogar f\u00fcr mehrere Kaninchen)<\/li>\n<li><strong>Design:<\/strong> Leicht zu bef\u00fcllen und zu reinigen<\/li>\n<\/ul>\n","protected":false},"excerpt":{"rendered":"<ul>\n<li>Kaninchen-Accessoire<\/li>\n<li>Auch f\u00fcr mehrere Kaninchen geeignet<\/li>\n<li>Gro\u00dfes Holzregal<\/li>\n<\/ul>\n","protected":false},"featured_media":12123,"comment_status":"closed","ping_status":"closed","template":"","meta":{"_seopress_robots_primary_cat":"none","_seopress_titles_title":"","_seopress_titles_desc":"Die XL Kaninchen-Heuraufe ist das ideale Zubeh\u00f6r f\u00fcr den Lebensraum Ihres Kaninchens. Diese Kaninchentr\u00e4nke ist praktisch, gro\u00df und solide.","_seopress_robots_index":""},"product_brand":[],"product_cat":[169,199,189],"product_tag":[],"class_list":{"0":"post-12605","1":"product","2":"type-product","3":"status-publish","4":"has-post-thumbnail","6":"product_cat-hasenladen","7":"product_cat-heuspender-kaninchen","8":"product_cat-kaninchen-zubehoer","9":"product_shipping_class-ok-mondial-relais-de","11":"first","12":"outofstock","13":"taxable","14":"shipping-taxable","15":"purchasable","16":"product-type-simple"},"_links":{"self":[{"href":"https:\/\/www.bunzyland.com\/de\/wp-json\/wp\/v2\/product\/12605","targetHints":{"allow":["GET"]}}],"collection":[{"href":"https:\/\/www.bunzyland.com\/de\/wp-json\/wp\/v2\/product"}],"about":[{"href":"https:\/\/www.bunzyland.com\/de\/wp-json\/wp\/v2\/types\/product"}],"replies":[{"embeddable":true,"href":"https:\/\/www.bunzyland.com\/de\/wp-json\/wp\/v2\/comments?post=12605"}],"wp:featuredmedia":[{"embeddable":true,"href":"https:\/\/www.bunzyland.com\/de\/wp-json\/wp\/v2\/media\/12123"}],"wp:attachment":[{"href":"https:\/\/www.bunzyland.com\/de\/wp-json\/wp\/v2\/media?parent=12605"}],"wp:term":[{"taxonomy":"product_brand","embeddable":true,"href":"https:\/\/www.bunzyland.com\/de\/wp-json\/wp\/v2\/product_brand?post=12605"},{"taxonomy":"product_cat","embeddable":true,"href":"https:\/\/www.bunzyland.com\/de\/wp-json\/wp\/v2\/product_cat?post=12605"},{"taxonomy":"product_tag","embeddable":true,"href":"https:\/\/www.bunzyland.com\/de\/wp-json\/wp\/v2\/product_tag?post=12605"}],"curies":[{"name":"wp","href":"https:\/\/api.w.org\/{rel}","templated":true}]}}