{"id":12608,"date":"2024-02-19T15:55:59","date_gmt":"2024-02-19T14:55:59","guid":{"rendered":"https:\/\/bunzyland.com\/product\/boho-kaninchentunnel\/"},"modified":"2025-09-12T16:33:02","modified_gmt":"2025-09-12T14:33:02","slug":"boho-kaninchentunnel","status":"publish","type":"product","link":"https:\/\/www.bunzyland.com\/de\/produkt\/boho-kaninchentunnel\/","title":{"rendered":"Boho Kaninchentunnel"},"content":{"rendered":"<h2>Boho Bunny Tunnel: Ein Spielplatz mit b\u00f6hmischem Flair<\/h2>\n<p>Unser <strong>Boho Kaninchentunnel<\/strong> ist eine wahre Einladung zum Abenteuer f\u00fcr Ihr Kaninchen. Dieser <strong>Tunnel<\/strong> kombiniert charmantes b\u00f6hmisches Design mit spielerischer Funktionalit\u00e4t und ist der perfekte Ort f\u00fcr Ihr Kaninchen zum Spielen, Entdecken und Entspannen. Seine weiche, neutrale Farbe verleiht dem Lebensraum Ihres Kaninchens einen nat\u00fcrlichen Touch und regt gleichzeitig sein Interesse und seine Neugier an.<\/p>\n<p><img fetchpriority=\"high\" decoding=\"async\" class=\"alignnone wp-image-16013\" src=\"https:\/\/mon-lapinnain.com\/wp-content\/uploads\/2024\/01\/Tunnel-pour-lapin-Boho.png\" alt=\"Boho Kaninchentunnel\" width=\"600\" height=\"600\"><\/p>\n<p>Dieses <strong>Kaninchenspielzeug<\/strong> ist nicht nur ein dekoratives Objekt, sondern auch ein fantastischer Spielplatz f\u00fcr Ihren kleinen Entdecker. Kaninchen lieben es, sich durch Tunnel zu quetschen. Das ist eine gro\u00dfartige M\u00f6glichkeit, sie zur Bewegung zu animieren und aktiv zu bleiben. Dieser <strong>Kaninchentunnel<\/strong> bietet ein lohnendes Erlebnis, das die Fantasie Ihres Kaninchens anregt und es zu gesunden, lustigen Erkundungen anregt.<\/p>\n<h3>Ein lustiges, kaninchenfreundliches Spielzeug<\/h3>\n<p>Dieser <strong>Boho Kaninchentunnel<\/strong> ist nicht nur ein tolles <strong>Spielzeug f\u00fcr Kaninchen<\/strong>, sondern sorgt auch f\u00fcr die Sicherheit und den Komfort Ihres Tieres. Er ist aus weichem, strapazierf\u00e4higem Material gefertigt und bietet Ihrem Kaninchen einen sicheren, komfortablen R\u00fcckzugsort, um sich nach einem Tag voller Abenteuer auszuruhen. Die Struktur des Kaninchentunnels ist so gestaltet, dass sie dem Kaninchenhasser gef\u00e4llt und ihm viele Stunden Spa\u00df garantiert.<\/p>\n<p>Dieses <a href=\"https:\/\/www.bunzyland.com\/de\/spielzeug-fur-kaninchen\/\"><br \/>\n  <strong>Hasen-Spielzeug<\/strong><br \/>\n<\/a> ist das perfekte Geschenk, um die Aktivit\u00e4t und die Fantasie Ihres H\u00e4schens anzuregen und gleichzeitig einen Hauch von Stil in seinen Lebensraum zu bringen.<\/p>\n<p><strong>Merkmale:<\/strong><\/p>\n<ul>\n<li><strong>Materialien:<\/strong> Pflanzenmaterial (Leinen)<\/li>\n<li><strong>Gr\u00f6\u00dfe:<\/strong> 50 cm lang<\/li>\n<li><strong>Design:<\/strong> Boho-Chic-Stil<\/li>\n<\/ul>\n","protected":false},"excerpt":{"rendered":"<ul>\n<li>Kaninchenspielzeug<\/li>\n<li>Lustig und verspielt<\/li>\n<li>Nat\u00fcrliches Aussehen<\/li>\n<\/ul>\n","protected":false},"featured_media":12131,"comment_status":"closed","ping_status":"closed","template":"","meta":{"_seopress_robots_primary_cat":"none","_seopress_titles_title":"","_seopress_titles_desc":"Der Boho Bunny Tunnel ist das ideale Spiel f\u00fcr Spa\u00df und Erkundung. Ihr Kaninchen wird es lieben, sich darin zu verstecken. Das perfekte Spielzeug f\u00fcr Hasen!","_seopress_robots_index":""},"product_brand":[],"product_cat":[169,183,172],"product_tag":[],"class_list":{"0":"post-12608","1":"product","2":"type-product","3":"status-publish","4":"has-post-thumbnail","6":"product_cat-hasenladen","7":"product_cat-kaninchentunnel","8":"product_cat-spielzeug-fur-kaninchen","9":"product_shipping_class-ok-mondial-relais-de","11":"first","12":"outofstock","13":"taxable","14":"shipping-taxable","15":"purchasable","16":"product-type-simple"},"_links":{"self":[{"href":"https:\/\/www.bunzyland.com\/de\/wp-json\/wp\/v2\/product\/12608","targetHints":{"allow":["GET"]}}],"collection":[{"href":"https:\/\/www.bunzyland.com\/de\/wp-json\/wp\/v2\/product"}],"about":[{"href":"https:\/\/www.bunzyland.com\/de\/wp-json\/wp\/v2\/types\/product"}],"replies":[{"embeddable":true,"href":"https:\/\/www.bunzyland.com\/de\/wp-json\/wp\/v2\/comments?post=12608"}],"wp:featuredmedia":[{"embeddable":true,"href":"https:\/\/www.bunzyland.com\/de\/wp-json\/wp\/v2\/media\/12131"}],"wp:attachment":[{"href":"https:\/\/www.bunzyland.com\/de\/wp-json\/wp\/v2\/media?parent=12608"}],"wp:term":[{"taxonomy":"product_brand","embeddable":true,"href":"https:\/\/www.bunzyland.com\/de\/wp-json\/wp\/v2\/product_brand?post=12608"},{"taxonomy":"product_cat","embeddable":true,"href":"https:\/\/www.bunzyland.com\/de\/wp-json\/wp\/v2\/product_cat?post=12608"},{"taxonomy":"product_tag","embeddable":true,"href":"https:\/\/www.bunzyland.com\/de\/wp-json\/wp\/v2\/product_tag?post=12608"}],"curies":[{"name":"wp","href":"https:\/\/api.w.org\/{rel}","templated":true}]}}