{"id":12625,"date":"2024-02-19T15:55:57","date_gmt":"2024-02-19T14:55:57","guid":{"rendered":"https:\/\/bunzyland.com\/product\/verspieltes-kaninchenspielzeug\/"},"modified":"2025-11-13T20:13:36","modified_gmt":"2025-11-13T19:13:36","slug":"verspieltes-kaninchenspielzeug","status":"publish","type":"product","link":"https:\/\/www.bunzyland.com\/de\/produkt\/verspieltes-kaninchenspielzeug\/","title":{"rendered":"Verspieltes Kaninchenspielzeug"},"content":{"rendered":"<h2>Verspieltes Kaninchenspielzeug: eine Aktivit\u00e4t, die Ihr Kaninchen aufweckt und unterh\u00e4lt<\/h2>\n<p>Unser <strong>verspieltes Kaninchenspielzeug<\/strong> ist ein echtes Abenteuer f\u00fcr die Sinne Ihres Kaninchens. Dieses <strong>Kaninchenspielzeug aus Holz<\/strong> ist mit seinen verschiedenen Verstecken und kleinen Kugeln ein ideales <strong>Intelligenzspielzeug<\/strong>, um die Neugier Ihres Haustieres zu stimulieren. Jedes Fach kann mit Leckereien oder kleinen Gem\u00fcsest\u00fcckchen gef\u00fcllt werden. So entsteht ein fesselndes und lohnendes Sucherlebnis f\u00fcr Ihr Kaninchen.<br \/>\nIhr Kaninchen wird es lieben, jedes Versteck zu erkunden und sein Gesp\u00fcr und seine Intelligenz einzusetzen, um die versteckten Belohnungen zu finden.<\/p>\n<h2><strong><img fetchpriority=\"high\" decoding=\"async\" class=\"alignnone wp-image-16149\" src=\"https:\/\/mon-lapinnain.com\/wp-content\/uploads\/2024\/01\/Jouet-pour-lapin-rigolo-1.png\" alt=\"Lustiges H\u00e4schen Spielzeug\" width=\"600\" height=\"600\"><\/strong><\/h2>\n<p>Dieses <strong>Intelligenzspielzeug f\u00fcr Kaninchen <\/strong>wurde entwickelt, um die kognitiven und sensorischen F\u00e4higkeiten Ihres Kaninchens zu f\u00f6rdern. Durch die Suche nach versteckten Leckereien trainiert Ihr Kaninchen sein Gehirn, was f\u00fcr seine geistige Gesundheit sehr wichtig ist. Diese Aktivit\u00e4t stimuliert auch die k\u00f6rperliche Aktivit\u00e4t und hilft Ihrem Kaninchen, fit und aktiv zu bleiben. Der Prozess des Entdeckens und Belohnens f\u00f6rdert das nat\u00fcrliche Futterverhalten und bietet gleichzeitig eine lohnende Form der Unterhaltung.<\/p>\n<h3>Ein Kaninchenspiel f\u00fcr stundenlangen Spa\u00df und Bindung<\/h3>\n<p>Wie spielen Sie das Spiel? Verstecken Sie die Leckereien einfach in den <strong>R\u00e4tself\u00e4chern<\/strong> und beobachten Sie, wie Ihr Kaninchen zu einem kleinen Detektiv wird. Sie k\u00f6nnen auch regelm\u00e4\u00dfig die Position der Leckereien \u00e4ndern, um jedes Mal eine neue Herausforderung zu schaffen. Es ist das <strong>perfekte Spielzeug<\/strong>, um Ihr Kaninchen aktiv und gl\u00fccklich zu halten!<\/p>\n<p>Es ist auch die perfekte Gelegenheit, um Zeit mit Ihrem Kaninchen zu verbringen. Indem Sie das Spiel beobachten und daran teilnehmen, st\u00e4rken Sie die emotionale Bindung zu Ihrem Kaninchen. Diese gemeinsamen Momente sind wertvoll f\u00fcr das emotionale Wohlbefinden Ihres kleinen Begleiters. Es ist auch eine einmalige Gelegenheit f\u00fcr Sie, seine Intelligenz und seinen Schalk in Aktion zu erleben \ud83d\ude09 .<\/p>\n<p><strong>Merkmale:<\/strong><\/p>\n<ul>\n<li><strong>Materialien:<\/strong> Holz<\/li>\n<li><strong>Gr\u00f6\u00dfe:<\/strong> 19.7 x 19.7 x 2.5cm<\/li>\n<\/ul>\n","protected":false},"excerpt":{"rendered":"<ul>\n<li>Intelligenz Spiel<\/li>\n<li>Ideal f\u00fcr Gourmet-H\u00e4schen<\/li>\n<li>Eine Aktivit\u00e4t, die Sie mit ihm teilen k\u00f6nnen<\/li>\n<\/ul>\n","protected":false},"featured_media":12175,"comment_status":"closed","ping_status":"closed","template":"","meta":{"_seopress_robots_primary_cat":"none","_seopress_titles_title":"","_seopress_titles_desc":"Das Playful Rabbit Toy ist ein cleveres Kaninchenspiel, das Ihr Kaninchen stimuliert. Es ist das perfekte Spielzeug f\u00fcr das geistige Wohlbefinden Ihres Kaninchens.","_seopress_robots_index":""},"product_brand":[],"product_cat":[169,172],"product_tag":[],"class_list":{"0":"post-12625","1":"product","2":"type-product","3":"status-publish","4":"has-post-thumbnail","6":"product_cat-hasenladen","7":"product_cat-spielzeug-fur-kaninchen","8":"product_shipping_class-ok-mondial-relais-de","10":"first","11":"instock","12":"taxable","13":"shipping-taxable","14":"purchasable","15":"product-type-simple"},"_links":{"self":[{"href":"https:\/\/www.bunzyland.com\/de\/wp-json\/wp\/v2\/product\/12625","targetHints":{"allow":["GET"]}}],"collection":[{"href":"https:\/\/www.bunzyland.com\/de\/wp-json\/wp\/v2\/product"}],"about":[{"href":"https:\/\/www.bunzyland.com\/de\/wp-json\/wp\/v2\/types\/product"}],"replies":[{"embeddable":true,"href":"https:\/\/www.bunzyland.com\/de\/wp-json\/wp\/v2\/comments?post=12625"}],"wp:featuredmedia":[{"embeddable":true,"href":"https:\/\/www.bunzyland.com\/de\/wp-json\/wp\/v2\/media\/12175"}],"wp:attachment":[{"href":"https:\/\/www.bunzyland.com\/de\/wp-json\/wp\/v2\/media?parent=12625"}],"wp:term":[{"taxonomy":"product_brand","embeddable":true,"href":"https:\/\/www.bunzyland.com\/de\/wp-json\/wp\/v2\/product_brand?post=12625"},{"taxonomy":"product_cat","embeddable":true,"href":"https:\/\/www.bunzyland.com\/de\/wp-json\/wp\/v2\/product_cat?post=12625"},{"taxonomy":"product_tag","embeddable":true,"href":"https:\/\/www.bunzyland.com\/de\/wp-json\/wp\/v2\/product_tag?post=12625"}],"curies":[{"name":"wp","href":"https:\/\/api.w.org\/{rel}","templated":true}]}}