{"id":12627,"date":"2024-02-19T15:55:54","date_gmt":"2024-02-19T14:55:54","guid":{"rendered":"https:\/\/bunzyland.com\/product\/hoelzerne-kaninchenbruecke\/"},"modified":"2025-09-12T17:21:59","modified_gmt":"2025-09-12T15:21:59","slug":"hoelzerne-kaninchenbruecke","status":"publish","type":"product","link":"https:\/\/www.bunzyland.com\/de\/produkt\/hoelzerne-kaninchenbruecke\/","title":{"rendered":"H\u00f6lzerne Kaninchenbr\u00fccke"},"content":{"rendered":"<h2>Kaninchenbr\u00fccke aus Holz: ein Muss in jeder Umgebung<\/h2>\n<p>Die <strong>Kaninchenbr\u00fccke aus Holz<\/strong> ist eine Einladung zum Abenteuer f\u00fcr Ihr Kaninchen. Diese <strong>Tunnelh\u00fctte aus Holz<\/strong> wurde speziell entwickelt, um die Neugier Ihres Kaninchens anzuregen und bringt einen Hauch von Natur in den Lebensraum Ihres Kaninchens. Es ist das <strong>ideale Accessoire<\/strong>, um sein t\u00e4gliches Leben mit lustigen und befriedigenden Aktivit\u00e4ten zu bereichern.<\/p>\n<p><img fetchpriority=\"high\" decoding=\"async\" class=\"alignnone wp-image-16158\" src=\"https:\/\/mon-lapinnain.com\/wp-content\/uploads\/2024\/01\/Pont-pour-lapin-en-bois-tunnel.png\" alt=\"Tunnel Kaninchenbr\u00fccke aus Holz\" width=\"600\" height=\"600\"><\/p>\n<p>Diese <strong>Br\u00fccke<\/strong> ist nicht nur ein fantastischer Spielplatz, sondern dient auch als tempor\u00e4res <strong>Kaninchenversteck<\/strong>. Ihr Kaninchen kann darunter rutschen, um sich auszuruhen oder Verstecken zu spielen, was diese <strong>Holzbr\u00fccke<\/strong> zu einem echten Zwei-in-Eins-Spiel macht.<\/p>\n<p>Diese <strong>Kaninchenbr\u00fccke<\/strong> ist nicht nur lustig, sondern auch extrem sicher f\u00fcr Ihr Kaninchen. Er ist aus hochwertigem Holz gefertigt und h\u00e4lt selbst dem Ansturm der abenteuerlichsten kleinen Entdecker stand. Da er zusammenklappbar ist, k\u00f6nnen Sie ihn leicht an den verf\u00fcgbaren Platz und die Vorlieben Ihres Kaninchens anpassen. Er kann leicht als <strong>Kaninchentunnel<\/strong>, Rampe oder Ruheplatz verwendet werden.<\/p>\n<p><img decoding=\"async\" class=\"alignnone wp-image-16156\" src=\"https:\/\/mon-lapinnain.com\/wp-content\/uploads\/2024\/01\/Pont-pour-lapin-1.png\" alt=\"Kaninchenbr\u00fccke\" width=\"600\" height=\"600\"><\/p>\n<h3>Ein lustiges, vielseitiges Kaninchen-Accessoire<\/h3>\n<p>Die <strong>Kaninchenbr\u00fccke aus Holz<\/strong> ist nicht nur ein <strong>Accessoire<\/strong>, sondern eine kreative Plattform f\u00fcr Sie und Ihr Kaninchen. Mit ihrem faltbaren, modularen Design kann diese Br\u00fccke in verschiedene Konfigurationen umgewandelt werden und bietet Ihrem Kaninchen eine Vielzahl neuer Herausforderungen und Spiele. Stellen Sie sich vor, wie Sie dar\u00fcber springen, darunter hindurchkriechen oder es wie einen Hindernisparcours durchlaufen. Diese Flexibilit\u00e4t <strong>stimuliert die Intelligenz und Geschicklichkeit Ihres Kaninchens<\/strong> und h\u00e4lt es aktiv und gl\u00fccklich.<\/p>\n<p><img decoding=\"async\" class=\"alignnone wp-image-16157\" src=\"https:\/\/mon-lapinnain.com\/wp-content\/uploads\/2024\/01\/pont-pour-lapin-cabane.png\" alt=\"Br\u00fccke f\u00fcr Kaninchenversteck\" width=\"600\" height=\"600\"><\/p>\n<p>Au\u00dferdem f\u00fcgt sich diese <strong>h\u00f6lzerne Kaninchenbr\u00fccke<\/strong> perfekt in verschiedene Umgebungen und Dekors ein. Egal, ob Sie in einer Wohnung oder einem Haus mit gro\u00dfem Garten leben, er passt sich problemlos an Ihren Raum an. Es ist das<strong> ideale Accessoire<\/strong>, um Ihr Kaninchen dazu zu ermutigen, seine Umgebung zu erkunden und mit ihr zu interagieren.<\/p>\n<p><strong>Merkmale:<\/strong><\/p>\n<ul>\n<li><strong>Materialien:<\/strong> Qualit\u00e4tsholz<\/li>\n<li><strong>Gr\u00f6\u00dfe:<\/strong> B 50 x H 30 cm<\/li>\n<\/ul>\n","protected":false},"excerpt":{"rendered":"<ul>\n<li>Gro\u00dfes Format<\/li>\n<li>Nat\u00fcrlich<\/li>\n<\/ul>\n","protected":false},"featured_media":12209,"comment_status":"closed","ping_status":"closed","template":"","meta":{"_seopress_robots_primary_cat":"none","_seopress_titles_title":"","_seopress_titles_desc":"Die Kaninchenbr\u00fccke aus Holz ist das unverzichtbare Zubeh\u00f6r f\u00fcr den Kaninchenstall, den Tunnel und den Spielbereich Ihres Kaninchens.","_seopress_robots_index":""},"product_brand":[],"product_cat":[169,189,175,183],"product_tag":[],"class_list":{"0":"post-12627","1":"product","2":"type-product","3":"status-publish","4":"has-post-thumbnail","6":"product_cat-hasenladen","7":"product_cat-kaninchen-zubehoer","8":"product_cat-kaninchenstall","9":"product_cat-kaninchentunnel","10":"product_shipping_class-ok-mondial-relais-de","12":"first","13":"instock","14":"taxable","15":"shipping-taxable","16":"purchasable","17":"product-type-simple"},"_links":{"self":[{"href":"https:\/\/www.bunzyland.com\/de\/wp-json\/wp\/v2\/product\/12627","targetHints":{"allow":["GET"]}}],"collection":[{"href":"https:\/\/www.bunzyland.com\/de\/wp-json\/wp\/v2\/product"}],"about":[{"href":"https:\/\/www.bunzyland.com\/de\/wp-json\/wp\/v2\/types\/product"}],"replies":[{"embeddable":true,"href":"https:\/\/www.bunzyland.com\/de\/wp-json\/wp\/v2\/comments?post=12627"}],"wp:featuredmedia":[{"embeddable":true,"href":"https:\/\/www.bunzyland.com\/de\/wp-json\/wp\/v2\/media\/12209"}],"wp:attachment":[{"href":"https:\/\/www.bunzyland.com\/de\/wp-json\/wp\/v2\/media?parent=12627"}],"wp:term":[{"taxonomy":"product_brand","embeddable":true,"href":"https:\/\/www.bunzyland.com\/de\/wp-json\/wp\/v2\/product_brand?post=12627"},{"taxonomy":"product_cat","embeddable":true,"href":"https:\/\/www.bunzyland.com\/de\/wp-json\/wp\/v2\/product_cat?post=12627"},{"taxonomy":"product_tag","embeddable":true,"href":"https:\/\/www.bunzyland.com\/de\/wp-json\/wp\/v2\/product_tag?post=12627"}],"curies":[{"name":"wp","href":"https:\/\/api.w.org\/{rel}","templated":true}]}}