{"id":12628,"date":"2024-02-19T15:56:00","date_gmt":"2024-02-19T14:56:00","guid":{"rendered":"https:\/\/bunzyland.com\/product\/kaninchenburg\/"},"modified":"2025-09-12T13:14:22","modified_gmt":"2025-09-12T11:14:22","slug":"kaninchenburg","status":"publish","type":"product","link":"https:\/\/www.bunzyland.com\/de\/produkt\/kaninchenburg\/","title":{"rendered":"Kaninchenburg"},"content":{"rendered":"<h2>Schloss f\u00fcr Kaninchen: ein majest\u00e4tisches Refugium f\u00fcr Ihr Haustier<\/h2>\n<p>Schenken Sie Ihrem liebenswerten Kaninchen mit unserem<strong> Kaninchenschloss<\/strong> ein K\u00f6nigreich, das seiner Majest\u00e4t w\u00fcrdig ist. Dieses <strong>Holzhaus<\/strong> wurde entworfen, um Ihrem Kaninchen einen Platz zum Ausruhen und Entdecken zu bieten. Dieses <strong>Schloss<\/strong> ist mehr als nur ein <strong>Kaninchenstall<\/strong>, es ist ein wahrer K\u00f6nigspalast, der Ihrem Kaninchen einen Ort bietet, an dem es herrschen kann.<\/p>\n<p><img fetchpriority=\"high\" decoding=\"async\" class=\"alignnone wp-image-15997\" src=\"https:\/\/mon-lapinnain.com\/wp-content\/uploads\/2024\/01\/Cabane-pour-lapin.png\" alt=\"Kaninchenstall\" width=\"600\" height=\"600\"><\/p>\n<p>Stellen Sie sich vor, wie er die vielen Ecken und Winkel dieses <strong>Kaninchenschlosses<\/strong> erkundet und die Rolle des wohlwollenden Herrschers seines kleinen K\u00f6nigreichs spielt. Jedes Detail dieses <strong>Refugiums<\/strong> wurde so gestaltet, dass es das Gl\u00fcck und das Wohlbefinden Ihres Haustieres garantiert. Kaninchen lieben es, sich im Haus zu verstecken, wo sie sich sicher f\u00fchlen und in Ruhe ruhen k\u00f6nnen.<\/p>\n<h3>Ein lustiger Kaninchenstall<\/h3>\n<p>Unsere <strong>Kaninchenburg<\/strong> ist nicht nur ein <strong>Kaninchenstall<\/strong>, sondern ein echter Spielplatz, der die Fantasie und Aktivit\u00e4t Ihres Gef\u00e4hrten anregt. Mit seiner Zugangsrampe regt er zu Erkundungen und Abenteuern an und l\u00e4dt Ihr Kaninchen zum Klettern und Entdecken seiner Umgebung ein.<\/p>\n<p><img decoding=\"async\" class=\"alignnone wp-image-15996\" src=\"https:\/\/mon-lapinnain.com\/wp-content\/uploads\/2024\/01\/Cabane-pour-lapin-en-bois.png\" alt=\"Kaninchenschloss aus Holz\" width=\"600\" height=\"600\"><\/p>\n<p>Dieses Schloss dient auch als <strong>Kaninchenstall<\/strong>, in dem er sich in aller Ruhe ausruhen und neue Energie tanken kann. Es ist der perfekte Ort f\u00fcr Ruhe und Entspannung, aber auch f\u00fcr Erkundung und Spa\u00df.<\/p>\n<p>Bei der Gestaltung unserer <strong>Hasenburg<\/strong> steht die Sicherheit an erster Stelle. Die verwendeten Materialien sind ungiftig und widerstandsf\u00e4hig und garantieren eine sichere Umgebung f\u00fcr Ihr Haustier. Dar\u00fcber hinaus h\u00e4lt die robuste Struktur auch den heftigsten Spr\u00fcngen und Spielen stand.<\/p>\n<p><img decoding=\"async\" class=\"alignnone wp-image-15995\" src=\"https:\/\/mon-lapinnain.com\/wp-content\/uploads\/2024\/01\/Cabane-lapin.png\" alt=\"Kaninchenburg\" width=\"600\" height=\"600\"><\/p>\n<p><strong>Merkmale:<\/strong><\/p>\n<ul>\n<li><strong>Materialien:<\/strong> Helles Holz<\/li>\n<li><strong>Gr\u00f6\u00dfe:<\/strong> Perfekt f\u00fcr ein Zwerg- oder Widderkaninchen (H\u00fctte ohne Rampe: B 28cm x H 25cm )<\/li>\n<li><strong>Plus:<\/strong> Mit eigenem weichen Kissen (leicht zu waschen)<\/li>\n<\/ul>\n","protected":false},"excerpt":{"rendered":"<ul>\n<li>Kaninchenstall aus Holz<\/li>\n<li>Ideal zur Bewachung Ihres Territoriums<\/li>\n<li>Das perfekte Versteck<\/li>\n<\/ul>\n","protected":false},"featured_media":12113,"comment_status":"closed","ping_status":"closed","template":"","meta":{"_seopress_robots_primary_cat":"none","_seopress_titles_title":"","_seopress_titles_desc":"Die Kaninchenburg ist die ideale H\u00fctte f\u00fcr Ihr Kaninchen. Dieser Kaninchenstall aus Holz ist der ideale Ort f\u00fcr ein Nickerchen und um die Dinge im Auge zu behalten.","_seopress_robots_index":""},"product_brand":[],"product_cat":[169,175],"product_tag":[],"class_list":{"0":"post-12628","1":"product","2":"type-product","3":"status-publish","4":"has-post-thumbnail","6":"product_cat-hasenladen","7":"product_cat-kaninchenstall","8":"product_shipping_class-ok-mondial-relais-de","10":"first","11":"instock","12":"taxable","13":"shipping-taxable","14":"purchasable","15":"product-type-simple"},"_links":{"self":[{"href":"https:\/\/www.bunzyland.com\/de\/wp-json\/wp\/v2\/product\/12628","targetHints":{"allow":["GET"]}}],"collection":[{"href":"https:\/\/www.bunzyland.com\/de\/wp-json\/wp\/v2\/product"}],"about":[{"href":"https:\/\/www.bunzyland.com\/de\/wp-json\/wp\/v2\/types\/product"}],"replies":[{"embeddable":true,"href":"https:\/\/www.bunzyland.com\/de\/wp-json\/wp\/v2\/comments?post=12628"}],"wp:featuredmedia":[{"embeddable":true,"href":"https:\/\/www.bunzyland.com\/de\/wp-json\/wp\/v2\/media\/12113"}],"wp:attachment":[{"href":"https:\/\/www.bunzyland.com\/de\/wp-json\/wp\/v2\/media?parent=12628"}],"wp:term":[{"taxonomy":"product_brand","embeddable":true,"href":"https:\/\/www.bunzyland.com\/de\/wp-json\/wp\/v2\/product_brand?post=12628"},{"taxonomy":"product_cat","embeddable":true,"href":"https:\/\/www.bunzyland.com\/de\/wp-json\/wp\/v2\/product_cat?post=12628"},{"taxonomy":"product_tag","embeddable":true,"href":"https:\/\/www.bunzyland.com\/de\/wp-json\/wp\/v2\/product_tag?post=12628"}],"curies":[{"name":"wp","href":"https:\/\/api.w.org\/{rel}","templated":true}]}}