{"id":12629,"date":"2024-02-19T15:55:59","date_gmt":"2024-02-19T14:55:59","guid":{"rendered":"https:\/\/bunzyland.com\/product\/cocooning-kaninchenstall\/"},"modified":"2025-09-12T13:14:22","modified_gmt":"2025-09-12T11:14:22","slug":"cocooning-kaninchenstall","status":"publish","type":"product","link":"https:\/\/www.bunzyland.com\/de\/produkt\/cocooning-kaninchenstall\/","title":{"rendered":"Cocooning Kaninchenstall"},"content":{"rendered":"<h2>Ein Kaninchenstall f\u00fcr sein Wohlbefinden<\/h2>\n<p>Entdecken Sie dieses Nugget, das<strong> Cocooning-Kaninchenhaus<\/strong>! Es ist die ideale Wahl, um Ihrem Kaninchen einen pers\u00f6nlichen, komfortablen Raum zu bieten. Mit ihrem gestreiften Design und dem weichen Material ist diese <strong>H\u00fctte<\/strong> perfekt f\u00fcr die Ruhe und Entspannung Ihres Kaninchens. Es ist ein wahrer Kokon der Weichheit, in dem sich Ihr kleiner Liebling einkuscheln, verstecken und sicher f\u00fchlen kann.<\/p>\n<p>Der <strong>Kaninchenstall<\/strong> ist ger\u00e4umig genug, damit Ihr Kaninchen sich ausstrecken und entspannen kann, und dennoch kompakt genug, um problemlos in seinen Lebensraum zu passen. Die gro\u00dfe \u00d6ffnung erm\u00f6glicht Ihrem Kaninchen einen leichten Ein- und Ausstieg und f\u00f6rdert die Unabh\u00e4ngigkeit und Erkundung. Ihr Kaninchen wird sich darin sicher und geborgen f\u00fchlen und seine besten Nickerchen darin machen \ud83e\udd23.<\/p>\n<h3>Ein Spa\u00dfhaus f\u00fcr Hasenfans<\/h3>\n<p>Dieses charmante, <strong>gem\u00fctliche Kaninchenhaus<\/strong> wurde mit viel Liebe zum Detail entworfen. Mit seinen Hasenohren auf der Spitze und dem kleinen wei\u00dfen Bommel ist er f\u00fcr Hasenfans wie uns unwiderstehlich! Sie k\u00f6nnen ihn ganz einfach im Gehege Ihres Kaninchens oder in Ihrem Wohnzimmer aufstellen.<br \/>\nDas <strong>Kaninchenversteck<\/strong> ist au\u00dferdem leicht zu reinigen und garantiert eine schnelle und einfache Pflege.<\/p>\n<p>Unser <strong>Kaninchenhaus<\/strong> ist die ideale Wahl, um Ihrem Haustier einen bequemen Ruheplatz zu bieten und gleichzeitig einen Hauch von Fr\u00f6hlichkeit in Ihr Zuhause zu bringen.<\/p>\n<p><strong>Merkmale:<\/strong><\/p>\n<p><strong>Material<\/strong>: weicher Stoff<br \/>\n<strong>Gr\u00f6\u00dfe:<\/strong> B 23 x L 32 x H 30cm<br \/>\n<strong>Design:<\/strong> Gestreift mit Hasenohren<br \/>\n<strong>Das Kissen kann in der Maschine gewaschen werden<\/strong><\/p>\n","protected":false},"excerpt":{"rendered":"<ul>\n<li>Kaninchenstall mit Komfortkissen<\/li>\n<li>Ideales gem\u00fctliches Versteck<\/li>\n<li>Niedliches Design<\/li>\n<\/ul>\n","protected":false},"featured_media":12145,"comment_status":"closed","ping_status":"closed","template":"","meta":{"_seopress_robots_primary_cat":"none","_seopress_titles_title":"","_seopress_titles_desc":"La Maison pour lapin cocooning ist der bevorzugte R\u00fcckzugsort f\u00fcr Ihren Scho\u00dfhund. Diese Kabine aus Schafleder ist ideal f\u00fcr einen erholsamen Schlaf.","_seopress_robots_index":""},"product_brand":[],"product_cat":[169,175],"product_tag":[],"class_list":{"0":"post-12629","1":"product","2":"type-product","3":"status-publish","4":"has-post-thumbnail","6":"product_cat-hasenladen","7":"product_cat-kaninchenstall","8":"product_shipping_class-ok-mondial-relais-de","10":"first","11":"instock","12":"taxable","13":"shipping-taxable","14":"purchasable","15":"product-type-simple"},"_links":{"self":[{"href":"https:\/\/www.bunzyland.com\/de\/wp-json\/wp\/v2\/product\/12629","targetHints":{"allow":["GET"]}}],"collection":[{"href":"https:\/\/www.bunzyland.com\/de\/wp-json\/wp\/v2\/product"}],"about":[{"href":"https:\/\/www.bunzyland.com\/de\/wp-json\/wp\/v2\/types\/product"}],"replies":[{"embeddable":true,"href":"https:\/\/www.bunzyland.com\/de\/wp-json\/wp\/v2\/comments?post=12629"}],"wp:featuredmedia":[{"embeddable":true,"href":"https:\/\/www.bunzyland.com\/de\/wp-json\/wp\/v2\/media\/12145"}],"wp:attachment":[{"href":"https:\/\/www.bunzyland.com\/de\/wp-json\/wp\/v2\/media?parent=12629"}],"wp:term":[{"taxonomy":"product_brand","embeddable":true,"href":"https:\/\/www.bunzyland.com\/de\/wp-json\/wp\/v2\/product_brand?post=12629"},{"taxonomy":"product_cat","embeddable":true,"href":"https:\/\/www.bunzyland.com\/de\/wp-json\/wp\/v2\/product_cat?post=12629"},{"taxonomy":"product_tag","embeddable":true,"href":"https:\/\/www.bunzyland.com\/de\/wp-json\/wp\/v2\/product_tag?post=12629"}],"curies":[{"name":"wp","href":"https:\/\/api.w.org\/{rel}","templated":true}]}}