{"id":12630,"date":"2024-02-19T15:55:57","date_gmt":"2024-02-19T14:55:57","guid":{"rendered":"https:\/\/bunzyland.com\/product\/trio-von-hasenbaellen\/"},"modified":"2026-03-13T11:21:59","modified_gmt":"2026-03-13T10:21:59","slug":"trio-von-hasenbaellen","status":"publish","type":"product","link":"https:\/\/www.bunzyland.com\/de\/produkt\/trio-von-hasenbaellen\/","title":{"rendered":"Trio von Hasenb\u00e4llen"},"content":{"rendered":"<h2>Trio von Hasenb\u00e4llen: ein hasenfreundliches Knabberspiel<\/h2>\n<p>Das <strong>Rabbit Ball Trio<\/strong> ist das perfekte Spielset, um den Tag Ihres Kaninchens zu versch\u00f6nern. Es macht nicht nur Spa\u00df, diese B\u00e4lle zu schieben und zu rollen, sie sind auch aus nat\u00fcrlichen Materialien hergestellt, die f\u00fcr Ihr Kaninchen sicher sind. Jeder Ball bietet ein einzigartiges Spielerlebnis, das stundenlange Unterhaltung garantiert.<\/p>\n<p><img fetchpriority=\"high\" decoding=\"async\" class=\"alignnone wp-image-16165\" src=\"https:\/\/mon-lapinnain.com\/wp-content\/uploads\/2024\/01\/lot-de-balles-pour-lapin.png\" alt=\"Ballset f\u00fcr Kaninchen\" width=\"600\" height=\"600\"><\/p>\n<p>Dieses <strong>Kaninchen-Knabber-Set<\/strong> ist auch ideal zum Kauen geeignet. Die B\u00e4lle sind aus sicheren, nat\u00fcrlichen Materialien hergestellt, so dass Ihr Kaninchen sie ohne Bedenken anknabbern kann. Es ist eine gro\u00dfartige M\u00f6glichkeit, den nat\u00fcrlichen Knabberinstinkt Ihres Kaninchens zu befriedigen und gleichzeitig eine Quelle der Unterhaltung zu bieten.<br \/>\nKaninchen lieben es, zu knabbern und greifen manchmal sogar Ihre M\u00f6bel an. Geben Sie ihm also am besten dieses <strong>Kaninchenspielzeug<\/strong>, um seinen Knabberdrang zu stillen.<\/p>\n<p><img decoding=\"async\" class=\"alignnone wp-image-16163\" src=\"https:\/\/mon-lapinnain.com\/wp-content\/uploads\/2024\/01\/balles-pour-lapin.png\" alt=\"Kaninchenb\u00e4lle\" width=\"600\" height=\"600\"><\/p>\n<h3>Ein unentbehrliches Kaninchenspielzeug<\/h3>\n<p>Unser <strong>Trio von Kaninchenb\u00e4llen<\/strong> wurde entwickelt, um die k\u00f6rperliche <strong>Aktivit\u00e4t<\/strong> und Neugier Ihres Kaninchens zu stimulieren. Sie sind perfekt geeignet, um Ihr Kaninchen zu ermutigen, sich zu bewegen und beim Spielen seine Umgebung zu erkunden. Die verschiedenen Texturen und Farben der <strong>B\u00e4lle<\/strong> wecken das Interesse Ihres Kaninchens und halten es bei Laune.<\/p>\n<p><img decoding=\"async\" class=\"alignnone wp-image-16164\" src=\"https:\/\/mon-lapinnain.com\/wp-content\/uploads\/2024\/01\/balles-pour-lapin-a-grignoter.png\" alt=\"H\u00e4schen knabbern\" width=\"600\" height=\"600\"><\/p>\n<p>Dieses <strong>Spielzeug f\u00fcr Kaninchen<\/strong> ist perfekt f\u00fcr gemeinsame Momente des Lachens und Spielens mit Ihrem Kaninchen. Diese spielerischen Momente st\u00e4rken Ihre Bindung und f\u00fcllen Ihre Tage mit Freude und Komplizenschaft.<\/p>\n<p>Legen Sie dieses <strong>Set B\u00e4lle<\/strong> in das Gehege Ihres Kaninchens, entweder h\u00e4ngend oder auf dem Boden, und Ihr Kaninchen wird bald dazu kommen, sie zu beschnuppern und zu kosten. \ud83d\ude04<\/p>\n<p><strong>Merkmale:<\/strong><\/p>\n<ul>\n<li>Materialien: Hergestellt aus nat\u00fcrlichen, kaninchensicheren Materialien<\/li>\n<li>Gr\u00f6\u00dfe: 7,5 cm<\/li>\n<li>Satz mit 3 Kugeln<\/li>\n<\/ul>\n","protected":false},"excerpt":{"rendered":"<ul>\n<li>Kaninchenspielzeug<\/li>\n<li>3 Knabberkugeln<\/li>\n<li>Nat\u00fcrlich<\/li>\n<\/ul>\n","protected":false},"featured_media":12165,"comment_status":"closed","ping_status":"closed","template":"","meta":{"_seopress_robots_primary_cat":"none","_seopress_titles_title":"","_seopress_titles_desc":"","_seopress_robots_index":""},"product_brand":[],"product_cat":[169,177,172],"product_tag":[],"class_list":{"0":"post-12630","1":"product","2":"type-product","3":"status-publish","4":"has-post-thumbnail","6":"product_cat-hasenladen","7":"product_cat-kaninchen-kauspielzeug","8":"product_cat-spielzeug-fur-kaninchen","9":"product_shipping_class-ok-mondial-relais-de","11":"first","12":"instock","13":"taxable","14":"shipping-taxable","15":"purchasable","16":"product-type-simple"},"_links":{"self":[{"href":"https:\/\/www.bunzyland.com\/de\/wp-json\/wp\/v2\/product\/12630","targetHints":{"allow":["GET"]}}],"collection":[{"href":"https:\/\/www.bunzyland.com\/de\/wp-json\/wp\/v2\/product"}],"about":[{"href":"https:\/\/www.bunzyland.com\/de\/wp-json\/wp\/v2\/types\/product"}],"replies":[{"embeddable":true,"href":"https:\/\/www.bunzyland.com\/de\/wp-json\/wp\/v2\/comments?post=12630"}],"wp:featuredmedia":[{"embeddable":true,"href":"https:\/\/www.bunzyland.com\/de\/wp-json\/wp\/v2\/media\/12165"}],"wp:attachment":[{"href":"https:\/\/www.bunzyland.com\/de\/wp-json\/wp\/v2\/media?parent=12630"}],"wp:term":[{"taxonomy":"product_brand","embeddable":true,"href":"https:\/\/www.bunzyland.com\/de\/wp-json\/wp\/v2\/product_brand?post=12630"},{"taxonomy":"product_cat","embeddable":true,"href":"https:\/\/www.bunzyland.com\/de\/wp-json\/wp\/v2\/product_cat?post=12630"},{"taxonomy":"product_tag","embeddable":true,"href":"https:\/\/www.bunzyland.com\/de\/wp-json\/wp\/v2\/product_tag?post=12630"}],"curies":[{"name":"wp","href":"https:\/\/api.w.org\/{rel}","templated":true}]}}