{"id":12631,"date":"2024-02-19T15:55:56","date_gmt":"2024-02-19T14:55:56","guid":{"rendered":"https:\/\/bunzyland.com\/product\/gelbe-kaninchenschale\/"},"modified":"2025-09-12T17:22:04","modified_gmt":"2025-09-12T15:22:04","slug":"gelbe-kaninchenschale","status":"publish","type":"product","link":"https:\/\/www.bunzyland.com\/de\/produkt\/gelbe-kaninchenschale\/","title":{"rendered":"Gelbe Kaninchenschale"},"content":{"rendered":"<h2>Der gelbe Kaninchennapf ist ein Muss f\u00fcr Ihr Kaninchenzimmer<\/h2>\n<p>Die <strong>Yellow Rabbit Bowl<\/strong> bringt Freude und Farbe in das Leben Ihres Kaninchens. Keine unbequemen Positionen oder Muskel-Skelett-Erkrankungen mehr, die durch das F\u00fcttern mit der Flasche verursacht werden. Dieser h\u00fcbsche 600 ml schwere <strong>Kaninchentr\u00e4nke aus Keramik<\/strong> bietet eine nat\u00fcrliche, bequeme Trinkhaltung. Dadurch wird Ihr Kaninchen ermutigt, ohne Frustration richtig zu hydrieren.<\/p>\n<p>Dieser <strong>Kaninchennapf<\/strong> macht die l\u00e4stigen <strong>Tropfflaschen<\/strong> \u00fcberfl\u00fcssig. Ihr Kaninchen kann so viel trinken, wie es m\u00f6chte. Keine Mikroverletzungen an den Z\u00e4hnen mehr, die durch Metallteile in Futterflaschen verursacht werden; Ihr Kaninchen kann in aller Sicherheit trinken. Wie Sie sehen, ist es f\u00fcr die Gesundheit Ihres Kaninchens besser, aus einem <strong>Napf<\/strong> als aus einer <strong>Flasche<\/strong> zu trinken.<\/p>\n<h3>Eine Kaninchentr\u00e4nke f\u00fcr Wasser oder Futter<\/h3>\n<p>Als <a href=\"https:\/\/www.bunzyland.com\/de\/kaninchen-zubehoer\/\"><br \/>\n  <strong>Kaninchen-Zubeh\u00f6r<\/strong><br \/>\n<\/a>ist dieser <strong>gelbe Kaninchennapf<\/strong> so konzipiert, dass er nicht versch\u00fcttet wird. Sein schwerer, stabiler Keramiksockel sorgt daf\u00fcr, dass er an seinem Platz bleibt. Das bedeutet weniger versehentliche &#8222;Pf\u00fctzen&#8220; im Gehege und einen sauberen, trockenen Lebensraum.<\/p>\n<p>Sie k\u00f6nnen auch die <strong>Mahlzeit Ihres Kaninchens<\/strong> in dieses Kaninchenfutter geben. Mit einem Durchmesser von 14,5 cm ist er gro\u00df genug, um das t\u00e4gliche Gr\u00fcnzeug Ihres Kaninchens aufzunehmen.<\/p>\n<p>Der <strong>Kaninchennapf<\/strong> ist leicht zu reinigen und kann fern von schmutzigen Bereichen wie Katzentoiletten und Futterstellen aufgestellt werden. Sein leuchtendes, sonnengelbes Design verleiht dem Gehege oder Zimmer Ihres Kaninchens eine fr\u00f6hliche Note.<\/p>\n<p>Tipp: Sie k\u00f6nnen diesen Napf mit unserem Teller-Kaninchenfutter oder mit dem wei\u00dfen Kaninchennapf kombinieren. Eine f\u00fcr Nahrung, die andere f\u00fcr Wasser.<\/p>\n<p><strong>Merkmale:<\/strong><\/p>\n<ul>\n<li><strong>Materialien:<\/strong> Keramik<\/li>\n<li><strong>Gr\u00f6\u00dfe:<\/strong> 14,5 x 5,5cm hoch &#8211; Fassungsverm\u00f6gen 600ml<\/li>\n<li><strong>Design:<\/strong> Leuchtendes Gelb, das das Interesse und das Wohlbefinden Ihres Kaninchens anregt.<\/li>\n<\/ul>\n","protected":false},"excerpt":{"rendered":"<ul>\n<li>Gro\u00dfe Sch\u00fcssel<\/li>\n<li>Keramik<\/li>\n<li>Ideal f\u00fcr Wasser oder Mahlzeiten<\/li>\n<\/ul>\n","protected":false},"featured_media":12193,"comment_status":"closed","ping_status":"closed","template":"","meta":{"_seopress_robots_primary_cat":"none","_seopress_titles_title":"","_seopress_titles_desc":"Die Yellow Rabbit Bowl ist ein Kaninchennapf, der sich ideal zum Tr\u00e4nken oder F\u00fcttern Ihres Kaninchens eignet. Ein unverzichtbares Accessoire!","_seopress_robots_index":""},"product_brand":[],"product_cat":[169,205,189],"product_tag":[],"class_list":{"0":"post-12631","1":"product","2":"type-product","3":"status-publish","4":"has-post-thumbnail","6":"product_cat-hasenladen","7":"product_cat-kaninchen-trinkflasche","8":"product_cat-kaninchen-zubehoer","9":"product_shipping_class-ok-mondial-relais-de","11":"first","12":"instock","13":"taxable","14":"shipping-taxable","15":"purchasable","16":"product-type-simple"},"_links":{"self":[{"href":"https:\/\/www.bunzyland.com\/de\/wp-json\/wp\/v2\/product\/12631","targetHints":{"allow":["GET"]}}],"collection":[{"href":"https:\/\/www.bunzyland.com\/de\/wp-json\/wp\/v2\/product"}],"about":[{"href":"https:\/\/www.bunzyland.com\/de\/wp-json\/wp\/v2\/types\/product"}],"replies":[{"embeddable":true,"href":"https:\/\/www.bunzyland.com\/de\/wp-json\/wp\/v2\/comments?post=12631"}],"wp:featuredmedia":[{"embeddable":true,"href":"https:\/\/www.bunzyland.com\/de\/wp-json\/wp\/v2\/media\/12193"}],"wp:attachment":[{"href":"https:\/\/www.bunzyland.com\/de\/wp-json\/wp\/v2\/media?parent=12631"}],"wp:term":[{"taxonomy":"product_brand","embeddable":true,"href":"https:\/\/www.bunzyland.com\/de\/wp-json\/wp\/v2\/product_brand?post=12631"},{"taxonomy":"product_cat","embeddable":true,"href":"https:\/\/www.bunzyland.com\/de\/wp-json\/wp\/v2\/product_cat?post=12631"},{"taxonomy":"product_tag","embeddable":true,"href":"https:\/\/www.bunzyland.com\/de\/wp-json\/wp\/v2\/product_tag?post=12631"}],"curies":[{"name":"wp","href":"https:\/\/api.w.org\/{rel}","templated":true}]}}