{"id":12635,"date":"2024-02-19T15:56:01","date_gmt":"2024-02-19T14:56:01","guid":{"rendered":"https:\/\/bunzyland.com\/product\/kaninchenball\/"},"modified":"2025-09-12T13:26:43","modified_gmt":"2025-09-12T11:26:43","slug":"kaninchenball","status":"publish","type":"product","link":"https:\/\/bunzyland.com\/de\/produkt\/kaninchenball\/","title":{"rendered":"Kaninchenball"},"content":{"rendered":"\n<h2 class=\"wp-block-heading\"><strong>Kaninchenball: ein lustiges und verspieltes Spielzeug<\/strong><\/h2>\n\n<p>Der <strong>Kaninchenball<\/strong> ist ein entz\u00fcckendes Spielzeug<strong>f\u00fcr Kaninchen<\/strong>, ideal, um Ihren pelzigen Freund zu besch\u00e4ftigen und zu unterhalten.<\/p>\n\n<p>Kaninchen sind temperamentvolle Tiere, die Unfug treiben k\u00f6nnen, wenn ihnen langweilig ist. Ihr Kratzinstinkt kann Ihre M\u00f6bel oder Teppiche besch\u00e4digen.  <\/p>\n\n<figure class=\"wp-block-image\"><img decoding=\"async\" src=\"https:\/\/mon-lapinnain.com\/wp-content\/uploads\/2023\/04\/ballon-pour-lapin-jeu.gif\" alt=\"Hasenball Spielzeug\" class=\"wp-image-11842\"\/><\/figure>\n\n<p>Da kommt dieses <strong>Kaninchenspielzeug <\/strong>gerade recht. Es bietet Ihrem Haustier stundenlanges Spielvergn\u00fcgen und hilft gegen Langeweile.<\/p>\n\n<figure class=\"wp-block-image is-resized\"><img decoding=\"async\" src=\"https:\/\/mon-lapinnain.com\/wp-content\/uploads\/2023\/04\/balle-pour-lapin-jouet.jpg\" alt=\"Ball f&#xFC;r Kaninchen\" class=\"wp-image-11841\" style=\"width:auto;height:600px\"\/><\/figure>\n\n<p>Die runde Form dieses <strong>Spielzeugs f\u00fcr Kaninchen<\/strong> macht es noch unterhaltsamer f\u00fcr Ihren pelzigen Begleiter, der sich daran erfreuen kann, es in alle Richtungen zu rollen. Diese Art von Bewegung tr\u00e4gt zum k\u00f6rperlichen und geistigen Wohlbefinden Ihres Haustieres bei.<\/p>\n\n<h3 class=\"wp-block-heading\">Ein n\u00fctzliches und unterhaltsames Spielzeug f\u00fcr Kaninchen<\/h3>\n\n<p>Der<strong> Kaninchenball<\/strong> ist perfekt, um die Bindung zwischen Ihnen und Ihrem Haustier zu st\u00e4rken. Ihr Kaninchen wird es lieben, mit Ihnen und seinem <strong>Kaninchenspielzeug<\/strong> zu spielen, das Sie hin- und herwerfen k\u00f6nnen, wodurch eine starke Verbindung zwischen Ihnen beiden entsteht.<\/p>\n\n<figure class=\"wp-block-image is-resized\"><img decoding=\"async\" src=\"https:\/\/mon-lapinnain.com\/wp-content\/uploads\/2023\/04\/ballon-pour-lapin.jpg\" alt=\"Kaninchen Ballon\" class=\"wp-image-11846\" style=\"width:auto;height:600px\"\/><\/figure>\n\n<p>Wenn Ihr Kaninchen nicht kastriert ist, kann es versuchen, den Ball zu besteigen. Dieses<strong> Kaninchenspielzeug<\/strong> bietet ein sicheres Ventil f\u00fcr den nat\u00fcrlichen Fortpflanzungstrieb und die Spielzeit, ohne andere Haustiere zu verletzen oder Sch\u00e4den in Ihrer Wohnung zu verursachen.<\/p>\n\n<figure class=\"wp-block-image is-resized\"><img decoding=\"async\" src=\"https:\/\/mon-lapinnain.com\/wp-content\/uploads\/2023\/04\/jouet-pour-lapin-balle.jpg\" alt=\"Kaninchen Spielzeug Ball\" class=\"wp-image-11843\" style=\"width:auto;height:600px\"\/><\/figure>\n\n<p>Dieses <strong>Spielzeug f\u00fcr Kaninchen<\/strong> ist aus ungiftigem, weichem Stoff gefertigt und mit Baumwolle gef\u00fcllt. Es verf\u00fcgt \u00fcber alle notwendigen Eigenschaften f\u00fcr eine lustige gemeinsame Spielzeit. Au\u00dferdem kann es in der Waschmaschine gewaschen werden. Das ist wichtig, denn Ihr Haustier wird wahrscheinlich h\u00e4ufig darauf herumkauen und damit spielen und es \u00fcberall hinrollen. Eine regelm\u00e4\u00dfige Reinigung verhindert, dass Ihr Haustier krank wird oder sich sch\u00e4dliche Keime einf\u00e4ngt.<\/p>\n\n<p><strong>Merkmale:<\/strong><\/p>\n\n<ul class=\"wp-block-list\">\n<li>Farbe: Rosa, blau und gelb<\/li>\n\n\n\n<li>Gr\u00f6\u00dfe: 16cm \/ 6.3 in<\/li>\n<\/ul>\n\n<p>F\u00fcr noch mehr Spa\u00df f\u00fcr Ihren pelzigen Freund entdecken Sie unsere Auswahl an<a href=\"https:\/\/bunzyland.com\/de\/spielzeug-fur-kaninchen\/\"> Kaninchenspielzeug<\/a>, das speziell f\u00fcr sein Wohlbefinden und seine Freude entwickelt wurde.<\/p>\n","protected":false},"excerpt":{"rendered":"<ul>\n<li>Spielzeug f\u00fcr Kaninchen<\/li>\n<li>Ein Spiel zum Entspannen<\/li>\n<\/ul>\n","protected":false},"featured_media":12093,"comment_status":"closed","ping_status":"closed","template":"","meta":{"_seopress_robots_primary_cat":"none","_seopress_titles_title":"","_seopress_titles_desc":"Der Kaninchenball ist ein bezauberndes Kaninchenspielzeug, das Ihr Haustier unterh\u00e4lt und besch\u00e4ftigt. Praktisch, spielerisch und lustig! Es ist das perfekte Spielzeug f\u00fcr Kaninchen!","_seopress_robots_index":""},"product_brand":[],"product_cat":[169,172],"product_tag":[],"class_list":{"0":"post-12635","1":"product","2":"type-product","3":"status-publish","4":"has-post-thumbnail","6":"product_cat-hasenladen","7":"product_cat-spielzeug-fur-kaninchen","8":"product_shipping_class-ok-mondial-relais-de","10":"first","11":"outofstock","12":"taxable","13":"shipping-taxable","14":"purchasable","15":"product-type-simple"},"_links":{"self":[{"href":"https:\/\/bunzyland.com\/de\/wp-json\/wp\/v2\/product\/12635","targetHints":{"allow":["GET"]}}],"collection":[{"href":"https:\/\/bunzyland.com\/de\/wp-json\/wp\/v2\/product"}],"about":[{"href":"https:\/\/bunzyland.com\/de\/wp-json\/wp\/v2\/types\/product"}],"replies":[{"embeddable":true,"href":"https:\/\/bunzyland.com\/de\/wp-json\/wp\/v2\/comments?post=12635"}],"wp:featuredmedia":[{"embeddable":true,"href":"https:\/\/bunzyland.com\/de\/wp-json\/wp\/v2\/media\/12093"}],"wp:attachment":[{"href":"https:\/\/bunzyland.com\/de\/wp-json\/wp\/v2\/media?parent=12635"}],"wp:term":[{"taxonomy":"product_brand","embeddable":true,"href":"https:\/\/bunzyland.com\/de\/wp-json\/wp\/v2\/product_brand?post=12635"},{"taxonomy":"product_cat","embeddable":true,"href":"https:\/\/bunzyland.com\/de\/wp-json\/wp\/v2\/product_cat?post=12635"},{"taxonomy":"product_tag","embeddable":true,"href":"https:\/\/bunzyland.com\/de\/wp-json\/wp\/v2\/product_tag?post=12635"}],"curies":[{"name":"wp","href":"https:\/\/api.w.org\/{rel}","templated":true}]}}