{"id":13407,"date":"2025-08-01T16:53:23","date_gmt":"2025-08-01T14:53:23","guid":{"rendered":"https:\/\/bunzyland.com\/?post_type=product&#038;p=13407"},"modified":"2026-02-10T12:37:46","modified_gmt":"2026-02-10T11:37:46","slug":"kaubare-karotte","status":"publish","type":"product","link":"https:\/\/www.bunzyland.com\/de\/produkt\/kaubare-karotte\/","title":{"rendered":"Kaubare Karotte"},"content":{"rendered":"<p><\/p>\n<h2 class=\"wp-block-heading\" id=\"h-carotte-a-grignoter-le-jouet-pour-lapin-ideal-pour-l-occuper\">Kaubare Karotte \u2013 Das perfekte Kaninchenspielzeug, um sie zu besch\u00e4ftigen<\/h2>\n<p><\/p>\n<p>M\u00f6chten Sie Ihrem Kaninchen ein Spielzeug bieten, das es wirklich liebt? Diese kaubare Karotte ist darauf ausgelegt, die nat\u00fcrlichen Bed\u00fcrfnisse Ihres Kaninchens zu erf\u00fcllen. Hergestellt aus 100% nat\u00fcrlichen Pflanzenfasern, ist sie v\u00f6llig sicher und perfekt f\u00fcr endloses Kauen.<\/p>\n<p><\/p>\n<figure class=\"wp-block-image size-full is-resized\"><img decoding=\"async\" src=\"https:\/\/mon-lapinnain.com\/wp-content\/uploads\/2025\/07\/jouet-pour-lapin-a-grignoter.jpg\" alt=\"Spielzeug f\u00fcr Kaninchen zum Anknabbern\" class=\"wp-image-23574\" style=\"width:600px\" \/><\/figure>\n<p><\/p>\n<p>Ihre faserige Textur und die lustige Form machen sie sowohl unterhaltsam als auch n\u00fctzlich. Ihr Kaninchen kann darauf kauen, sie herumwerfen und damit spielen \u2013 und dabei gleichzeitig seine st\u00e4ndig nachwachsenden Z\u00e4hne pflegen. Mehr als nur ein Spielzeug, es ist ein Must-have f\u00fcr das Wohlbefinden Ihres Kaninchens.<\/p>\n<p><\/p>\n<h3 class=\"wp-block-heading\" id=\"h-ton-lapin-grignote-tout-voici-la-solution-ideale\">Ihr Kaninchen knabbert alles an? Hier ist die ideale L\u00f6sung<\/h3>\n<p><\/p>\n<p>Haben Sie genug davon, Ihr Mobiliar, Ihre Kabel oder Fu\u00dfleisten angeknabbert vorzufinden? Keine Sorge \u2013 das ist kein Fehlverhalten, sondern ein Bed\u00fcrfnis! Kaninchen kauen, um ihre Z\u00e4hne abzunutzen und Energie freizusetzen. Das Problem? Sie nehmen oft, was sie gerade finden \u2026 in Ihrem Zuhause.<\/p>\n<p><\/p>\n<p>Diese kaubare Karotte lenkt dieses Verhalten ganz nat\u00fcrlich um. Sie zieht Ihr Kaninchen an, bietet eine anregende Besch\u00e4ftigung und lenkt seine Aufmerksamkeit von Dingen ab, die es nicht anknabbern sollte. Sie sch\u00fctzen Ihr Zuhause und geben Ihrem Kaninchen eine gesunde Alternative.<\/p>\n<p><\/p>\n<figure class=\"wp-block-image size-full is-resized\"><img decoding=\"async\" src=\"https:\/\/mon-lapinnain.com\/wp-content\/uploads\/2025\/07\/jouet-pour-lapin-carotte.jpg\" alt=\"Spielzeug f\u00fcr Kaninchen Karotte\" class=\"wp-image-23575\" style=\"width:600px\" \/><\/figure>\n<p><\/p>\n<p><strong>Und das Beste?<\/strong> Dieses Kaninchenspielzeug wird schnell zum Lieblingsspielzeug. Sie stupsen es an, knabbern daran, tragen es herum \u2026 sie haben ihren Spa\u00df und Sie k\u00f6nnen endlich entspannen.<\/p>\n<p><\/p>\n<p>\ud83d\udca1 <strong>Profitipp:<\/strong> F\u00fcr noch bessere Ergebnisse legen Sie mehrere Kaninchenspielzeuge in das Gehege und in die Bereiche, die Ihr Kaninchen erkundet. Je mehr Auswahl es hat, desto geringer ist die Wahrscheinlichkeit, dass es an Ihren Sachen knabbert.<\/p>\n<p><\/p>\n<p><strong>Merkmale:<\/strong><\/p>\n<p><\/p>\n<ul class=\"wp-block-list\"><\/p>\n<li>Karottenf\u00f6rmiges Kauspielzeug<\/li>\n<p><\/p>\n<p><\/p>\n<li>100% nat\u00fcrlich (Sisal)<\/li>\n<p><\/p>\n<p><\/p>\n<li>L\u00e4nge: 18 cm<\/li>\n<p><\/p>\n<p><\/p>\n<li>Qualit\u00e4tsgepr\u00fcft<\/li>\n<p><\/ul>\n<p><\/p>\n<p>\u2728 Sie m\u00f6chten noch mehr tun? Entdecken Sie unsere gesamte Kollektion an <a href=\"https:\/\/www.bunzyland.com\/de\/spielzeug-fur-kaninchen\/\" data-type=\"link\" data-id=\"https:\/\/bunzyland.com\/toys-for-rabbit\/\">Kaninchen-Spielzeug<\/a> und schaffen Sie eine unterhaltsame, sichere Umgebung f\u00fcr Ihr Kaninchen! \ud83d\udc07<\/p>\n<p><\/p>","protected":false},"excerpt":{"rendered":"<ul>\n<li data-start=\"2261\" data-end=\"2288\">\n<p data-start=\"2263\" data-end=\"2288\"><strong data-start=\"2263\" data-end=\"2286\">Kaninchen-Spielzeug<\/strong><\/p>\n<\/li>\n<li data-start=\"2289\" data-end=\"2313\">\n<p data-start=\"2291\" data-end=\"2313\"><strong data-start=\"2291\" data-end=\"2311\">Gegen Langeweile<\/strong><\/p>\n<\/li>\n<li data-start=\"2314\" data-end=\"2335\" data-is-last-node=\"\">\n<p data-start=\"2316\" data-end=\"2335\" data-is-last-node=\"\"><strong data-start=\"2316\" data-end=\"2335\" data-is-last-node=\"\">100 % nat\u00fcrlich<\/strong><\/p>\n<\/li>\n<\/ul>\n","protected":false},"featured_media":13353,"comment_status":"closed","ping_status":"closed","template":"","meta":{"_seopress_robots_primary_cat":"none","_seopress_titles_title":"","_seopress_titles_desc":"","_seopress_robots_index":""},"product_brand":[],"product_cat":[177,172],"product_tag":[],"class_list":{"0":"post-13407","1":"product","2":"type-product","3":"status-publish","4":"has-post-thumbnail","6":"product_cat-kaninchen-kauspielzeug","7":"product_cat-spielzeug-fur-kaninchen","9":"first","10":"instock","11":"taxable","12":"shipping-taxable","13":"purchasable","14":"product-type-simple"},"_links":{"self":[{"href":"https:\/\/www.bunzyland.com\/de\/wp-json\/wp\/v2\/product\/13407","targetHints":{"allow":["GET"]}}],"collection":[{"href":"https:\/\/www.bunzyland.com\/de\/wp-json\/wp\/v2\/product"}],"about":[{"href":"https:\/\/www.bunzyland.com\/de\/wp-json\/wp\/v2\/types\/product"}],"replies":[{"embeddable":true,"href":"https:\/\/www.bunzyland.com\/de\/wp-json\/wp\/v2\/comments?post=13407"}],"wp:featuredmedia":[{"embeddable":true,"href":"https:\/\/www.bunzyland.com\/de\/wp-json\/wp\/v2\/media\/13353"}],"wp:attachment":[{"href":"https:\/\/www.bunzyland.com\/de\/wp-json\/wp\/v2\/media?parent=13407"}],"wp:term":[{"taxonomy":"product_brand","embeddable":true,"href":"https:\/\/www.bunzyland.com\/de\/wp-json\/wp\/v2\/product_brand?post=13407"},{"taxonomy":"product_cat","embeddable":true,"href":"https:\/\/www.bunzyland.com\/de\/wp-json\/wp\/v2\/product_cat?post=13407"},{"taxonomy":"product_tag","embeddable":true,"href":"https:\/\/www.bunzyland.com\/de\/wp-json\/wp\/v2\/product_tag?post=13407"}],"curies":[{"name":"wp","href":"https:\/\/api.w.org\/{rel}","templated":true}]}}