{"id":13411,"date":"2025-08-01T16:53:53","date_gmt":"2025-08-01T14:53:53","guid":{"rendered":"https:\/\/bunzyland.com\/?post_type=product&#038;p=13411"},"modified":"2025-10-03T12:29:52","modified_gmt":"2025-10-03T10:29:52","slug":"beige-saugmatte","status":"publish","type":"product","link":"https:\/\/www.bunzyland.com\/de\/produkt\/beige-saugmatte\/","title":{"rendered":"Beige Saugmatte"},"content":{"rendered":"<p><\/p>\n<h2 class=\"wp-block-heading\" id=\"h-un-tapis-absorbant-et-hygienique-pour-lapin\">Eine saugf\u00e4hige und hygienische Matte f\u00fcr Kaninchen<\/h2>\n<p><\/p>\n<p>M\u00f6chten Sie, dass Ihr <strong>Kaninchen<\/strong> seinen Platz genie\u00dft und dabei Ihr Zuhause sauber bleibt? Diese <strong>beige Saugmatte<\/strong> macht Ihr Leben viel einfacher! Mit ihrer gro\u00dfz\u00fcgigen Gr\u00f6\u00dfe von <strong>140 x 100 cm<\/strong> deckt sie eine gro\u00dfe Spiel- oder Ruhefl\u00e4che f\u00fcr Ihr <strong>Kaninchen<\/strong> ab \ud83d\udc30. Ihr Zweck? Sie nimmt Urin und Spritzer auf, verhindert unangenehme \u00dcberraschungen und h\u00e4lt den Bereich <strong>sauber und trocken<\/strong> \ud83d\ude4c.<\/p>\n<p><\/p>\n<figure class=\"wp-block-image size-full is-resized\"><img decoding=\"async\" src=\"https:\/\/mon-lapinnain.com\/wp-content\/uploads\/2025\/07\/drybed-lapin-tapis.jpg\" alt=\"drybed Kaninchen Matte\" class=\"wp-image-23551\" style=\"width:600px\" \/><\/figure>\n<p><\/p>\n<p>Diese <strong>waschbare Kaninchenmatte<\/strong> ist <strong>wiederverwendbar<\/strong> und ein Muss, wenn Ihr Kaninchen noch nicht ganz stubenrein ist. Sie ist <strong>maschinenwaschbar<\/strong> \u2013 keine endlose Reinigung und kein Haufen Einweg-Unterlagen mehr! \ud83e\uddfc Ist sie schmutzig, kommt sie einfach in die Waschmaschine und ist wie neu. Ihre neutrale <strong>beige Farbe<\/strong> f\u00fcgt sich dezent in Ihr Zuhause ein und h\u00e4lt Ihr Kaninchen gem\u00fctlich und trocken. Sie sparen Zeit, Geld und tun auch der <strong>Umwelt<\/strong> einen Gefallen \ud83c\udf0d.<\/p>\n<p><\/p>\n<figure class=\"wp-block-image size-full is-resized\"><img decoding=\"async\" src=\"https:\/\/mon-lapinnain.com\/wp-content\/uploads\/2025\/07\/tapis-pour-lapin-lavable.jpg\" alt=\"waschbare Kaninchenmatte\" class=\"wp-image-23555\" style=\"width:600px\" \/><\/figure>\n<p><\/p>\n<h3 class=\"wp-block-heading\" id=\"h-un-accessoire-pour-lapin-pratique-et-polyvalent\">Ein praktisches und vielseitiges Kaninchen-Accessoire<\/h3>\n<p><\/p>\n<p>Diese <strong>Saugmatte<\/strong> funktioniert \u00e4hnlich wie ein <strong>Drybed f\u00fcr Kaninchen<\/strong>: Sie h\u00e4lt die Pfoten Ihres Kaninchens angenehm trocken, indem sie Feuchtigkeit schnell aufnimmt \ud83d\udca7. Die <strong>ideale L\u00f6sung<\/strong> f\u00fcr Kaninchen, die in (teil-)freier Haltung oder im Gehege leben, denn Sie k\u00f6nnen die gesamte Bodenfl\u00e4che abdecken und eine <strong>hygienische, trockene Oberfl\u00e4che<\/strong> bieten \ud83d\udc30.<\/p>\n<p><\/p>\n<figure class=\"wp-block-image size-full is-resized\"><img decoding=\"async\" src=\"https:\/\/mon-lapinnain.com\/wp-content\/uploads\/2025\/07\/Tapis-absorbant-beige.jpg\" alt=\"Beige Saugmatte\" class=\"wp-image-23577\" style=\"width:600px\" \/><\/figure>\n<p><\/p>\n<p>Und das ist noch nicht alles \u2013 Sie k\u00f6nnen sie auch <strong>unter eine andere Matte<\/strong> legen, um den Bodenschutz zu erh\u00f6hen, vor allem, wenn Ihr Kaninchen zu kleinen Malheuren neigt. Das ist das <strong>perfekte Kaninchen-Accessoire<\/strong>, wenn Sie nach einer Matte suchen, die Ihren Boden sch\u00fctzt! \ud83d\udc96<\/p>\n<p><\/p>\n<p>Mit dieser <strong>saugf\u00e4higen Kaninchenmatte<\/strong> geh\u00f6ren unangenehme Ger\u00fcche und Schmutz der Vergangenheit an. Eine einfache, praktische und <strong>hygienische L\u00f6sung<\/strong>, die Ihren Alltag ver\u00e4ndert! \ud83d\udc07<\/p>\n<p><\/p>\n<figure class=\"wp-block-image size-full is-resized\"><img decoding=\"async\" src=\"https:\/\/mon-lapinnain.com\/wp-content\/uploads\/2025\/07\/tapis-absorbant-pour-lapin.jpg\" alt=\"Saugmatte f\u00fcr Kaninchen\" class=\"wp-image-23553\" style=\"width:600px\" \/><\/figure>\n<p><\/p>\n<p><strong>Eigenschaften:<\/strong><\/p>\n<p><\/p>\n<ul class=\"wp-block-list\"><\/p>\n<li><strong>Hygienische Matte f\u00fcr Kaninchen<\/strong><\/li>\n<p><\/p>\n<p><\/p>\n<li><strong>Gr\u00f6\u00dfe:<\/strong> 140 x 100 cm<\/li>\n<p><\/p>\n<p><\/p>\n<li><strong>Farbe:<\/strong> Beige<\/li>\n<p><\/p>\n<p><\/p>\n<li><strong>Maschinenwaschbar<\/strong> bei 40&nbsp;\u00b0C<\/li>\n<p><\/ul>\n<p><\/p>\n<p>\u26a0\ufe0f <strong>Eine praktische Matte, aber weniger bequem als unsere anderen Modelle<\/strong><br \/>Diese Matte wurde vor allem f\u00fcr die <strong>Aufnahme von Feuchtigkeit und Bodenschutz<\/strong> entworfen. Sie ist nicht so dick oder weich wie unsere anderen Matten, etwa die <strong><a href=\"https:\/\/www.bunzyland.com\/product\/non-slip-rabbit-mat\/\" data-type=\"link\" data-id=\"https:\/\/bunzyland.com\/product\/non-slip-rabbit-mat\/\">Gro\u00dfe Kaninchenmatte<\/a><\/strong>, die <strong><a href=\"https:\/\/www.bunzyland.com\/product\/mats-for-rabbits\/\" data-type=\"link\" data-id=\"https:\/\/bunzyland.com\/product\/mats-for-rabbits\/\">Zwergkaninchenmatte<\/a><\/strong> oder die <strong><a href=\"https:\/\/www.bunzyland.com\/product\/rabbit-mat-for-enclosure\/\" data-type=\"link\" data-id=\"https:\/\/bunzyland.com\/product\/rabbit-mat-for-enclosure\/\">Gehege-Kaninchenmatte<\/a><\/strong>, die speziell f\u00fcr empfindliche Pfoten gemacht sind und <strong>h\u00f6chsten Komfort<\/strong> bieten.<\/p>\n<p><\/p>\n<p><\/p>","protected":false},"excerpt":{"rendered":"<ul>\n<li data-start=\"2539\" data-end=\"2563\">\n<p data-start=\"2541\" data-end=\"2563\"><strong data-start=\"2541\" data-end=\"2561\">Kaninchenzubeh\u00f6r<\/strong><\/p>\n<\/li>\n<li data-start=\"2564\" data-end=\"2587\">\n<p data-start=\"2566\" data-end=\"2587\"><strong data-start=\"2566\" data-end=\"2585\">Waschbare Matte<\/strong><\/p>\n<\/li>\n<li data-start=\"2588\" data-end=\"2604\" data-is-last-node=\"\">\n<p data-start=\"2590\" data-end=\"2604\" data-is-last-node=\"\"><strong data-start=\"2590\" data-end=\"2604\" data-is-last-node=\"\">Hygienisch<\/strong><\/p>\n<\/li>\n<\/ul>\n","protected":false},"featured_media":13314,"comment_status":"closed","ping_status":"closed","template":"","meta":{"_seopress_robots_primary_cat":"none","_seopress_titles_title":"","_seopress_titles_desc":"","_seopress_robots_index":""},"product_brand":[],"product_cat":[195,189],"product_tag":[],"class_list":{"0":"post-13411","1":"product","2":"type-product","3":"status-publish","4":"has-post-thumbnail","6":"product_cat-kaninchen-matten","7":"product_cat-kaninchen-zubehoer","9":"first","10":"instock","11":"taxable","12":"shipping-taxable","13":"purchasable","14":"product-type-simple"},"_links":{"self":[{"href":"https:\/\/www.bunzyland.com\/de\/wp-json\/wp\/v2\/product\/13411","targetHints":{"allow":["GET"]}}],"collection":[{"href":"https:\/\/www.bunzyland.com\/de\/wp-json\/wp\/v2\/product"}],"about":[{"href":"https:\/\/www.bunzyland.com\/de\/wp-json\/wp\/v2\/types\/product"}],"replies":[{"embeddable":true,"href":"https:\/\/www.bunzyland.com\/de\/wp-json\/wp\/v2\/comments?post=13411"}],"wp:featuredmedia":[{"embeddable":true,"href":"https:\/\/www.bunzyland.com\/de\/wp-json\/wp\/v2\/media\/13314"}],"wp:attachment":[{"href":"https:\/\/www.bunzyland.com\/de\/wp-json\/wp\/v2\/media?parent=13411"}],"wp:term":[{"taxonomy":"product_brand","embeddable":true,"href":"https:\/\/www.bunzyland.com\/de\/wp-json\/wp\/v2\/product_brand?post=13411"},{"taxonomy":"product_cat","embeddable":true,"href":"https:\/\/www.bunzyland.com\/de\/wp-json\/wp\/v2\/product_cat?post=13411"},{"taxonomy":"product_tag","embeddable":true,"href":"https:\/\/www.bunzyland.com\/de\/wp-json\/wp\/v2\/product_tag?post=13411"}],"curies":[{"name":"wp","href":"https:\/\/api.w.org\/{rel}","templated":true}]}}