{"id":13418,"date":"2025-08-01T16:52:54","date_gmt":"2025-08-01T14:52:54","guid":{"rendered":"https:\/\/bunzyland.com\/?post_type=product&#038;p=13418"},"modified":"2025-10-03T07:35:21","modified_gmt":"2025-10-03T05:35:21","slug":"wassermelonen-spielzeug-fur-kaninchen","status":"publish","type":"product","link":"https:\/\/www.bunzyland.com\/de\/produkt\/wassermelonen-spielzeug-fur-kaninchen\/","title":{"rendered":"Wassermelonen-Spielzeug f\u00fcr Kaninchen"},"content":{"rendered":"<p><\/p>\n<h2 class=\"wp-block-heading\" id=\"h-jouet-pour-lapin-pasteque-un-jeu-malin-pour-lapinou-curieux\">Wassermelonen-Kaninchen-Spielzeug: ein cleveres Spiel f\u00fcr neugierige H\u00e4schen<\/h2>\n<p><\/p>\n<p>Dieses Kaninchenspielzeug ist ein kleines Juwel, um den neugierigen Geist deines H\u00e4schens zu stimulieren und es gleichzeitig zu unterhalten! \ud83c\udf49 Es kann auf zwei verschiedene Arten verwendet werden: Ausgebreitet wird es zu einer Kaninchen-Schn\u00fcffelmatte, auf der du Leckerlis zwischen den weichen Stoffbl\u00e4ttern verstecken kannst; zusammengefaltet wird es zu einem niedlichen, wassermelonenf\u00f6rmigen Ball, der perfekt geeignet ist, um ihn mit Heu oder kleinen \u00dcberraschungen zu f\u00fcllen.<\/p>\n<p><\/p>\n<figure class=\"wp-block-image size-full is-resized\"><img decoding=\"async\" src=\"https:\/\/mon-lapinnain.com\/wp-content\/uploads\/2025\/08\/Jouet-pour-lapin-anti-ennui.jpg\" alt=\"Anti-Langeweile-Spielzeug f\u00fcr Kaninchen\" class=\"wp-image-23874\" style=\"width:600px\" \/><\/figure>\n<p><\/p>\n<p>Dieses Spielzeug ist perfekt, um dein Kaninchen zu besch\u00e4ftigen und Langeweile vorzubeugen. Es stillt ihren nat\u00fcrlichen Buddel- und Futtersuchtrieb, h\u00e4lt sie aktiv und neugierig. Und durch das s\u00fc\u00dfe Wassermelonen-Design \ud83c\udf49 macht es einfach Freude! Kaninchen lieben es zu graben, zu ziehen und zu entdecken\u2026 und dieses Spielzeug unterst\u00fctzt all das und macht die gemeinsame Zeit spa\u00dfig, sanft und voller Verbundenheit.<\/p>\n<p><\/p>\n<figure class=\"wp-block-image size-full is-resized\"><img decoding=\"async\" src=\"https:\/\/mon-lapinnain.com\/wp-content\/uploads\/2025\/08\/Jouet-pour-lapin-Pasteque.jpg\" alt=\"Wassermelonen-Spielzeug f\u00fcr Kaninchen\" class=\"wp-image-23877\" style=\"width:600px\" \/><\/figure>\n<p><\/p>\n<h3 class=\"wp-block-heading\" id=\"h-comment-jouer-avec-son-lapin-grace-a-ce-tapis-de-fouille\">Wie spielt man mit seinem Kaninchen mit dieser Schn\u00fcffelmatte?<\/h3>\n<p><\/p>\n<p>Es ist super einfach \u2013 und dein Kaninchen wird es lieben! Falte das Wassermelonen-Spielzeug zur Matte aus und verstecke dann ein paar Leckerlis oder getrocknete Gem\u00fcse zwischen den Bl\u00e4ttern. Dein Kleines wird sofort anfangen zu schn\u00fcffeln, zu graben und nach ihren leckeren Belohnungen zu suchen \ud83c\udf42. Diese Spielzeit ist mehr als nur Ablenkung \u2013 sie ist ein echtes Bindungserlebnis zwischen euch beiden.<\/p>\n<p><\/p>\n<figure class=\"wp-block-image size-full\"><img decoding=\"async\" src=\"https:\/\/mon-lapinnain.com\/wp-content\/uploads\/2025\/08\/jeu-pour-lapin.gif\" alt=\"Kaninchen-Spielzeug\" class=\"wp-image-23872\" \/><\/figure>\n<p><\/p>\n<p>Es macht nicht nur Spa\u00df, sondern hilft deinem Kaninchen auch, konzentriert, aktiv und auf sanfte Weise angeregt zu bleiben. Und f\u00fcr dich ist es ein sch\u00f6nes Moment der Verbundenheit, wenn du deinem Kaninchen beim Erkunden und Denken zusiehst. Dieses originelle Kaninchenspielzeug bringt Freude in den Alltag und st\u00e4rkt eure besondere Bindung \ud83d\udc95<\/p>\n<p><\/p>\n<figure class=\"wp-block-image size-full is-resized\"><img decoding=\"async\" src=\"https:\/\/mon-lapinnain.com\/wp-content\/uploads\/2025\/08\/Jouet-pour-lapin-pas-cher.jpg\" alt=\"G\u00fcnstiges Kaninchenspielzeug\" class=\"wp-image-23876\" style=\"width:600px\" \/><\/figure>\n<p><\/p>\n<p><\/p>\n<p><strong>Merkmale:<\/strong><\/p>\n<p><\/p>\n<ul class=\"wp-block-list\"><\/p>\n<li>Anti-Langeweile-Spielzeug f\u00fcr Kaninchen<\/li>\n<p><\/p>\n<p><\/p>\n<li>Gr\u00f6\u00dfe: 37 x 26 cm<\/li>\n<p><\/ul>\n<p><\/p>\n<p>\ud83d\udc30 M\u00f6chtest du noch mehr Ideen, wie du mit deinem Kaninchen Spa\u00df haben kannst? Entdecke unsere komplette Auswahl an <a href=\"https:\/\/www.bunzyland.com\/de\/spielzeug-fur-kaninchen\/\" data-type=\"link\" data-id=\"https:\/\/bunzyland.com\/toys-for-rabbit\/\">Kaninchen-Spielzeug<\/a> \u2013 hier ist f\u00fcr jeden Geschmack und jede kleine Nase etwas dabei&#8230;<\/p>\n<p><\/p>","protected":false},"excerpt":{"rendered":"<ul>\n<li data-start=\"2159\" data-end=\"2192\">\n<p data-start=\"2161\" data-end=\"2192\"><strong data-start=\"2161\" data-end=\"2190\">Anti-Langeweile-Spielzeug<\/strong><\/p>\n<\/li>\n<li data-start=\"2193\" data-end=\"2223\">\n<p data-start=\"2195\" data-end=\"2223\"><strong data-start=\"2195\" data-end=\"2221\">Lustige Schn\u00fcffelmatte<\/strong><\/p>\n<\/li>\n<li data-start=\"2224\" data-end=\"2243\" data-is-last-node=\"\">\n<p data-start=\"2226\" data-end=\"2243\" data-is-last-node=\"\"><strong data-start=\"2226\" data-end=\"2243\" data-is-last-node=\"\">Witziger Ball<\/strong><\/p>\n<\/li>\n<\/ul>\n","protected":false},"featured_media":13365,"comment_status":"closed","ping_status":"closed","template":"","meta":{"_seopress_robots_primary_cat":"none","_seopress_titles_title":"","_seopress_titles_desc":"","_seopress_robots_index":""},"product_brand":[],"product_cat":[201,172],"product_tag":[],"class_list":{"0":"post-13418","1":"product","2":"type-product","3":"status-publish","4":"has-post-thumbnail","6":"product_cat-kaninchen-futtermatte","7":"product_cat-spielzeug-fur-kaninchen","9":"first","10":"instock","11":"taxable","12":"shipping-taxable","13":"purchasable","14":"product-type-simple"},"_links":{"self":[{"href":"https:\/\/www.bunzyland.com\/de\/wp-json\/wp\/v2\/product\/13418","targetHints":{"allow":["GET"]}}],"collection":[{"href":"https:\/\/www.bunzyland.com\/de\/wp-json\/wp\/v2\/product"}],"about":[{"href":"https:\/\/www.bunzyland.com\/de\/wp-json\/wp\/v2\/types\/product"}],"replies":[{"embeddable":true,"href":"https:\/\/www.bunzyland.com\/de\/wp-json\/wp\/v2\/comments?post=13418"}],"wp:featuredmedia":[{"embeddable":true,"href":"https:\/\/www.bunzyland.com\/de\/wp-json\/wp\/v2\/media\/13365"}],"wp:attachment":[{"href":"https:\/\/www.bunzyland.com\/de\/wp-json\/wp\/v2\/media?parent=13418"}],"wp:term":[{"taxonomy":"product_brand","embeddable":true,"href":"https:\/\/www.bunzyland.com\/de\/wp-json\/wp\/v2\/product_brand?post=13418"},{"taxonomy":"product_cat","embeddable":true,"href":"https:\/\/www.bunzyland.com\/de\/wp-json\/wp\/v2\/product_cat?post=13418"},{"taxonomy":"product_tag","embeddable":true,"href":"https:\/\/www.bunzyland.com\/de\/wp-json\/wp\/v2\/product_tag?post=13418"}],"curies":[{"name":"wp","href":"https:\/\/api.w.org\/{rel}","templated":true}]}}