{"id":15500,"date":"2025-10-17T13:25:57","date_gmt":"2025-10-17T11:25:57","guid":{"rendered":"https:\/\/bunzyland.com\/?post_type=product&#038;p=15500"},"modified":"2025-10-17T13:25:57","modified_gmt":"2025-10-17T11:25:57","slug":"hasenspielzeug-mystery-rad","status":"publish","type":"product","link":"https:\/\/www.bunzyland.com\/de\/produkt\/hasenspielzeug-mystery-rad\/","title":{"rendered":"Hasenspielzeug Mystery-Rad"},"content":{"rendered":"<p><\/p>\n<h2 class=\"wp-block-heading\" id=\"h-jouet-pour-lapin-roue-mystere-le-jeu-malin-et-ludique\">Hasenspielzeug Mystery-Rad: das clevere und lustige Spiel\ud83e\udde0 <\/h2>\n<p><\/p>\n<p><\/p>\n<p>Dein Kaninchen verdient mehr als nur ein einfaches Accessoire: Es m\u00f6chte Spa\u00df haben, nachdenken und entdecken &#8230; Und genau das bietet das <strong>Mystery-Rad<\/strong>, ein <strong>Hasenspielzeug<\/strong>, das ebenso niedlich wie schlau ist \ud83d\udc9b.<\/p>\n<p><\/p>\n<p><\/p>\n<figure class=\"wp-block-image size-full is-resized\"><img decoding=\"async\" src=\"https:\/\/mon-lapinnain.com\/wp-content\/uploads\/2025\/09\/Jouet-pour-lapin-activite.jpg\" alt=\"Hasenspielzeug Aktivit\u00e4t\" class=\"wp-image-24426\" style=\"width:600px\" \/><\/figure>\n<p><\/p>\n<p><\/p>\n<p>Dieses <strong>Hasenspielzeug<\/strong> funktioniert mit einem drehbaren F\u00e4chersystem, in denen du kleine Leckerlis oder Fruchtst\u00fccke wie Apfel verstecken kannst. Dein Kaninchen muss sie dann finden!<\/p>\n<p><\/p>\n<p><\/p>\n<figure class=\"wp-block-image size-full is-resized\"><img decoding=\"async\" src=\"https:\/\/mon-lapinnain.com\/wp-content\/uploads\/2025\/09\/jouet-lapin-drole.gif\" alt=\"witziges Hasenspielzeug\" class=\"wp-image-24425\" style=\"width:400px\" \/><\/figure>\n<p><\/p>\n<p><\/p>\n<p>Es ist ein <strong>Kaninchen-Spielzeug<\/strong>, das den Geruchssinn, das Ged\u00e4chtnis, die Konzentration &#8230; und nat\u00fcrlich den Appetit \ud83d\ude0b anregt. Perfekt, um deinen Liebling zu besch\u00e4ftigen, w\u00e4hrend du arbeitest, oder um gemeinsam eine sch\u00f6ne Zeit zu verbringen. Wenn du dich fragst, <strong>wie du sinnvoll und spa\u00dfig mit deinem Kaninchen spielen kannst<\/strong>, ist dieses Spiel optimal f\u00fcr euch beide!<\/p>\n<p><\/p>\n<p><\/p>\n<figure class=\"wp-block-image size-full is-resized\"><img decoding=\"async\" src=\"https:\/\/mon-lapinnain.com\/wp-content\/uploads\/2025\/09\/Jouet-pour-lapin-intelligent-2.jpg\" alt=\"Intelligentes Hasenspielzeug\" class=\"wp-image-24429\" style=\"width:600px\" \/><\/figure>\n<p><\/p>\n<p><\/p>\n<h3 class=\"wp-block-heading\" id=\"h-un-jouet-d-intelligence-pour-lapin-qui-change-tout\">Ein Intelligenzspielzeug f\u00fcr Kaninchen, das alles ver\u00e4ndert \ud83c\udfaf <\/h3>\n<p><\/p>\n<p><\/p>\n<p>Dies ist kein gew\u00f6hnliches Spielzeug. Das <strong>Mystery-Rad<\/strong> ist ein <strong>Intelligenzspielzeug f\u00fcr Kaninchen<\/strong>, das entwickelt wurde, um die mentale Stimulation zu f\u00f6rdern und Langeweile zu vermeiden. Perfekt f\u00fcr Kaninchen im <strong>Gehege oder in teilweiser Freihaltung<\/strong>, durchbricht es die Routine und passt dank seines sanften und schlichten Looks perfekt in dein Zuhause \ud83c\udf3c.<\/p>\n<p><\/p>\n<p><\/p>\n<figure class=\"wp-block-image size-full is-resized\"><img decoding=\"async\" src=\"https:\/\/mon-lapinnain.com\/wp-content\/uploads\/2025\/09\/Jouet-pour-lapin-roue-1.jpg\" alt=\"Hasenspielzeug Rad\" class=\"wp-image-24430\" style=\"width:600px\" \/><\/figure>\n<p><\/p>\n<p><\/p>\n<p>Ob dein Kaninchen besonders verspielt oder eher naschhaft ist, es wird das System schnell verstehen &#8230; und nicht mehr darauf verzichten wollen! Au\u00dferdem isst es seine Leckerbissen langsamer und bewegt sich mehr. Die perfekte Kombination f\u00fcr sein Wohlbefinden.\ud83d\ude00<\/p>\n<p><\/p>\n<p><\/p>\n<p>Eigenschaften: <\/p>\n<p><\/p>\n<p><\/p>\n<ul class=\"wp-block-list\"><\/p>\n<li>Hasenspielzeug zum gemeinsamen Spielen<\/li>\n<p><\/p>\n<p><\/p>\n<li>Material: Hartplastik <\/li>\n<p><\/p>\n<p><\/p>\n<li>Farbe: Gelb<\/li>\n<p><\/ul>\n<p><\/p>\n<p><\/p>\n<p>\ud83d\udc49 Und wenn du noch weitergehen willst, schau dir unsere komplette Kollektion an <strong>Kaninchen-Spielzeugen<\/strong>, <strong>Intelligenzspielen<\/strong> und weiteren \u00dcberraschungen an, die du hier entdecken kannst \ud83e\uddfa\ud83d\udc95<\/p>\n<p><\/p>\n<p><\/p>\n<p><\/p>","protected":false},"excerpt":{"rendered":"<p>\u2705 Intelligentes &amp; leckeres Spiel zugleich<br data-start=\"241\" data-end=\"244\" \/>\u2705 Von Kaninchen getestet und genehmigt<br data-start=\"287\" data-end=\"290\" \/>\ud83d\ude31 Sehr wenig auf Lager, warte nicht zu lange!<\/p>\n","protected":false},"featured_media":14620,"comment_status":"closed","ping_status":"closed","template":"","meta":{"_seopress_robots_primary_cat":"","_seopress_titles_title":"","_seopress_titles_desc":"","_seopress_robots_index":""},"product_brand":[],"product_cat":[172],"product_tag":[],"class_list":{"0":"post-15500","1":"product","2":"type-product","3":"status-publish","4":"has-post-thumbnail","6":"product_cat-spielzeug-fur-kaninchen","8":"first","9":"outofstock","10":"taxable","11":"shipping-taxable","12":"purchasable","13":"product-type-simple"},"_links":{"self":[{"href":"https:\/\/www.bunzyland.com\/de\/wp-json\/wp\/v2\/product\/15500","targetHints":{"allow":["GET"]}}],"collection":[{"href":"https:\/\/www.bunzyland.com\/de\/wp-json\/wp\/v2\/product"}],"about":[{"href":"https:\/\/www.bunzyland.com\/de\/wp-json\/wp\/v2\/types\/product"}],"replies":[{"embeddable":true,"href":"https:\/\/www.bunzyland.com\/de\/wp-json\/wp\/v2\/comments?post=15500"}],"wp:featuredmedia":[{"embeddable":true,"href":"https:\/\/www.bunzyland.com\/de\/wp-json\/wp\/v2\/media\/14620"}],"wp:attachment":[{"href":"https:\/\/www.bunzyland.com\/de\/wp-json\/wp\/v2\/media?parent=15500"}],"wp:term":[{"taxonomy":"product_brand","embeddable":true,"href":"https:\/\/www.bunzyland.com\/de\/wp-json\/wp\/v2\/product_brand?post=15500"},{"taxonomy":"product_cat","embeddable":true,"href":"https:\/\/www.bunzyland.com\/de\/wp-json\/wp\/v2\/product_cat?post=15500"},{"taxonomy":"product_tag","embeddable":true,"href":"https:\/\/www.bunzyland.com\/de\/wp-json\/wp\/v2\/product_tag?post=15500"}],"curies":[{"name":"wp","href":"https:\/\/api.w.org\/{rel}","templated":true}]}}