{"id":15502,"date":"2025-10-17T13:25:53","date_gmt":"2025-10-17T11:25:53","guid":{"rendered":"https:\/\/bunzyland.com\/?post_type=product&#038;p=15502"},"modified":"2025-10-17T13:25:53","modified_gmt":"2025-10-17T11:25:53","slug":"kaninchenhaus-schloss","status":"publish","type":"product","link":"https:\/\/www.bunzyland.com\/de\/produkt\/kaninchenhaus-schloss\/","title":{"rendered":"Kaninchenhaus Schloss"},"content":{"rendered":"<p><\/p>\n<h2 class=\"wp-block-heading\" id=\"h-cabane-lapin-chateau-un-vrai-palais-pour-ton-lapin\">Kaninchenhaus Schloss: ein richtiges Schloss f\u00fcr dein Kaninchen \ud83c\udff0<\/h2>\n<p><\/p>\n<p><\/p>\n<p>Wie w\u00e4re es, wenn du deinem Kaninchen das <strong>Haus seiner Tr\u00e4ume<\/strong> schenkst? Dieses <strong>Kaninchenhaus Schloss<\/strong> ist viel mehr als nur ein <strong>Unterschlupf<\/strong>: Es ist ein echtes <strong>Kaninchenheim<\/strong>, das seiner Majest\u00e4t w\u00fcrdig ist! Mit seinen kleinen Fenstern, der mittigen Rampe und den wuchtigen <strong>Schlossmauern<\/strong> kann dein Kaninchen spielen, klettern, erkunden und sich ausruhen &#8230; wie ein wahrer K\u00f6nig (oder eine wahre K\u00f6nigin) \ud83d\udc51<\/p>\n<p><\/p>\n<p><\/p>\n<figure class=\"wp-block-image size-full is-resized\"><img decoding=\"async\" src=\"https:\/\/mon-lapinnain.com\/wp-content\/uploads\/2025\/09\/Chateau-lapin-cabane.jpg\" alt=\"Schloss Kaninchenhaus\" class=\"wp-image-24439\" style=\"width:600px\" \/><\/figure>\n<p><\/p>\n<p><\/p>\n<p>Gefertigt aus nat\u00fcrlichem Holz, passt sich dieses <strong>Kaninchenhaus<\/strong> perfekt in ein <strong>Gehege oder einen Freilaufbereich<\/strong> ein. Es bietet deinem Kaninchen ein <strong>sicheres Versteck<\/strong>, einen Aussichtspunkt in der H\u00f6he und einen ruhigen Platz f\u00fcr das Mittagsschl\u00e4fchen.<br \/>Es ist gleichzeitig ein <strong>Kaninchenversteck<\/strong>, ein Spielplatz und ein <strong>Kaninchenheim<\/strong>, das seinen nat\u00fcrlichen Instinkt f\u00f6rdert, ohne das Wohlbefinden zu beeintr\u00e4chtigen.<\/p>\n<p><\/p>\n<p><\/p>\n<p>Und au\u00dferdem? Es ist niedlich, robust und einfach aufzubauen \ud83d\udc3e<\/p>\n<p><\/p>\n<p><\/p>\n<figure class=\"wp-block-image size-full is-resized\"><img decoding=\"async\" src=\"https:\/\/mon-lapinnain.com\/wp-content\/uploads\/2025\/09\/cabane-pour-lapin-1.jpg\" alt=\"Kaninchenhaus\" class=\"wp-image-24438\" style=\"width:600px\" \/><\/figure>\n<p><\/p>\n<p><\/p>\n<h3 class=\"wp-block-heading\">Ein Kaninchenschloss aus Holz zum Spielen, Verstecken und Wohlf\u00fchlen \ud83d\udc95<\/h3>\n<p><\/p>\n<p><\/p>\n<p>Dieses <strong>Holzhaus<\/strong> ist so konzipiert, dass es die echten Bed\u00fcrfnisse deines Freundes erf\u00fcllt: er kann sich verstecken, wann immer er m\u00f6chte, sich bewegen, klettern, erkunden &#8230; und vor allem einen ganz eigenen Bereich besitzen.<br \/>Dank des cleveren Designs regt dieses <strong>Schloss f\u00fcr Kaninchen<\/strong> sein nat\u00fcrliches Verhalten an und hilft ihm, sich geborgen und sicher zu f\u00fchlen. Das <strong>Kaninchenhaus<\/strong> wird schnell zu <strong>seinem Lieblingsplatz<\/strong> \u2013 der Ort, an den er geht, wenn er seine Ruhe will, aber auch, wo er voller Energie herumh\u00fcpft.<\/p>\n<p><\/p>\n<p><\/p>\n<figure class=\"wp-block-image size-full is-resized\"><img decoding=\"async\" src=\"https:\/\/mon-lapinnain.com\/wp-content\/uploads\/2025\/09\/cabane-lapin.jpg\" alt=\"Kaninchenh\u00fctte\" class=\"wp-image-24436\" style=\"width:600px\" \/><\/figure>\n<p><\/p>\n<p><\/p>\n<p>Du wirst sehen, sobald er sich daran gew\u00f6hnt hat, wird er dort seine Tage mit Erkunden, Klettern und Verstecken verbringen. Dieses <strong>Kaninchenschloss aus Holz<\/strong> wird <strong>sein Lieblingsversteck<\/strong> \u2026 und deins auch, allein schon beim Zuschauen \ud83d\udc95<\/p>\n<p><\/p>\n<p><\/p>\n<p>Eigenschaften:<\/p>\n<p><\/p>\n<p><\/p>\n<ul class=\"wp-block-list\"><\/p>\n<li>Schloss f\u00fcr Kaninchen aus Holz<\/li>\n<p><\/p>\n<p><\/p>\n<li>Material: Naturbelassenes unbehandeltes Holz<\/li>\n<p><\/p>\n<p><\/p>\n<li>Gr\u00f6\u00dfe: L\u00e4nge 83cm &#8211; H\u00f6he 34cm &#8211; Breite: 29cm<\/li>\n<p><\/ul>\n<p><\/p>\n<p><\/p>\n<figure class=\"wp-block-image size-full is-resized\"><img decoding=\"async\" src=\"https:\/\/mon-lapinnain.com\/wp-content\/uploads\/2025\/09\/grand-chateau-lapin.jpg\" alt=\"gro\u00dfes Kaninchenschloss\" class=\"wp-image-24516\" style=\"width:600px\" \/><\/figure>\n<p><\/p>\n<p><\/p>\n<p>\u2728 M\u00f6chtest du sein Reich erweitern? Entdecke unsere Sammlung an Kaninchenh\u00e4usern und Kaninchenheimen und schaffe ihm eine Welt ganz nach seinem Geschmack \ud83c\udfe1\ud83d\udc07<\/p>\n<p><\/p>\n<p><\/p>\n<p><\/p>","protected":false},"excerpt":{"rendered":"<p>\u2705 Holzhaus speziell f\u00fcr Kaninchen<br \/>\n<strong data-start=\"326\" data-end=\"367\"><span style=\"font-weight: 400\">\u2705 <\/span><\/strong>Sein R\u00fcckzugsort f\u00fcr kleine K\u00f6nige (oder K\u00f6niginnen!)<br data-start=\"367\" data-end=\"370\" \/>\u23f3 <strong data-start=\"372\" data-end=\"404\">Begrenzter Vorrat, warte nicht zu lange!<\/strong><\/p>\n","protected":false},"featured_media":14655,"comment_status":"closed","ping_status":"closed","template":"","meta":{"_seopress_robots_primary_cat":"","_seopress_titles_title":"","_seopress_titles_desc":"","_seopress_robots_index":""},"product_brand":[],"product_cat":[175],"product_tag":[],"class_list":{"0":"post-15502","1":"product","2":"type-product","3":"status-publish","4":"has-post-thumbnail","6":"product_cat-kaninchenstall","8":"first","9":"outofstock","10":"taxable","11":"shipping-taxable","12":"purchasable","13":"product-type-simple"},"_links":{"self":[{"href":"https:\/\/www.bunzyland.com\/de\/wp-json\/wp\/v2\/product\/15502","targetHints":{"allow":["GET"]}}],"collection":[{"href":"https:\/\/www.bunzyland.com\/de\/wp-json\/wp\/v2\/product"}],"about":[{"href":"https:\/\/www.bunzyland.com\/de\/wp-json\/wp\/v2\/types\/product"}],"replies":[{"embeddable":true,"href":"https:\/\/www.bunzyland.com\/de\/wp-json\/wp\/v2\/comments?post=15502"}],"wp:featuredmedia":[{"embeddable":true,"href":"https:\/\/www.bunzyland.com\/de\/wp-json\/wp\/v2\/media\/14655"}],"wp:attachment":[{"href":"https:\/\/www.bunzyland.com\/de\/wp-json\/wp\/v2\/media?parent=15502"}],"wp:term":[{"taxonomy":"product_brand","embeddable":true,"href":"https:\/\/www.bunzyland.com\/de\/wp-json\/wp\/v2\/product_brand?post=15502"},{"taxonomy":"product_cat","embeddable":true,"href":"https:\/\/www.bunzyland.com\/de\/wp-json\/wp\/v2\/product_cat?post=15502"},{"taxonomy":"product_tag","embeddable":true,"href":"https:\/\/www.bunzyland.com\/de\/wp-json\/wp\/v2\/product_tag?post=15502"}],"curies":[{"name":"wp","href":"https:\/\/api.w.org\/{rel}","templated":true}]}}