{"id":15504,"date":"2025-10-17T13:25:55","date_gmt":"2025-10-17T11:25:55","guid":{"rendered":"https:\/\/bunzyland.com\/?post_type=product&#038;p=15504"},"modified":"2025-10-17T13:25:55","modified_gmt":"2025-10-17T11:25:55","slug":"graues-kaninchenhaus","status":"publish","type":"product","link":"https:\/\/www.bunzyland.com\/de\/produkt\/graues-kaninchenhaus\/","title":{"rendered":"Graues Kaninchenhaus"},"content":{"rendered":"<p><\/p>\n<h2 class=\"wp-block-heading\" id=\"h-cabane-pour-lapin-grise-un-cocon-rassurant-pour-ton-lapinou\">Graues Kaninchenhaus: ein beruhigender Kokon f\u00fcr dein Kaninchen<\/h2>\n<p><\/p>\n<p><\/p>\n<p>Schenke deinem Kaninchen einen ganz eigenen, gem\u00fctlichen, sicheren und niedlichen R\u00fcckzugsort. Dieses <strong>graue Kaninchenhaus<\/strong> ist viel mehr als nur ein einfaches Accessoire: Es ist sein <strong>Lieblingsversteck<\/strong>, in das es sich zum Ausruhen zur\u00fcckzieht, wenn es Ruhe braucht&#8230; oder einfach mal dem Alltag entfliehen will. Die Form eines kleinen, geschlossenen <strong>Kaninchenh\u00e4uschens<\/strong> mit abgerundetem Eingang vermittelt ein echtes Gef\u00fchl von Geborgenheit.<\/p>\n<p><\/p>\n<p><\/p>\n<figure class=\"wp-block-image size-full is-resized\"><img decoding=\"async\" src=\"https:\/\/mon-lapinnain.com\/wp-content\/uploads\/2025\/09\/cabane-lapin-1.jpg\" alt=\"Kaninchenhaus\" class=\"wp-image-24444\" style=\"width:600px\" \/><\/figure>\n<p><\/p>\n<p><\/p>\n<p>Und im Inneren? Ein <strong>weiches, herausnehmbares Kissen<\/strong>, auf dem es sich zum Mittagsschlaf ganz entspannt zusammenrollen kann. Und glaub mir, sobald es das entdeckt hat, m\u00f6chte es gar nicht mehr woanders schlafen \ud83d\udca4<\/p>\n<p><\/p>\n<p><\/p>\n<figure class=\"wp-block-image size-full is-resized\"><img decoding=\"async\" src=\"https:\/\/mon-lapinnain.com\/wp-content\/uploads\/2025\/09\/cabane-lapin-maison.jpg\" alt=\"Kaninchenhaus Zuhause\" class=\"wp-image-24448\" style=\"width:600px\" \/><\/figure>\n<p><\/p>\n<p><\/p>\n<p>Das ist mehr als nur ein <strong>Versteck f\u00fcr Kaninchen<\/strong>: Es ist sein <strong>eigenes kleines H\u00e4uschen<\/strong>, in dem es sich gesch\u00fctzt f\u00fchlt. Das schlichte Design passt \u00fcberall in deine Wohnung und findet leicht einen Platz im <strong>Gehege<\/strong> oder <strong>seinem Bereich<\/strong>.<\/p>\n<p><\/p>\n<p><\/p>\n<h3 class=\"wp-block-heading\" id=\"h-une-cachette-pour-lapin-douce-rassurante-et-stylee\">Ein weiches, beruhigendes und stylisches Kaninchenversteck<\/h3>\n<p><\/p>\n<p><\/p>\n<p>Kaninchen sind sensible Tiere, die ein Sicherheitsgef\u00fchl brauchen. Ein <strong>Kaninchenh\u00e4uschen<\/strong> wie dieses erf\u00fcllt genau dieses Bed\u00fcrfnis: Es ist ein <strong>perfektes Versteck f\u00fcr Kaninchen<\/strong>, um sich zu beruhigen, zu schlafen oder sich in Stressmomenten zu verstecken.<\/p>\n<p><\/p>\n<p><\/p>\n<figure class=\"wp-block-image size-full is-resized\"><img decoding=\"async\" src=\"https:\/\/mon-lapinnain.com\/wp-content\/uploads\/2025\/09\/Cabane-lapin-confortable-grise.jpg\" alt=\"Bequemes graues Kaninchenhaus\" class=\"wp-image-24446\" style=\"width:600px\" \/><\/figure>\n<p><\/p>\n<p><\/p>\n<p>Das <strong>Kaninchenhaus<\/strong> ist ger\u00e4umig genug f\u00fcr ein ausgewachsenes Zwergkaninchen, aber trotzdem gem\u00fctlich und einh\u00fcllend. Der weiche, strukturierte Au\u00dfenstoff und das flauschige Innenkissen sorgen f\u00fcr sofortigen Wohlf\u00fchlkomfort.<br \/>Es ist au\u00dferdem eine sch\u00f6ne Alternative zu einem klassischen <strong>Kaninchenhaus<\/strong>: w\u00e4rmer, niedlicher&#8230; und definitiv noch beliebter \ud83d\udc07\ud83d\udc99<\/p>\n<p><\/p>\n<p><\/p>\n<p>Ein gl\u00fcckliches Kaninchen ist eines, das <strong>einen kleinen Platz f\u00fcr sich zum Wohlf\u00fchlen<\/strong> hat.<\/p>\n<p><\/p>\n<p><\/p>\n<figure class=\"wp-block-image size-full is-resized\"><img decoding=\"async\" src=\"https:\/\/mon-lapinnain.com\/wp-content\/uploads\/2025\/09\/maison-lapin-pas-cher.jpg\" alt=\"g\u00fcnstiges Kaninchenhaus\" class=\"wp-image-24449\" style=\"width:600px\" \/><\/figure>\n<p><\/p>\n<p><\/p>\n<p>Eigenschaften:<\/p>\n<p><\/p>\n<p><\/p>\n<ul class=\"wp-block-list\"><\/p>\n<li>Kaninchenhaus<\/li>\n<p><\/p>\n<p><\/p>\n<li>Farbe: Grau <\/li>\n<p><\/p>\n<p><\/p>\n<li>Materialien: Weicher Stoff<\/li>\n<p><\/p>\n<p><\/p>\n<li>Ma\u00dfe: B 36cm x L 36cm x H 36cm<\/li>\n<p><\/ul>\n<p><\/p>\n<p><\/p>\n<p><\/p>\n<p><\/p>\n<p>\u2728 Und wenn du noch mehr Ideen f\u00fcr <strong>eine gem\u00fctliche Ecke<\/strong> m\u00f6chtest, entdecke unsere gesamte Kaninchenhaus-Kollektion und Kaninchenh\u00e4user \ud83d\udc30\ud83d\udc95<br \/>Dort findet dein Kaninchen sicher <strong>sein neues Lieblingsversteck<\/strong>.<\/p>\n<p><\/p>","protected":false},"excerpt":{"rendered":"<p>\u2705 Beruhigendes Versteck f\u00fcr dein Kaninchen\ud83c\udfe0<br \/>\u2705 Sein Lieblingsplatz zum Schlafen und Verstecken\ud83d\udca4<br \/>\ud83d\ude31 Sehr begrenzter Vorrat, mach deinem Liebling jetzt eine Freude!<\/p>\n","protected":false},"featured_media":14680,"comment_status":"closed","ping_status":"closed","template":"","meta":{"_seopress_robots_primary_cat":"","_seopress_titles_title":"","_seopress_titles_desc":"","_seopress_robots_index":""},"product_brand":[],"product_cat":[175],"product_tag":[],"class_list":{"0":"post-15504","1":"product","2":"type-product","3":"status-publish","4":"has-post-thumbnail","6":"product_cat-kaninchenstall","8":"first","9":"instock","10":"taxable","11":"shipping-taxable","12":"purchasable","13":"product-type-simple"},"_links":{"self":[{"href":"https:\/\/www.bunzyland.com\/de\/wp-json\/wp\/v2\/product\/15504","targetHints":{"allow":["GET"]}}],"collection":[{"href":"https:\/\/www.bunzyland.com\/de\/wp-json\/wp\/v2\/product"}],"about":[{"href":"https:\/\/www.bunzyland.com\/de\/wp-json\/wp\/v2\/types\/product"}],"replies":[{"embeddable":true,"href":"https:\/\/www.bunzyland.com\/de\/wp-json\/wp\/v2\/comments?post=15504"}],"wp:featuredmedia":[{"embeddable":true,"href":"https:\/\/www.bunzyland.com\/de\/wp-json\/wp\/v2\/media\/14680"}],"wp:attachment":[{"href":"https:\/\/www.bunzyland.com\/de\/wp-json\/wp\/v2\/media?parent=15504"}],"wp:term":[{"taxonomy":"product_brand","embeddable":true,"href":"https:\/\/www.bunzyland.com\/de\/wp-json\/wp\/v2\/product_brand?post=15504"},{"taxonomy":"product_cat","embeddable":true,"href":"https:\/\/www.bunzyland.com\/de\/wp-json\/wp\/v2\/product_cat?post=15504"},{"taxonomy":"product_tag","embeddable":true,"href":"https:\/\/www.bunzyland.com\/de\/wp-json\/wp\/v2\/product_tag?post=15504"}],"curies":[{"name":"wp","href":"https:\/\/api.w.org\/{rel}","templated":true}]}}