{"id":15516,"date":"2025-10-17T13:26:07","date_gmt":"2025-10-17T11:26:07","guid":{"rendered":"https:\/\/bunzyland.com\/?post_type=product&#038;p=15516"},"modified":"2025-10-17T13:26:07","modified_gmt":"2025-10-17T11:26:07","slug":"kaninchenhutte-jade","status":"publish","type":"product","link":"https:\/\/www.bunzyland.com\/de\/produkt\/kaninchenhutte-jade\/","title":{"rendered":"Kaninchenh\u00fctte Jade"},"content":{"rendered":"<p><\/p>\n<h2 class=\"wp-block-heading\" id=\"h-cabane-lapin-jade-un-tunnel-dodo-d-exception\">Kaninchenh\u00fctte Jade: ein au\u00dfergew\u00f6hnlicher Kuscheltunnel \ud83d\udc30<\/h2>\n<p><\/p>\n<p><\/p>\n<p>Es gibt <strong>niedliches Zubeh\u00f6r<\/strong>\u2026 und dann gibt es die <strong>Kaninchenh\u00fctte Jade<\/strong>. Ein echtes Schmuckst\u00fcck, handgefertigt, aus sanftem, hellgr\u00fcnem Stoff mit h\u00fcbschen Kaninchenmotiven \ud83e\uddfa. Nur f\u00fcr deinen kleinen Schatz wurde dieses <strong>Kaninchenhaus<\/strong> als eine <strong>Kuscheloase<\/strong> entworfen: Hier f\u00fchlt es sich gesch\u00fctzt, geborgen und vollkommen zu Hause.<\/p>\n<p><\/p>\n<p><\/p>\n<figure class=\"wp-block-image size-full is-resized\"><img decoding=\"async\" src=\"https:\/\/mon-lapinnain.com\/wp-content\/uploads\/2025\/09\/Maison-lapin-lit.jpg\" alt=\"Kaninchenhaus Bett\" class=\"wp-image-24373\" style=\"width:600px\" \/><\/figure>\n<p><\/p>\n<p><\/p>\n<p>Das ist ein <strong>perfektes Versteck f\u00fcr Kaninchen<\/strong>, um sich ungest\u00f6rt auszuruhen. Sobald es hineingeht, entspannt es sich. Es rollt sich zusammen, schlie\u00dft die Augen \u2026 Dieses <strong>Kaninchenhaus<\/strong> ist sein R\u00fcckzugsort in einer oft lauten Welt. Seine <strong>Kaninchenh\u00fctte<\/strong>, sein kleiner Hafen der Ruhe.<\/p>\n<p><\/p>\n<p><\/p>\n<figure class=\"wp-block-image size-full is-resized\"><img decoding=\"async\" src=\"https:\/\/mon-lapinnain.com\/wp-content\/uploads\/2025\/09\/maison-lapin-tunnel-dodo.jpg\" alt=\"Kaninchenhaus Kuscheltunnel\" class=\"wp-image-24374\" style=\"width:600px\" \/><\/figure>\n<p><\/p>\n<p><\/p>\n<p>Die Polsterung des <strong>Tunnels<\/strong> und des herausnehmbaren <strong>flachen Kissens<\/strong> ist wunderbar weich und die Verarbeitung \u2026 einfach bezaubernd. Das ist ein <strong>wirklich au\u00dfergew\u00f6hnliches Produkt<\/strong>, weit entfernt von industriellen H\u00fctten. Jedes St\u00fcck ist ein Unikat \u2013 genau wie dein Kaninchen.<\/p>\n<p><\/p>\n<p><\/p>\n<h3 class=\"wp-block-heading\">Ein niedliches Kaninchenbett, das perfekt zu deiner Einrichtung passt \u2728<\/h3>\n<p><\/p>\n<p><\/p>\n<p>Die <strong>Kaninchenh\u00fctte Jade<\/strong> braucht kaum Platz, macht aber alles anders. Im Gehege oder einer ruhigen Ecke wird sie <strong>sein Lieblingsplatz<\/strong>. Ein <strong>Tunnel<\/strong>, ein <strong>Versteck<\/strong>, ein <strong>Kaninchenbett<\/strong>: alles in einem, mit Stil und Z\u00e4rtlichkeit.<\/p>\n<p><\/p>\n<p><\/p>\n<figure class=\"wp-block-image size-full is-resized\"><img decoding=\"async\" src=\"https:\/\/mon-lapinnain.com\/wp-content\/uploads\/2025\/09\/Cabane-lapin-tunnel-1.jpg\" alt=\"Kaninchenh\u00fctte Tunnel\" class=\"wp-image-24370\" style=\"width:600px\" \/><\/figure>\n<p><\/p>\n<p><\/p>\n<p>Und das ist noch nicht alles \u2026 Dank der <strong>Tunnelform<\/strong> wird die <strong>Jade-H\u00fctte<\/strong> auch zu einem unwiderstehlichen Abenteuerspielplatz. Dein Kaninchen kann hindurchrennen, vor und zur\u00fcck flitzen und sich so richtig austoben, wann immer es mag. <\/p>\n<p><\/p>\n<p><\/p>\n<figure class=\"wp-block-image size-full is-resized\"><img decoding=\"async\" src=\"https:\/\/mon-lapinnain.com\/wp-content\/uploads\/2025\/09\/motif-cabane-lapin.jpg\" alt=\"Motiv Kaninchenh\u00fctte\" class=\"wp-image-24376\" style=\"width:600px\" \/><\/figure>\n<p><\/p>\n<p><\/p>\n<p>Es ist mehr als ein simples <strong>Bettchen<\/strong>: Es ist ein <strong>lebendiges Accessoire<\/strong>, das sich an seinen Rhythmus anpasst \u2013 ganz gleich, ob es toben will, oder sich entspannen m\u00f6chte. Eine <strong>Kaninchenh\u00fctte<\/strong>, die ebenso viel Freude wie Geborgenheit bringt \ud83d\udc3e\ud83d\udca8<\/p>\n<p><\/p>\n<p><\/p>\n<p>Eigenschaften:<\/p>\n<p><\/p>\n<p><\/p>\n<ul class=\"wp-block-list\"><\/p>\n<li><strong>Tunnelh\u00fctte f\u00fcr Kaninchen<\/strong><\/li>\n<p><\/p>\n<p><\/p>\n<li>Farbe: Hellgr\u00fcn mit Kaninchenmotiv<\/li>\n<p><\/p>\n<p><\/p>\n<li>Gr\u00f6\u00dfe: l 40 cm x B 25 cm<\/li>\n<p><\/p>\n<p><\/p>\n<li>Waschempfehlung: Tunnel per Hand waschen<br \/>Flaches Kissen im W\u00e4schesack bei 30\u00b0C in der Maschine waschbar<\/li>\n<p><\/ul>\n<p><\/p>\n<p><\/p>\n<p><\/p>\n<p><\/p>\n<p>\ud83d\udc49 F\u00fcr noch mehr Kuschelkomfort schau dir auch unsere <strong>Kaninchenh\u00fctten<\/strong> an, die mit Liebe gefertigt werden, sowie unsere <strong>Kaninchentunnel<\/strong> \u2013 kuschelig und auf maximalen Komfort f\u00fcr dein Kaninchen ausgelegt \ud83d\udc30\ud83d\udc9b<\/p>\n<p><\/p>\n<p><\/p>\n<p><\/p>\n<p><\/p>\n<p><\/p>\n","protected":false},"excerpt":{"rendered":"<p>\u2705 Handgemacht mit Liebe <br \/>\u2705 Sein neues Lieblingsversteck <br \/>\ud83d\ude31\u00a0<strong data-start=\"289\" data-end=\"313\">Sehr limitierte Auflage<\/strong>: schnell ausverkauft! \u00a0<\/p>\n","protected":false},"featured_media":14465,"comment_status":"closed","ping_status":"closed","template":"","meta":{"_seopress_robots_primary_cat":"","_seopress_titles_title":"","_seopress_titles_desc":"","_seopress_robots_index":""},"product_brand":[],"product_cat":[193,175,183],"product_tag":[],"class_list":{"0":"post-15516","1":"product","2":"type-product","3":"status-publish","4":"has-post-thumbnail","6":"product_cat-kaninchenbett","7":"product_cat-kaninchenstall","8":"product_cat-kaninchentunnel","10":"first","11":"instock","12":"taxable","13":"shipping-taxable","14":"purchasable","15":"product-type-simple"},"_links":{"self":[{"href":"https:\/\/www.bunzyland.com\/de\/wp-json\/wp\/v2\/product\/15516","targetHints":{"allow":["GET"]}}],"collection":[{"href":"https:\/\/www.bunzyland.com\/de\/wp-json\/wp\/v2\/product"}],"about":[{"href":"https:\/\/www.bunzyland.com\/de\/wp-json\/wp\/v2\/types\/product"}],"replies":[{"embeddable":true,"href":"https:\/\/www.bunzyland.com\/de\/wp-json\/wp\/v2\/comments?post=15516"}],"wp:featuredmedia":[{"embeddable":true,"href":"https:\/\/www.bunzyland.com\/de\/wp-json\/wp\/v2\/media\/14465"}],"wp:attachment":[{"href":"https:\/\/www.bunzyland.com\/de\/wp-json\/wp\/v2\/media?parent=15516"}],"wp:term":[{"taxonomy":"product_brand","embeddable":true,"href":"https:\/\/www.bunzyland.com\/de\/wp-json\/wp\/v2\/product_brand?post=15516"},{"taxonomy":"product_cat","embeddable":true,"href":"https:\/\/www.bunzyland.com\/de\/wp-json\/wp\/v2\/product_cat?post=15516"},{"taxonomy":"product_tag","embeddable":true,"href":"https:\/\/www.bunzyland.com\/de\/wp-json\/wp\/v2\/product_tag?post=15516"}],"curies":[{"name":"wp","href":"https:\/\/api.w.org\/{rel}","templated":true}]}}